{"id":6561,"date":"2020-08-27T23:07:36","date_gmt":"2020-08-28T02:07:36","guid":{"rendered":"https:\/\/posadalosalamos.com\/de\/quienes-somos\/"},"modified":"2024-08-14T13:39:32","modified_gmt":"2024-08-14T16:39:32","slug":"uber-uns","status":"publish","type":"page","link":"https:\/\/posadalosalamos.com\/de\/uber-uns\/","title":{"rendered":"\u00dcber Uns"},"content":{"rendered":"<section class=\"wpb-content-wrapper\"><p>[vc_row css=&#8220;.vc_custom_1681757524030{margin-top: -100px !important;}&#8220;][vc_column]\n\t\t\t<!-- START el hotel REVOLUTION SLIDER 6.6.16 --><p class=\"rs-p-wp-fix\"><\/p>\n\t\t\t<rs-module-wrap id=\"rev_slider_61_1_wrapper\" data-source=\"gallery\" style=\"visibility:hidden;background:transparent;padding:0;margin:0px auto;margin-top:0;margin-bottom:0;\">\n\t\t\t\t<rs-module id=\"rev_slider_61_1\" style=\"\" data-version=\"6.6.16\">\n\t\t\t\t\t<rs-slides style=\"overflow: hidden; position: absolute;\">\n\t\t\t\t\t\t<rs-slide style=\"position: absolute;\" data-key=\"rs-84\" data-title=\"Slide\" data-anim=\"ms:760;r:0;\" data-in=\"o:0;\" data-out=\"a:false;\">\n\t\t\t\t\t\t\t<img decoding=\"async\" src=\"\/\/posadalosalamos.com\/wp-content\/plugins\/revslider\/public\/assets\/assets\/dummy.png\" alt=\"\" class=\"rev-slidebg tp-rs-img rs-lazyload\" data-lazyload=\"\/\/posadalosalamos.com\/wp-content\/uploads\/2020\/10\/foto-aerea-de-posada-I-en-construccion.jpg\" data-bg=\"p:left bottom;\" data-panzoom=\"d:10000;ss:120%;se:100%;\" data-no-retina>\n<!---->\t\t\t\t\t\t<\/rs-slide>\n\t\t\t\t\t<\/rs-slides>\n\t\t\t\t<\/rs-module>\n\t\t\t\t<script>\n\t\t\t\t\tsetREVStartSize({c: 'rev_slider_61_1',rl:[1240,1240,1240,480],el:[600,600,600,720],gw:[1500,1500,1500,480],gh:[600,600,600,720],type:'standard',justify:'',layout:'fullwidth',mh:\"0\"});if (window.RS_MODULES!==undefined && window.RS_MODULES.modules!==undefined && window.RS_MODULES.modules[\"revslider611\"]!==undefined) {window.RS_MODULES.modules[\"revslider611\"].once = false;window.revapi61 = undefined;if (window.RS_MODULES.checkMinimal!==undefined) window.RS_MODULES.checkMinimal()}\n\t\t\t\t<\/script>\n\t\t\t<\/rs-module-wrap>\n\t\t\t<!-- END REVOLUTION SLIDER -->\n[vc_empty_space][\/vc_column][\/vc_row][vc_row full_width=&#8220;stretch_row_content&#8220; equal_height=&#8220;yes&#8220; margin_top=&#8220;-65px&#8220; type=&#8220;2&#8243; el_class=&#8220;pagina-pre&#8220;][vc_column width=&#8220;1\/6&#8243;][\/vc_column][vc_column width=&#8220;4\/6&#8243; el_class=&#8220;pagina-pre&#8220;][vc_row_inner equal_height=&#8220;yes&#8220;][vc_column_inner el_class=&#8220;pagina&#8220; width=&#8220;1\/2&#8243;][vc_empty_space height=&#8220;40px&#8220;][vc_column_text css_animation=&#8220;fadeInDown&#8220; css=&#8220;.vc_custom_1683384429554{padding-top: 30px !important;padding-right: 30px !important;padding-bottom: 30px !important;padding-left: 30px !important;background-color: #fcfcfc !important;}&#8220;]<\/p>\n<h1 style=\"text-align: left;\">Eine kleine Geschichte<\/h1>\n<h6>POSADA LOS \u00c1LAMOS WURDE 1984 MIT NUR 11 ZIMMERN ER\u00d6FFNET<\/h6>\n<p>1989 hatte das Hotel bereits 66 Zimmer, davon 2 Suiten. Der El Aljibe Fr\u00fchst\u00fccksbereich und eine neue Rezeption wurden gebaut.<\/p>\n<p>Ohne die Herzlichkeit und Freundlichkeit unserer Mitarbeiter aus den Augen zu verlieren, ist unser Wachstum in den folgenden Jahren konstant geblieben und unsre Infrastruktur, Komfort und angebotenen Dienstleistungen haben sich verbessert.<\/p>\n<p>Heute hat Los Alamos \u00fcber 144 Zimmer, die seinen G\u00e4sten unvergessliche Momente inmitten einer warmen und freundlichen Stimmung in der besten Umgebung der Welt bieten.[\/vc_column_text][vc_empty_space height=&#8220;62px&#8220;][\/vc_column_inner][vc_column_inner width=&#8220;1\/2&#8243; css=&#8220;.vc_custom_1603726432833{background-position: center !important;background-repeat: no-repeat !important;background-size: cover !important;}&#8220;][vc_empty_space height=&#8220;20px&#8220;][vc_video link=&#8220;https:\/\/www.youtube.com\/watch?v=tCD2z4LcJHY&#8220; align=&#8220;center&#8220;][\/vc_column_inner][\/vc_row_inner][\/vc_column][vc_column width=&#8220;1\/6&#8243;][\/vc_column][\/vc_row][vc_row][vc_column][vc_empty_space][\/vc_column][\/vc_row][vc_row full_width=&#8220;stretch_row_content&#8220; margin_top=&#8220;25px&#8220; type=&#8220;2&#8243; el_class=&#8220;pagina-pre&#8220;][vc_column width=&#8220;1\/6&#8243;][\/vc_column][vc_column width=&#8220;4\/6&#8243; el_class=&#8220;pagina-pre&#8220;][vc_row_inner equal_height=&#8220;yes&#8220;][vc_column_inner el_class=&#8220;pagina&#8220; width=&#8220;2\/3&#8243;][vc_column_text css_animation=&#8220;fadeInDown&#8220; css=&#8220;.vc_custom_1683384472108{padding-top: 30px !important;padding-right: 30px !important;padding-bottom: 30px !important;padding-left: 30px !important;background-color: #fcfcfc !important;}&#8220;]<\/p>\n<h2>Eine wahre Liebesgeschichte<\/h2>\n<h6>VON ANGELA GIROMETTI DE GUATTI \u2013 GR\u00dcNDUNGSPARTNER DES HOTEL POSADA LOS \u00c1LAMOS<\/h6>\n<p>Als h\u00e4tte ihm das Leben gesagt, dass er nicht immer an meiner Seite sein w\u00fcrde, sagte mir H\u00e9ctor Mario eines Tages:<\/p>\n<p>\u2013 Was w\u00fcrdest du gerne selbst leiten?<\/p>\n<p>\u2013 Ein kleines Hotel, mach mir ein kleines Hotel!, antwortete ich.<\/p>\n<p>Es war das Jahr 1982, Maxi ist in unser Familienleben getreten, in dem bereits Mauro Pablo und Mario Piero schon waren.<\/p>\n<p>\u2013 Das ist das letzte St\u00fcck Land, das ich dir zeige, niemand will es, weil es \u00fcberflutbar ist, sagte Pocho Ramos, B\u00fcrgermeister der Gemeinde, besorgt.<\/p>\n<p>Es war ein Osternachmittag im Jahr 1983. Wir lebten in der Esuco-Werkstatt, heute in der N\u00e4he des Busbahnhofs. Ich sah ihn den H\u00fcgel hinaufgehen und einen gro\u00dfen Eisenreifen rollen. Er kam gl\u00fccklich, gelassen, sicher.<\/p>\n<p>&#8211; Komm! Lass uns ein St\u00fcck Land schauen, das wie ein kleines Paradies aussieht! \u2013 sagte er mir.<\/p>\n<p>Dort endete die Stra\u00dfe, vor dem Haus von Bautista Maldonado auf der linken Seite und Barrag\u00e1n Rolando auf der rechten Seite. Der schmale Pfad f\u00fchrte uns zu einer dichten Wiese aus Schierling, die fast unsere H\u00f6he hatte. Unsere Augen haben sich getroffen und haben zugesagt, das war ein &#8222;kleines Paradies&#8220;, auch von alten Pappeln umgeben, die, wie wir sp\u00e4ter erfuhren, von Nationalparks gepflanzt wurden. Genau in diesem Moment hatte die Handlung des Tuns begonnen.<\/p>\n<p>Das \u201ekleine Hotel\u201c hatte seinen Platz gefunden. Im Oktober 1984 er\u00f6ffneten Ingenieur H\u00e9ctor Mario Guatti und Mariangela Girometti die Posada Los \u00c1lamos mit 11 Zimmern. W\u00e4hrend des Baus wurde keine Pappel gef\u00e4llt.<\/p>\n<p>Wir haben acht Jahre ununterbrochen gebaut. Wir versuchten st\u00e4ndig, das, was wir getan hatten, zu bereichern. Das brachte uns in das Konzept des HOTEL POSADA LOS \u00c1LAMOS ****. Es war das Jahr 1991. Eines Tages, entlang des Steinwegs, der das Hotel mit der H\u00fctte verband, blickte ich zur\u00fcck und sah das gesamte Hotel mit seinen 84 bereits fertiggestellten Zimmern, das beleuchtete Restaurant La Posta, den Tennisplatz, den Paddelplatz, der Paltz des zuk\u00fcnftigen Golfplatzes, sagte er zu mir: &#8222;&#8230;das zu tun, das zu bauen, hat mich der gl\u00fccklichste Mensch der Welt gemacht&#8230;&#8220;<\/p>\n<p>Am 6. November 1993 f\u00fchrte ihn Gott, in Begleitung seiner beiden \u00e4lteren S\u00f6hne, die schon berufst\u00e4tig waren, und vieler Freunde, zu einer weiteren Mission in eine andere Welt.<\/p>\n<p>Seine Hartn\u00e4ckigkeit angesichts der vielen Widrigkeiten, die er in seinem kurzen Leben bew\u00e4ltigen musste, war ein Beispiel, das uns erm\u00f6glichte vorw\u00e4rts zu kommen, ohne jemals aufzugeben.<\/p>\n<p>Und wir bauen weiter.<\/p>\n<p>Heute haben wir 144 Zimmer. Meine Kinder, die mich bei diesem Unternehmen unterst\u00fctzen, meine Schwiegert\u00f6chter und meine Enkelkinder Mateo, Mora, Martina, Santina, Matias, Paz, Marcos und Maitena, werden Ihnen die Geschichte erz\u00e4hlen, die sie aufbauen werden.[\/vc_column_text][\/vc_column_inner][vc_column_inner width=&#8220;1\/3&#8243; css=&#8220;.vc_custom_1723653559903{background-image: url(https:\/\/posadalosalamos.com\/wp-content\/uploads\/2024\/06\/HAB-2-scaled.jpg?id=11149) !important;background-position: center !important;background-repeat: no-repeat !important;background-size: cover !important;}&#8220; offset=&#8220;vc_hidden-sm vc_hidden-xs&#8220;][\/vc_column_inner][\/vc_row_inner][\/vc_column][vc_column width=&#8220;1\/6&#8243;][\/vc_column][\/vc_row][vc_row][vc_column][vc_empty_space height=&#8220;52px&#8220;][\/vc_column][\/vc_row][vc_row margin_top=&#8220;10px&#8220; type=&#8220;2&#8243; el_class=&#8220;pagina-pre&#8220;][vc_column][vc_media_grid element_width=&#8220;2&#8243; gap=&#8220;20&#8243; grid_id=&#8220;vc_gid:1723653533117-325423f2-2f5d-2&#8243; include=&#8220;350,349,348,347,346,345,344,343,342,341,340,339,338,337,336,333,332,330,329,328,327,326&#8243;][\/vc_column][\/vc_row][vc_row][vc_column][vc_empty_space height=&#8220;52px&#8220;][\/vc_column][\/vc_row]<\/p>\n<\/section>","protected":false},"excerpt":{"rendered":"<p>[vc_row css=&#8220;.vc_custom_1681757524030{margin-top: -100px !important;}&#8220;][vc_column][vc_empty_space][\/vc_column][\/vc_row][vc_row full_width=&#8220;stretch_row_content&#8220; equal_height=&#8220;yes&#8220; margin_top=&#8220;-65px&#8220; type=&#8220;2&#8243; el_class=&#8220;pagina-pre&#8220;][vc_column width=&#8220;1\/6&#8243;][\/vc_column][vc_column width=&#8220;4\/6&#8243; el_class=&#8220;pagina-pre&#8220;][vc_row_inner equal_height=&#8220;yes&#8220;][vc_column_inner el_class=&#8220;pagina&#8220; width=&#8220;1\/2&#8243;][vc_empty_space height=&#8220;40px&#8220;][vc_column_text css_animation=&#8220;fadeInDown&#8220; css=&#8220;.vc_custom_1683384429554{padding-top: 30px !important;padding-right: 30px !important;padding-bottom: 30px !important;padding-left: 30px !important;background-color: #fcfcfc !important;}&#8220;] Eine kleine Geschichte POSADA LOS \u00c1LAMOS WURDE 1984 MIT NUR 11 ZIMMERN ER\u00d6FFNET 1989 hatte das Hotel bereits 66 Zimmer, davon 2 Suiten. Der El Aljibe Fr\u00fchst\u00fccksbereich [&hellip;]<\/p>\n","protected":false},"author":8,"featured_media":0,"parent":0,"menu_order":0,"comment_status":"closed","ping_status":"closed","template":"","meta":{"site-sidebar-layout":"no-sidebar","site-content-layout":"plain-container","ast-site-content-layout":"normal-width-container","site-content-style":"unboxed","site-sidebar-style":"unboxed","ast-global-header-display":"","ast-banner-title-visibility":"","ast-main-header-display":"","ast-hfb-above-header-display":"","ast-hfb-below-header-display":"","ast-hfb-mobile-header-display":"","site-post-title":"disabled","ast-breadcrumbs-content":"","ast-featured-img":"disabled","footer-sml-layout":"","ast-disable-related-posts":"","theme-transparent-header-meta":"default","adv-header-id-meta":"","stick-header-meta":"default","header-above-stick-meta":"","header-main-stick-meta":"","header-below-stick-meta":"","astra-migrate-meta-layouts":"set","ast-page-background-enabled":"default","ast-page-background-meta":{"desktop":{"background-color":"var(--ast-global-color-4)","background-image":"","background-repeat":"repeat","background-position":"center center","background-size":"auto","background-attachment":"scroll","background-type":"","background-media":"","overlay-type":"","overlay-color":"","overlay-opacity":"","overlay-gradient":""},"tablet":{"background-color":"","background-image":"","background-repeat":"repeat","background-position":"center center","background-size":"auto","background-attachment":"scroll","background-type":"","background-media":"","overlay-type":"","overlay-color":"","overlay-opacity":"","overlay-gradient":""},"mobile":{"background-color":"","background-image":"","background-repeat":"repeat","background-position":"center center","background-size":"auto","background-attachment":"scroll","background-type":"","background-media":"","overlay-type":"","overlay-color":"","overlay-opacity":"","overlay-gradient":""}},"ast-content-background-meta":{"desktop":{"background-color":"var(--ast-global-color-5)","background-image":"","background-repeat":"repeat","background-position":"center center","background-size":"auto","background-attachment":"scroll","background-type":"","background-media":"","overlay-type":"","overlay-color":"","overlay-opacity":"","overlay-gradient":""},"tablet":{"background-color":"var(--ast-global-color-5)","background-image":"","background-repeat":"repeat","background-position":"center center","background-size":"auto","background-attachment":"scroll","background-type":"","background-media":"","overlay-type":"","overlay-color":"","overlay-opacity":"","overlay-gradient":""},"mobile":{"background-color":"var(--ast-global-color-5)","background-image":"","background-repeat":"repeat","background-position":"center center","background-size":"auto","background-attachment":"scroll","background-type":"","background-media":"","overlay-type":"","overlay-color":"","overlay-opacity":"","overlay-gradient":""}},"footnotes":""},"class_list":["post-6561","page","type-page","status-publish","hentry"],"yoast_head":"<!-- This site is optimized with the Yoast SEO plugin v27.3 - https:\/\/yoast.com\/product\/yoast-seo-wordpress\/ -->\n<title>\u00dcber Uns - Posada Los \u00c1lamos<\/title>\n<meta name=\"robots\" content=\"index, follow, max-snippet:-1, max-image-preview:large, max-video-preview:-1\" \/>\n<link rel=\"canonical\" href=\"https:\/\/posadalosalamos.com\/de\/uber-uns\/\" \/>\n<meta property=\"og:locale\" content=\"de_DE\" \/>\n<meta property=\"og:type\" content=\"article\" \/>\n<meta property=\"og:title\" content=\"\u00dcber Uns - Posada Los \u00c1lamos\" \/>\n<meta property=\"og:description\" content=\"[vc_row css=&#8220;.vc_custom_1681757524030{margin-top: -100px !important;}&#8220;][vc_column][vc_empty_space][\/vc_column][\/vc_row][vc_row full_width=&#8220;stretch_row_content&#8220; equal_height=&#8220;yes&#8220; margin_top=&#8220;-65px&#8220; type=&#8220;2&#8243; el_class=&#8220;pagina-pre&#8220;][vc_column width=&#8220;1\/6&#8243;][\/vc_column][vc_column width=&#8220;4\/6&#8243; el_class=&#8220;pagina-pre&#8220;][vc_row_inner equal_height=&#8220;yes&#8220;][vc_column_inner el_class=&#8220;pagina&#8220; width=&#8220;1\/2&#8243;][vc_empty_space height=&#8220;40px&#8220;][vc_column_text css_animation=&#8220;fadeInDown&#8220; css=&#8220;.vc_custom_1683384429554{padding-top: 30px !important;padding-right: 30px !important;padding-bottom: 30px !important;padding-left: 30px !important;background-color: #fcfcfc !important;}&#8220;] Eine kleine Geschichte POSADA LOS \u00c1LAMOS WURDE 1984 MIT NUR 11 ZIMMERN ER\u00d6FFNET 1989 hatte das Hotel bereits 66 Zimmer, davon 2 Suiten. Der El Aljibe Fr\u00fchst\u00fccksbereich [&hellip;]\" \/>\n<meta property=\"og:url\" content=\"https:\/\/posadalosalamos.com\/de\/uber-uns\/\" \/>\n<meta property=\"og:site_name\" content=\"Posada Los \u00c1lamos\" \/>\n<meta property=\"article:modified_time\" content=\"2024-08-14T16:39:32+00:00\" \/>\n<meta property=\"og:image\" content=\"https:\/\/posadalosalamos.com\/wp-content\/uploads\/2020\/08\/logo-2.png\" \/>\n\t<meta property=\"og:image:width\" content=\"130\" \/>\n\t<meta property=\"og:image:height\" content=\"100\" \/>\n\t<meta property=\"og:image:type\" content=\"image\/png\" \/>\n<meta name=\"twitter:card\" content=\"summary_large_image\" \/>\n<meta name=\"twitter:label1\" content=\"Gesch\u00e4tzte Lesezeit\" \/>\n\t<meta name=\"twitter:data1\" content=\"10\u00a0Minuten\" \/>\n<script type=\"application\/ld+json\" class=\"yoast-schema-graph\">{\"@context\":\"https:\\\/\\\/schema.org\",\"@graph\":[{\"@type\":\"WebPage\",\"@id\":\"https:\\\/\\\/posadalosalamos.com\\\/de\\\/uber-uns\\\/\",\"url\":\"https:\\\/\\\/posadalosalamos.com\\\/de\\\/uber-uns\\\/\",\"name\":\"\u00dcber Uns - Posada Los \u00c1lamos\",\"isPartOf\":{\"@id\":\"https:\\\/\\\/posadalosalamos.com\\\/#website\"},\"datePublished\":\"2020-08-28T02:07:36+00:00\",\"dateModified\":\"2024-08-14T16:39:32+00:00\",\"breadcrumb\":{\"@id\":\"https:\\\/\\\/posadalosalamos.com\\\/de\\\/uber-uns\\\/#breadcrumb\"},\"inLanguage\":\"de\",\"potentialAction\":[{\"@type\":\"ReadAction\",\"target\":[\"https:\\\/\\\/posadalosalamos.com\\\/de\\\/uber-uns\\\/\"]}]},{\"@type\":\"BreadcrumbList\",\"@id\":\"https:\\\/\\\/posadalosalamos.com\\\/de\\\/uber-uns\\\/#breadcrumb\",\"itemListElement\":[{\"@type\":\"ListItem\",\"position\":1,\"name\":\"Portada\",\"item\":\"https:\\\/\\\/posadalosalamos.com\\\/de\\\/\"},{\"@type\":\"ListItem\",\"position\":2,\"name\":\"\u00dcber Uns\"}]},{\"@type\":\"WebSite\",\"@id\":\"https:\\\/\\\/posadalosalamos.com\\\/#website\",\"url\":\"https:\\\/\\\/posadalosalamos.com\\\/\",\"name\":\"Posada Los \u00c1lamos\",\"description\":\"El Calafate, Patagonia, Argentina\",\"publisher\":{\"@id\":\"https:\\\/\\\/posadalosalamos.com\\\/#organization\"},\"alternateName\":\"Los \u00c1lamos\",\"potentialAction\":[{\"@type\":\"SearchAction\",\"target\":{\"@type\":\"EntryPoint\",\"urlTemplate\":\"https:\\\/\\\/posadalosalamos.com\\\/?s={search_term_string}\"},\"query-input\":{\"@type\":\"PropertyValueSpecification\",\"valueRequired\":true,\"valueName\":\"search_term_string\"}}],\"inLanguage\":\"de\"},{\"@type\":\"Organization\",\"@id\":\"https:\\\/\\\/posadalosalamos.com\\\/#organization\",\"name\":\"Hotel Posada Los \u00c1lamos\",\"url\":\"https:\\\/\\\/posadalosalamos.com\\\/\",\"logo\":{\"@type\":\"ImageObject\",\"inLanguage\":\"de\",\"@id\":\"https:\\\/\\\/posadalosalamos.com\\\/#\\\/schema\\\/logo\\\/image\\\/\",\"url\":\"https:\\\/\\\/posadalosalamos.com\\\/wp-content\\\/uploads\\\/2023\\\/04\\\/LOS-ALAMOS-logo-min.png\",\"contentUrl\":\"https:\\\/\\\/posadalosalamos.com\\\/wp-content\\\/uploads\\\/2023\\\/04\\\/LOS-ALAMOS-logo-min.png\",\"width\":1216,\"height\":853,\"caption\":\"Hotel Posada Los \u00c1lamos\"},\"image\":{\"@id\":\"https:\\\/\\\/posadalosalamos.com\\\/#\\\/schema\\\/logo\\\/image\\\/\"}}]}<\/script>\n<!-- \/ Yoast SEO plugin. -->","yoast_head_json":{"title":"\u00dcber Uns - Posada Los \u00c1lamos","robots":{"index":"index","follow":"follow","max-snippet":"max-snippet:-1","max-image-preview":"max-image-preview:large","max-video-preview":"max-video-preview:-1"},"canonical":"https:\/\/posadalosalamos.com\/de\/uber-uns\/","og_locale":"de_DE","og_type":"article","og_title":"\u00dcber Uns - Posada Los \u00c1lamos","og_description":"[vc_row css=&#8220;.vc_custom_1681757524030{margin-top: -100px !important;}&#8220;][vc_column][vc_empty_space][\/vc_column][\/vc_row][vc_row full_width=&#8220;stretch_row_content&#8220; equal_height=&#8220;yes&#8220; margin_top=&#8220;-65px&#8220; type=&#8220;2&#8243; el_class=&#8220;pagina-pre&#8220;][vc_column width=&#8220;1\/6&#8243;][\/vc_column][vc_column width=&#8220;4\/6&#8243; el_class=&#8220;pagina-pre&#8220;][vc_row_inner equal_height=&#8220;yes&#8220;][vc_column_inner el_class=&#8220;pagina&#8220; width=&#8220;1\/2&#8243;][vc_empty_space height=&#8220;40px&#8220;][vc_column_text css_animation=&#8220;fadeInDown&#8220; css=&#8220;.vc_custom_1683384429554{padding-top: 30px !important;padding-right: 30px !important;padding-bottom: 30px !important;padding-left: 30px !important;background-color: #fcfcfc !important;}&#8220;] Eine kleine Geschichte POSADA LOS \u00c1LAMOS WURDE 1984 MIT NUR 11 ZIMMERN ER\u00d6FFNET 1989 hatte das Hotel bereits 66 Zimmer, davon 2 Suiten. Der El Aljibe Fr\u00fchst\u00fccksbereich [&hellip;]","og_url":"https:\/\/posadalosalamos.com\/de\/uber-uns\/","og_site_name":"Posada Los \u00c1lamos","article_modified_time":"2024-08-14T16:39:32+00:00","og_image":[{"width":130,"height":100,"url":"https:\/\/posadalosalamos.com\/wp-content\/uploads\/2020\/08\/logo-2.png","type":"image\/png"}],"twitter_card":"summary_large_image","twitter_misc":{"Gesch\u00e4tzte Lesezeit":"10\u00a0Minuten"},"schema":{"@context":"https:\/\/schema.org","@graph":[{"@type":"WebPage","@id":"https:\/\/posadalosalamos.com\/de\/uber-uns\/","url":"https:\/\/posadalosalamos.com\/de\/uber-uns\/","name":"\u00dcber Uns - Posada Los \u00c1lamos","isPartOf":{"@id":"https:\/\/posadalosalamos.com\/#website"},"datePublished":"2020-08-28T02:07:36+00:00","dateModified":"2024-08-14T16:39:32+00:00","breadcrumb":{"@id":"https:\/\/posadalosalamos.com\/de\/uber-uns\/#breadcrumb"},"inLanguage":"de","potentialAction":[{"@type":"ReadAction","target":["https:\/\/posadalosalamos.com\/de\/uber-uns\/"]}]},{"@type":"BreadcrumbList","@id":"https:\/\/posadalosalamos.com\/de\/uber-uns\/#breadcrumb","itemListElement":[{"@type":"ListItem","position":1,"name":"Portada","item":"https:\/\/posadalosalamos.com\/de\/"},{"@type":"ListItem","position":2,"name":"\u00dcber Uns"}]},{"@type":"WebSite","@id":"https:\/\/posadalosalamos.com\/#website","url":"https:\/\/posadalosalamos.com\/","name":"Posada Los \u00c1lamos","description":"El Calafate, Patagonia, Argentina","publisher":{"@id":"https:\/\/posadalosalamos.com\/#organization"},"alternateName":"Los \u00c1lamos","potentialAction":[{"@type":"SearchAction","target":{"@type":"EntryPoint","urlTemplate":"https:\/\/posadalosalamos.com\/?s={search_term_string}"},"query-input":{"@type":"PropertyValueSpecification","valueRequired":true,"valueName":"search_term_string"}}],"inLanguage":"de"},{"@type":"Organization","@id":"https:\/\/posadalosalamos.com\/#organization","name":"Hotel Posada Los \u00c1lamos","url":"https:\/\/posadalosalamos.com\/","logo":{"@type":"ImageObject","inLanguage":"de","@id":"https:\/\/posadalosalamos.com\/#\/schema\/logo\/image\/","url":"https:\/\/posadalosalamos.com\/wp-content\/uploads\/2023\/04\/LOS-ALAMOS-logo-min.png","contentUrl":"https:\/\/posadalosalamos.com\/wp-content\/uploads\/2023\/04\/LOS-ALAMOS-logo-min.png","width":1216,"height":853,"caption":"Hotel Posada Los \u00c1lamos"},"image":{"@id":"https:\/\/posadalosalamos.com\/#\/schema\/logo\/image\/"}}]}},"_links":{"self":[{"href":"https:\/\/posadalosalamos.com\/de\/wp-json\/wp\/v2\/pages\/6561","targetHints":{"allow":["GET"]}}],"collection":[{"href":"https:\/\/posadalosalamos.com\/de\/wp-json\/wp\/v2\/pages"}],"about":[{"href":"https:\/\/posadalosalamos.com\/de\/wp-json\/wp\/v2\/types\/page"}],"author":[{"embeddable":true,"href":"https:\/\/posadalosalamos.com\/de\/wp-json\/wp\/v2\/users\/8"}],"replies":[{"embeddable":true,"href":"https:\/\/posadalosalamos.com\/de\/wp-json\/wp\/v2\/comments?post=6561"}],"version-history":[{"count":10,"href":"https:\/\/posadalosalamos.com\/de\/wp-json\/wp\/v2\/pages\/6561\/revisions"}],"predecessor-version":[{"id":11412,"href":"https:\/\/posadalosalamos.com\/de\/wp-json\/wp\/v2\/pages\/6561\/revisions\/11412"}],"wp:attachment":[{"href":"https:\/\/posadalosalamos.com\/de\/wp-json\/wp\/v2\/media?parent=6561"}],"curies":[{"name":"wp","href":"https:\/\/api.w.org\/{rel}","templated":true}]}}