{"id":6613,"date":"2020-09-09T22:52:06","date_gmt":"2020-09-10T01:52:06","guid":{"rendered":"https:\/\/posadalosalamos.com\/de\/cava-vinos-degustacion\/"},"modified":"2025-06-03T19:27:50","modified_gmt":"2025-06-03T22:27:50","slug":"unser-weinkeller","status":"publish","type":"page","link":"https:\/\/posadalosalamos.com\/de\/unser-weinkeller\/","title":{"rendered":"Unser Weinkeller"},"content":{"rendered":"<section class=\"wpb-content-wrapper\"><p>[vc_row css=&#8220;.vc_custom_1681743754551{margin-top: -100px !important;}&#8220;][vc_column]\n\t\t\t<!-- START cava REVOLUTION SLIDER 6.6.16 --><p class=\"rs-p-wp-fix\"><\/p>\n\t\t\t<rs-module-wrap id=\"rev_slider_52_1_wrapper\" data-source=\"gallery\" style=\"visibility:hidden;background:transparent;padding:0;margin:0px auto;margin-top:0;margin-bottom:0;\">\n\t\t\t\t<rs-module id=\"rev_slider_52_1\" style=\"\" data-version=\"6.6.16\">\n\t\t\t\t\t<rs-slides style=\"overflow: hidden; position: absolute;\">\n\t\t\t\t\t\t<rs-slide style=\"position: absolute;\" data-key=\"rs-73\" data-title=\"Slide\" data-anim=\"ms:630;\" data-in=\"o:0;\" data-out=\"a:false;\">\n\t\t\t\t\t\t\t<img fetchpriority=\"high\" decoding=\"async\" src=\"\/\/posadalosalamos.com\/wp-content\/plugins\/revslider\/public\/assets\/assets\/dummy.png\" alt=\"\" title=\"cava\" width=\"1280\" height=\"854\" class=\"rev-slidebg tp-rs-img rs-lazyload\" data-lazyload=\"\/\/posadalosalamos.com\/wp-content\/uploads\/2024\/06\/cava.jpg\" data-panzoom=\"d:14000ms;e:power0.in;ss:110%;se:100%;\" data-no-retina>\n<!---->\t\t\t\t\t\t<\/rs-slide>\n\t\t\t\t\t<\/rs-slides>\n\t\t\t\t<\/rs-module>\n\t\t\t\t<script>\n\t\t\t\t\tsetREVStartSize({c: 'rev_slider_52_1',rl:[1240,1240,1240,480],el:[600,600,600,720],gw:[1500,1500,1500,480],gh:[600,600,600,720],type:'standard',justify:'',layout:'fullwidth',mh:\"0\"});if (window.RS_MODULES!==undefined && window.RS_MODULES.modules!==undefined && window.RS_MODULES.modules[\"revslider521\"]!==undefined) {window.RS_MODULES.modules[\"revslider521\"].once = false;window.revapi52 = undefined;if (window.RS_MODULES.checkMinimal!==undefined) window.RS_MODULES.checkMinimal()}\n\t\t\t\t<\/script>\n\t\t\t<\/rs-module-wrap>\n\t\t\t<!-- END REVOLUTION SLIDER -->\n[\/vc_column][\/vc_row][vc_row full_width=&#8220;stretch_row_content&#8220; margin_top=&#8220;-65px&#8220; type=&#8220;2&#8243; el_class=&#8220;pagina-pre&#8220;][vc_column width=&#8220;1\/6&#8243;][\/vc_column][vc_column width=&#8220;4\/6&#8243; el_class=&#8220;pagina-pre&#8220;][vc_row_inner equal_height=&#8220;yes&#8220;][vc_column_inner el_class=&#8220;pagina&#8220; width=&#8220;2\/3&#8243; css=&#8220;.vc_custom_1599700560866{background-color: #ffffff !important;}&#8220;][vc_column_text css_animation=&#8220;fadeInDown&#8220; css=&#8220;.vc_custom_1683384741204{padding-top: 30px !important;padding-right: 30px !important;padding-bottom: 30px !important;padding-left: 30px !important;background-color: #ffffff !important;}&#8220;]<\/p>\n<h1 style=\"text-align: left;\">Unser Weinkeller<\/h1>\n<h6>GENUSS MIT ALLEN SINNEN.<\/h6>\n<p>Wein ist ein \u00e4sthetisches Getr\u00e4nk par excellence, ein Genuss f\u00fcr alle Sinne, und die Beurteilung seiner Qualit\u00e4t basiert auf der sensorischen Zufriedenheit, die er hervorruft.<\/p>\n<p>Guter Wein belohnt unsere Aufmerksamkeit mit sehr angenehmen Gef\u00fchle, die beim Sehen, Riechen, Ber\u00fchren, Schmecken und sogar beim H\u00f6ren bemerkt werden.[\/vc_column_text][vc_empty_space][\/vc_column_inner][vc_column_inner width=&#8220;1\/3&#8243; css=&#8220;.vc_custom_1599702572631{background-image: url(https:\/\/posadalosalamos.com\/wp-content\/uploads\/2016\/07\/4-1.jpg?id=475) !important;background-position: center !important;background-repeat: no-repeat !important;background-size: cover !important;}&#8220;][\/vc_column_inner][\/vc_row_inner][\/vc_column][vc_column width=&#8220;1\/6&#8243;][\/vc_column][\/vc_row][vc_row css_animation=&#8220;fadeIn&#8220; type=&#8220;2&#8243;][vc_column][vc_empty_space height=&#8220;62px&#8220;][vc_row_inner equal_height=&#8220;yes&#8220; content_placement=&#8220;middle&#8220;][vc_column_inner el_class=&#8220;izquierda&#8220; width=&#8220;2\/3&#8243; css=&#8220;.vc_custom_1599702610113{background-image: url(https:\/\/posadalosalamos.com\/wp-content\/uploads\/2016\/07\/6-1.jpg?id=477) !important;background-position: center !important;background-repeat: no-repeat !important;background-size: contain !important;}&#8220;][vc_empty_space height=&#8220;320px&#8220;][\/vc_column_inner][vc_column_inner el_class=&#8220;derecha&#8220; width=&#8220;1\/3&#8243; css=&#8220;.vc_custom_1598572897864{margin-top: 40px !important;background-color: rgba(255,255,255,0.97) !important;*background-color: rgb(255,255,255) !important;}&#8220;][vc_column_text css_animation=&#8220;fadeInUp&#8220;]<\/p>\n<h2>N\u00e4chste Verkostung<\/h2>\n<p><b>Datum:<\/b><\/p>\n<p><b>Dauer:<\/b><\/p>\n<p><b>Kapazit\u00e4t:<\/b><\/p>\n<h6 style=\"text-align: center;\"><a href=\"https:\/\/posadalosalamos.com\/de\/kontakt\"><strong>RESERVIEREN<\/strong><\/a><\/h6>\n<p>[\/vc_column_text][vc_empty_space height=&#8220;20px&#8220;][\/vc_column_inner][\/vc_row_inner][vc_empty_space height=&#8220;62px&#8220;][\/vc_column][\/vc_row][vc_row margin_top=&#8220;10px&#8220; type=&#8220;2&#8243; el_class=&#8220;pagina-pre&#8220;][vc_column][vc_media_grid element_width=&#8220;3&#8243; gap=&#8220;20&#8243; grid_id=&#8220;vc_gid:1748989669362-5ad05803-1df9-8&#8243; include=&#8220;11245,11251,11257,11263&#8243;][\/vc_column][\/vc_row]<\/p>\n<\/section>","protected":false},"excerpt":{"rendered":"<p>[vc_row css=&#8220;.vc_custom_1681743754551{margin-top: -100px !important;}&#8220;][vc_column][\/vc_column][\/vc_row][vc_row full_width=&#8220;stretch_row_content&#8220; margin_top=&#8220;-65px&#8220; type=&#8220;2&#8243; el_class=&#8220;pagina-pre&#8220;][vc_column width=&#8220;1\/6&#8243;][\/vc_column][vc_column width=&#8220;4\/6&#8243; el_class=&#8220;pagina-pre&#8220;][vc_row_inner equal_height=&#8220;yes&#8220;][vc_column_inner el_class=&#8220;pagina&#8220; width=&#8220;2\/3&#8243; css=&#8220;.vc_custom_1599700560866{background-color: #ffffff !important;}&#8220;][vc_column_text css_animation=&#8220;fadeInDown&#8220; css=&#8220;.vc_custom_1683384741204{padding-top: 30px !important;padding-right: 30px !important;padding-bottom: 30px !important;padding-left: 30px !important;background-color: #ffffff !important;}&#8220;] Unser Weinkeller GENUSS MIT ALLEN SINNEN. Wein ist ein \u00e4sthetisches Getr\u00e4nk par excellence, ein Genuss f\u00fcr alle Sinne, und die Beurteilung seiner Qualit\u00e4t basiert auf der [&hellip;]<\/p>\n","protected":false},"author":8,"featured_media":0,"parent":0,"menu_order":0,"comment_status":"closed","ping_status":"closed","template":"","meta":{"site-sidebar-layout":"no-sidebar","site-content-layout":"plain-container","ast-site-content-layout":"normal-width-container","site-content-style":"unboxed","site-sidebar-style":"unboxed","ast-global-header-display":"","ast-banner-title-visibility":"","ast-main-header-display":"","ast-hfb-above-header-display":"","ast-hfb-below-header-display":"","ast-hfb-mobile-header-display":"","site-post-title":"disabled","ast-breadcrumbs-content":"","ast-featured-img":"disabled","footer-sml-layout":"","ast-disable-related-posts":"","theme-transparent-header-meta":"default","adv-header-id-meta":"","stick-header-meta":"default","header-above-stick-meta":"","header-main-stick-meta":"","header-below-stick-meta":"","astra-migrate-meta-layouts":"set","ast-page-background-enabled":"default","ast-page-background-meta":{"desktop":{"background-color":"var(--ast-global-color-4)","background-image":"","background-repeat":"repeat","background-position":"center center","background-size":"auto","background-attachment":"scroll","background-type":"","background-media":"","overlay-type":"","overlay-color":"","overlay-opacity":"","overlay-gradient":""},"tablet":{"background-color":"","background-image":"","background-repeat":"repeat","background-position":"center center","background-size":"auto","background-attachment":"scroll","background-type":"","background-media":"","overlay-type":"","overlay-color":"","overlay-opacity":"","overlay-gradient":""},"mobile":{"background-color":"","background-image":"","background-repeat":"repeat","background-position":"center center","background-size":"auto","background-attachment":"scroll","background-type":"","background-media":"","overlay-type":"","overlay-color":"","overlay-opacity":"","overlay-gradient":""}},"ast-content-background-meta":{"desktop":{"background-color":"var(--ast-global-color-5)","background-image":"","background-repeat":"repeat","background-position":"center center","background-size":"auto","background-attachment":"scroll","background-type":"","background-media":"","overlay-type":"","overlay-color":"","overlay-opacity":"","overlay-gradient":""},"tablet":{"background-color":"var(--ast-global-color-5)","background-image":"","background-repeat":"repeat","background-position":"center center","background-size":"auto","background-attachment":"scroll","background-type":"","background-media":"","overlay-type":"","overlay-color":"","overlay-opacity":"","overlay-gradient":""},"mobile":{"background-color":"var(--ast-global-color-5)","background-image":"","background-repeat":"repeat","background-position":"center center","background-size":"auto","background-attachment":"scroll","background-type":"","background-media":"","overlay-type":"","overlay-color":"","overlay-opacity":"","overlay-gradient":""}},"footnotes":""},"class_list":["post-6613","page","type-page","status-publish","hentry"],"yoast_head":"<!-- This site is optimized with the Yoast SEO plugin v27.3 - https:\/\/yoast.com\/product\/yoast-seo-wordpress\/ -->\n<title>Unser Weinkeller - Posada Los \u00c1lamos<\/title>\n<meta name=\"robots\" content=\"index, follow, max-snippet:-1, max-image-preview:large, max-video-preview:-1\" \/>\n<link rel=\"canonical\" href=\"https:\/\/posadalosalamos.com\/de\/unser-weinkeller\/\" \/>\n<meta property=\"og:locale\" content=\"de_DE\" \/>\n<meta property=\"og:type\" content=\"article\" \/>\n<meta property=\"og:title\" content=\"Unser Weinkeller - Posada Los \u00c1lamos\" \/>\n<meta property=\"og:description\" content=\"[vc_row css=&#8220;.vc_custom_1681743754551{margin-top: -100px !important;}&#8220;][vc_column][\/vc_column][\/vc_row][vc_row full_width=&#8220;stretch_row_content&#8220; margin_top=&#8220;-65px&#8220; type=&#8220;2&#8243; el_class=&#8220;pagina-pre&#8220;][vc_column width=&#8220;1\/6&#8243;][\/vc_column][vc_column width=&#8220;4\/6&#8243; el_class=&#8220;pagina-pre&#8220;][vc_row_inner equal_height=&#8220;yes&#8220;][vc_column_inner el_class=&#8220;pagina&#8220; width=&#8220;2\/3&#8243; css=&#8220;.vc_custom_1599700560866{background-color: #ffffff !important;}&#8220;][vc_column_text css_animation=&#8220;fadeInDown&#8220; css=&#8220;.vc_custom_1683384741204{padding-top: 30px !important;padding-right: 30px !important;padding-bottom: 30px !important;padding-left: 30px !important;background-color: #ffffff !important;}&#8220;] Unser Weinkeller GENUSS MIT ALLEN SINNEN. Wein ist ein \u00e4sthetisches Getr\u00e4nk par excellence, ein Genuss f\u00fcr alle Sinne, und die Beurteilung seiner Qualit\u00e4t basiert auf der [&hellip;]\" \/>\n<meta property=\"og:url\" content=\"https:\/\/posadalosalamos.com\/de\/unser-weinkeller\/\" \/>\n<meta property=\"og:site_name\" content=\"Posada Los \u00c1lamos\" \/>\n<meta property=\"article:modified_time\" content=\"2025-06-03T22:27:50+00:00\" \/>\n<meta property=\"og:image\" content=\"https:\/\/posadalosalamos.com\/wp-content\/uploads\/2020\/08\/logo-2.png\" \/>\n\t<meta property=\"og:image:width\" content=\"130\" \/>\n\t<meta property=\"og:image:height\" content=\"100\" \/>\n\t<meta property=\"og:image:type\" content=\"image\/png\" \/>\n<meta name=\"twitter:card\" content=\"summary_large_image\" \/>\n<meta name=\"twitter:label1\" content=\"Gesch\u00e4tzte Lesezeit\" \/>\n\t<meta name=\"twitter:data1\" content=\"2\u00a0Minuten\" \/>\n<script type=\"application\/ld+json\" class=\"yoast-schema-graph\">{\"@context\":\"https:\\\/\\\/schema.org\",\"@graph\":[{\"@type\":\"WebPage\",\"@id\":\"https:\\\/\\\/posadalosalamos.com\\\/de\\\/unser-weinkeller\\\/\",\"url\":\"https:\\\/\\\/posadalosalamos.com\\\/de\\\/unser-weinkeller\\\/\",\"name\":\"Unser Weinkeller - Posada Los \u00c1lamos\",\"isPartOf\":{\"@id\":\"https:\\\/\\\/posadalosalamos.com\\\/#website\"},\"datePublished\":\"2020-09-10T01:52:06+00:00\",\"dateModified\":\"2025-06-03T22:27:50+00:00\",\"breadcrumb\":{\"@id\":\"https:\\\/\\\/posadalosalamos.com\\\/de\\\/unser-weinkeller\\\/#breadcrumb\"},\"inLanguage\":\"de\",\"potentialAction\":[{\"@type\":\"ReadAction\",\"target\":[\"https:\\\/\\\/posadalosalamos.com\\\/de\\\/unser-weinkeller\\\/\"]}]},{\"@type\":\"BreadcrumbList\",\"@id\":\"https:\\\/\\\/posadalosalamos.com\\\/de\\\/unser-weinkeller\\\/#breadcrumb\",\"itemListElement\":[{\"@type\":\"ListItem\",\"position\":1,\"name\":\"Portada\",\"item\":\"https:\\\/\\\/posadalosalamos.com\\\/de\\\/\"},{\"@type\":\"ListItem\",\"position\":2,\"name\":\"Unser Weinkeller\"}]},{\"@type\":\"WebSite\",\"@id\":\"https:\\\/\\\/posadalosalamos.com\\\/#website\",\"url\":\"https:\\\/\\\/posadalosalamos.com\\\/\",\"name\":\"Posada Los \u00c1lamos\",\"description\":\"El Calafate, Patagonia, Argentina\",\"publisher\":{\"@id\":\"https:\\\/\\\/posadalosalamos.com\\\/#organization\"},\"alternateName\":\"Los \u00c1lamos\",\"potentialAction\":[{\"@type\":\"SearchAction\",\"target\":{\"@type\":\"EntryPoint\",\"urlTemplate\":\"https:\\\/\\\/posadalosalamos.com\\\/?s={search_term_string}\"},\"query-input\":{\"@type\":\"PropertyValueSpecification\",\"valueRequired\":true,\"valueName\":\"search_term_string\"}}],\"inLanguage\":\"de\"},{\"@type\":\"Organization\",\"@id\":\"https:\\\/\\\/posadalosalamos.com\\\/#organization\",\"name\":\"Hotel Posada Los \u00c1lamos\",\"url\":\"https:\\\/\\\/posadalosalamos.com\\\/\",\"logo\":{\"@type\":\"ImageObject\",\"inLanguage\":\"de\",\"@id\":\"https:\\\/\\\/posadalosalamos.com\\\/#\\\/schema\\\/logo\\\/image\\\/\",\"url\":\"https:\\\/\\\/posadalosalamos.com\\\/wp-content\\\/uploads\\\/2023\\\/04\\\/LOS-ALAMOS-logo-min.png\",\"contentUrl\":\"https:\\\/\\\/posadalosalamos.com\\\/wp-content\\\/uploads\\\/2023\\\/04\\\/LOS-ALAMOS-logo-min.png\",\"width\":1216,\"height\":853,\"caption\":\"Hotel Posada Los \u00c1lamos\"},\"image\":{\"@id\":\"https:\\\/\\\/posadalosalamos.com\\\/#\\\/schema\\\/logo\\\/image\\\/\"}}]}<\/script>\n<!-- \/ Yoast SEO plugin. -->","yoast_head_json":{"title":"Unser Weinkeller - Posada Los \u00c1lamos","robots":{"index":"index","follow":"follow","max-snippet":"max-snippet:-1","max-image-preview":"max-image-preview:large","max-video-preview":"max-video-preview:-1"},"canonical":"https:\/\/posadalosalamos.com\/de\/unser-weinkeller\/","og_locale":"de_DE","og_type":"article","og_title":"Unser Weinkeller - Posada Los \u00c1lamos","og_description":"[vc_row css=&#8220;.vc_custom_1681743754551{margin-top: -100px !important;}&#8220;][vc_column][\/vc_column][\/vc_row][vc_row full_width=&#8220;stretch_row_content&#8220; margin_top=&#8220;-65px&#8220; type=&#8220;2&#8243; el_class=&#8220;pagina-pre&#8220;][vc_column width=&#8220;1\/6&#8243;][\/vc_column][vc_column width=&#8220;4\/6&#8243; el_class=&#8220;pagina-pre&#8220;][vc_row_inner equal_height=&#8220;yes&#8220;][vc_column_inner el_class=&#8220;pagina&#8220; width=&#8220;2\/3&#8243; css=&#8220;.vc_custom_1599700560866{background-color: #ffffff !important;}&#8220;][vc_column_text css_animation=&#8220;fadeInDown&#8220; css=&#8220;.vc_custom_1683384741204{padding-top: 30px !important;padding-right: 30px !important;padding-bottom: 30px !important;padding-left: 30px !important;background-color: #ffffff !important;}&#8220;] Unser Weinkeller GENUSS MIT ALLEN SINNEN. Wein ist ein \u00e4sthetisches Getr\u00e4nk par excellence, ein Genuss f\u00fcr alle Sinne, und die Beurteilung seiner Qualit\u00e4t basiert auf der [&hellip;]","og_url":"https:\/\/posadalosalamos.com\/de\/unser-weinkeller\/","og_site_name":"Posada Los \u00c1lamos","article_modified_time":"2025-06-03T22:27:50+00:00","og_image":[{"width":130,"height":100,"url":"https:\/\/posadalosalamos.com\/wp-content\/uploads\/2020\/08\/logo-2.png","type":"image\/png"}],"twitter_card":"summary_large_image","twitter_misc":{"Gesch\u00e4tzte Lesezeit":"2\u00a0Minuten"},"schema":{"@context":"https:\/\/schema.org","@graph":[{"@type":"WebPage","@id":"https:\/\/posadalosalamos.com\/de\/unser-weinkeller\/","url":"https:\/\/posadalosalamos.com\/de\/unser-weinkeller\/","name":"Unser Weinkeller - Posada Los \u00c1lamos","isPartOf":{"@id":"https:\/\/posadalosalamos.com\/#website"},"datePublished":"2020-09-10T01:52:06+00:00","dateModified":"2025-06-03T22:27:50+00:00","breadcrumb":{"@id":"https:\/\/posadalosalamos.com\/de\/unser-weinkeller\/#breadcrumb"},"inLanguage":"de","potentialAction":[{"@type":"ReadAction","target":["https:\/\/posadalosalamos.com\/de\/unser-weinkeller\/"]}]},{"@type":"BreadcrumbList","@id":"https:\/\/posadalosalamos.com\/de\/unser-weinkeller\/#breadcrumb","itemListElement":[{"@type":"ListItem","position":1,"name":"Portada","item":"https:\/\/posadalosalamos.com\/de\/"},{"@type":"ListItem","position":2,"name":"Unser Weinkeller"}]},{"@type":"WebSite","@id":"https:\/\/posadalosalamos.com\/#website","url":"https:\/\/posadalosalamos.com\/","name":"Posada Los \u00c1lamos","description":"El Calafate, Patagonia, Argentina","publisher":{"@id":"https:\/\/posadalosalamos.com\/#organization"},"alternateName":"Los \u00c1lamos","potentialAction":[{"@type":"SearchAction","target":{"@type":"EntryPoint","urlTemplate":"https:\/\/posadalosalamos.com\/?s={search_term_string}"},"query-input":{"@type":"PropertyValueSpecification","valueRequired":true,"valueName":"search_term_string"}}],"inLanguage":"de"},{"@type":"Organization","@id":"https:\/\/posadalosalamos.com\/#organization","name":"Hotel Posada Los \u00c1lamos","url":"https:\/\/posadalosalamos.com\/","logo":{"@type":"ImageObject","inLanguage":"de","@id":"https:\/\/posadalosalamos.com\/#\/schema\/logo\/image\/","url":"https:\/\/posadalosalamos.com\/wp-content\/uploads\/2023\/04\/LOS-ALAMOS-logo-min.png","contentUrl":"https:\/\/posadalosalamos.com\/wp-content\/uploads\/2023\/04\/LOS-ALAMOS-logo-min.png","width":1216,"height":853,"caption":"Hotel Posada Los \u00c1lamos"},"image":{"@id":"https:\/\/posadalosalamos.com\/#\/schema\/logo\/image\/"}}]}},"_links":{"self":[{"href":"https:\/\/posadalosalamos.com\/de\/wp-json\/wp\/v2\/pages\/6613","targetHints":{"allow":["GET"]}}],"collection":[{"href":"https:\/\/posadalosalamos.com\/de\/wp-json\/wp\/v2\/pages"}],"about":[{"href":"https:\/\/posadalosalamos.com\/de\/wp-json\/wp\/v2\/types\/page"}],"author":[{"embeddable":true,"href":"https:\/\/posadalosalamos.com\/de\/wp-json\/wp\/v2\/users\/8"}],"replies":[{"embeddable":true,"href":"https:\/\/posadalosalamos.com\/de\/wp-json\/wp\/v2\/comments?post=6613"}],"version-history":[{"count":6,"href":"https:\/\/posadalosalamos.com\/de\/wp-json\/wp\/v2\/pages\/6613\/revisions"}],"predecessor-version":[{"id":11806,"href":"https:\/\/posadalosalamos.com\/de\/wp-json\/wp\/v2\/pages\/6613\/revisions\/11806"}],"wp:attachment":[{"href":"https:\/\/posadalosalamos.com\/de\/wp-json\/wp\/v2\/media?parent=6613"}],"curies":[{"name":"wp","href":"https:\/\/api.w.org\/{rel}","templated":true}]}}