{"id":6623,"date":"2020-09-28T22:55:07","date_gmt":"2020-09-29T01:55:07","guid":{"rendered":"https:\/\/posadalosalamos.com\/de\/excursiones\/"},"modified":"2023-05-03T17:23:29","modified_gmt":"2023-05-03T20:23:29","slug":"ausfluge","status":"publish","type":"page","link":"https:\/\/posadalosalamos.com\/de\/ausfluge\/","title":{"rendered":"Ausfl\u00fcge"},"content":{"rendered":"<section class=\"wpb-content-wrapper\"><p>[vc_row css=&#8220;.vc_custom_1681746928632{margin-top: -100px !important;}&#8220;][vc_column]\n\t\t\t<!-- START excursiones REVOLUTION SLIDER 6.6.16 --><p class=\"rs-p-wp-fix\"><\/p>\n\t\t\t<rs-module-wrap id=\"rev_slider_56_1_wrapper\" data-source=\"gallery\" style=\"visibility:hidden;background:transparent;padding:0;margin:0px auto;margin-top:0;margin-bottom:0;\">\n\t\t\t\t<rs-module id=\"rev_slider_56_1\" style=\"\" data-version=\"6.6.16\">\n\t\t\t\t\t<rs-slides style=\"overflow: hidden; position: absolute;\">\n\t\t\t\t\t\t<rs-slide style=\"position: absolute;\" data-key=\"rs-77\" data-title=\"Slide\" data-anim=\"ms:630;r:0;\" data-in=\"o:0;\" data-out=\"a:false;\">\n\t\t\t\t\t\t\t<img decoding=\"async\" src=\"\/\/posadalosalamos.com\/wp-content\/plugins\/revslider\/public\/assets\/assets\/dummy.png\" alt=\"\" class=\"rev-slidebg tp-rs-img rs-lazyload\" data-lazyload=\"\/\/posadalosalamos.com\/wp-content\/uploads\/2020\/09\/excursiones.jpg\" data-bg=\"p:right center;\" data-panzoom=\"d:18000ms;e:power0.in;ss:120%;se:100%;\" data-no-retina>\n<!---->\t\t\t\t\t\t<\/rs-slide>\n\t\t\t\t\t<\/rs-slides>\n\t\t\t\t<\/rs-module>\n\t\t\t\t<script>\n\t\t\t\t\tsetREVStartSize({c: 'rev_slider_56_1',rl:[1240,1024,778,480],el:[600],gw:[1500],gh:[600],type:'standard',justify:'',layout:'fullwidth',mh:\"0\"});if (window.RS_MODULES!==undefined && window.RS_MODULES.modules!==undefined && window.RS_MODULES.modules[\"revslider561\"]!==undefined) {window.RS_MODULES.modules[\"revslider561\"].once = false;window.revapi56 = undefined;if (window.RS_MODULES.checkMinimal!==undefined) window.RS_MODULES.checkMinimal()}\n\t\t\t\t<\/script>\n\t\t\t<\/rs-module-wrap>\n\t\t\t<!-- END REVOLUTION SLIDER -->\n[vc_empty_space][\/vc_column][\/vc_row][vc_row full_width=&#8220;stretch_row_content&#8220; margin_top=&#8220;-65px&#8220; type=&#8220;2&#8243; el_class=&#8220;pagina-pre&#8220;][vc_column width=&#8220;1\/6&#8243;][\/vc_column][vc_column width=&#8220;4\/6&#8243; el_class=&#8220;pagina-pre&#8220;][vc_row_inner equal_height=&#8220;yes&#8220;][vc_column_inner el_class=&#8220;pagina&#8220; width=&#8220;2\/3&#8243; css=&#8220;.vc_custom_1599695027397{background-color: #ffffff !important;}&#8220;][vc_column_text css_animation=&#8220;fadeInDown&#8220; css=&#8220;.vc_custom_1683143836252{padding-top: 30px !important;padding-right: 30px !important;padding-bottom: 30px !important;padding-left: 30px !important;background-color: #ffffff !important;}&#8220;]<\/p>\n<h2>Traditioneller Moreno-Gletscher Ausflug<\/h2>\n<h6><b>GANZJ\u00c4HRIG<\/b><\/h6>\n<p>Der Perito-Moreno-Gletscher liegt 85 km von El Calafate entfernt, auf dem Weg fahren Sie zun\u00e4chst den Cerro de los Elefantes, um den Eingang des 48 km von der Stadt entfernten Nationalparks Los Glaciares zu erreichen. Auf der linken Seite befindet sich der Rico-Arm des Argentino-Sees, und Sie werden beginnen, die f\u00fcr den Ort typischen Lengas-, Zypressen-, Pflaumenb\u00e4ume, Calafatenw\u00e4lder und gelegentlich einheimische Fauna, zu sehen.<\/p>\n<p>Die Ann\u00e4herung an den Gletscher erfolgt \u00fcber die Gehwege und Aussichtspunkte, wobei man den Gletscher aus verschiedenen Seiten betrachten kann, die Nord-, S\u00fcd- oder Mittelwand, da die Gehwege ein System von Treppen und Balkonen am Hang des Berges vor dem Gletscher, die mehr als 2 Kilometer Strecke haben, sind.<\/p>\n<p><strong>Abfahrt<\/strong>: Ab 9.00 Uhr<\/p>\n<p><strong>Ankunft<\/strong>: ca. 16:30 Uhr<\/p>\n<p><strong>ZUS\u00c4TZLICH<\/strong>: Sie k\u00f6nnen an die Nautical Safari mitmachen, eine einst\u00fcndige Bootsfahrt, die sich der S\u00fcdwand des Moreno-Gletschers n\u00e4hert.[\/vc_column_text][vc_btn title=&#8220;ANFRAGEN&#8220; color=&#8220;default&#8220; css_animation=&#8220;fadeInUp&#8220; link=&#8220;url:http%3A%2F%2Fposadalosalamos.com%2Fde%2Fkontakt|title:Contacto|target:%20_blank|&#8220; el_class=&#8220;boton&#8220;][vc_empty_space height=&#8220;22px&#8220;][\/vc_column_inner][vc_column_inner width=&#8220;1\/3&#8243; css=&#8220;.vc_custom_1601348350989{background-image: url(https:\/\/posadalosalamos.com\/wp-content\/uploads\/2020\/09\/glaciar-moreno.jpg?id=5841) !important;background-position: center !important;background-repeat: no-repeat !important;background-size: cover !important;}&#8220;][vc_empty_space height=&#8220;300px&#8220;][\/vc_column_inner][\/vc_row_inner][\/vc_column][vc_column width=&#8220;1\/6&#8243;][\/vc_column][\/vc_row][vc_row full_width=&#8220;stretch_row_content_no_spaces&#8220; margin_top=&#8220;30px&#8220; type=&#8220;2&#8243; el_class=&#8220;pagina-pre&#8220;][vc_column width=&#8220;1\/6&#8243;][\/vc_column][vc_column width=&#8220;4\/6&#8243; el_class=&#8220;pagina-pre&#8220;][\/vc_column][vc_column width=&#8220;1\/6&#8243;][\/vc_column][\/vc_row][vc_row][vc_column][vc_empty_space height=&#8220;50px&#8220;][\/vc_column][\/vc_row][vc_row full_width=&#8220;stretch_row_content&#8220; margin_top=&#8220;30px&#8220; type=&#8220;2&#8243; el_class=&#8220;pagina-pre&#8220;][vc_column width=&#8220;1\/6&#8243;][\/vc_column][vc_column width=&#8220;4\/6&#8243; el_class=&#8220;pagina-pre&#8220;][vc_row_inner equal_height=&#8220;yes&#8220;][vc_column_inner el_class=&#8220;pagina&#8220; width=&#8220;2\/3&#8243; css=&#8220;.vc_custom_1599695027397{background-color: #ffffff !important;}&#8220;][vc_column_text css_animation=&#8220;fadeInDown&#8220; css=&#8220;.vc_custom_1683143928407{padding-top: 30px !important;padding-right: 30px !important;padding-bottom: 30px !important;padding-left: 30px !important;background-color: #ffffff !important;}&#8220;]<\/p>\n<h2>Bootsfahrt Alle Gletscher<\/h2>\n<h6>H\u00c4UFIGKEIT: T\u00c4GLICH<\/h6>\n<p>Um 07:00 Uhr werden Sie abgeholt um zum Hafen von Punta Bandera (50 Kilometer) zu fahren. Dort m\u00fcssen sie den Eintritt in den Nationalpark bezahlen.<\/p>\n<p>Die Einschiffung f\u00e4ngt um 08:30 Uhr an und die Abfahrt ist um 09:00 Uhr.<\/p>\n<p>Man f\u00e4hrt durch den Lago Argentino, um in den Nordarm und den Upsala-Kanal zwischen riesigen Eisbergen, die von der Vorderseite des Upsala-Gletschers abbrechen, zu navigieren.<\/p>\n<p>Danach fahren Sie zum Seco-Gletscher und zum Spegazzini-Gletscher. Nach der Besichtigung dieses Gletschers steigen Sie an der Spegazzini-Basis aus, wo Sie durch den Wald wandern k\u00f6nnen (mittlere Intensit\u00e4t) oder die Schutzh\u00fctte zum Mittagessen besuchen und schlie\u00dflich zum Hafen zur\u00fcckkehren, wo Sie voraussichtlich gegen 16:00 Uhr ankommen.<\/p>\n<p><strong>H\u00e4ufigkeit<\/strong>: T\u00e4glich<\/p>\n<p><strong>Abfahrtszeit<\/strong>: Ab 7:00 Uhr.<\/p>\n<p><strong>Ankunftszeit im Hotel<\/strong>: ca.17.00.<\/p>\n<p>*Zus\u00e4tzlicher Captain&#8217;s Club (VIP-Lounge) umfasst eine Lounge im Obergeschoss mit 30 Sitzpl\u00e4tzen, ergonomischen Sitzen, Hostess-Service mit hei\u00dfen und kalten Getr\u00e4nken (alkoholisch und alkoholfrei), Fr\u00fchst\u00fcck, Verkostung von ger\u00e4uchertem Fleisch und hausgemachten Pasteten und Toast mit Tr\u00fcffel Schokolade und Sekt oder Calafat-Lik\u00f6r.<\/p>\n<p>*Dieser Service FUNKTIONIERT NICHT am 25. Dezember &#8211; und 01. Januar<\/p>\n<p><b>Dieses Unternehmen ERHEBT KOSTEN F\u00dcR DATUMS\u00c4NDERUNGEN ODER STORNIERUNGEN AB 10 TAGE VOR DEM DATUM DER DIENSTLEISTUNG. <\/b>[\/vc_column_text][vc_btn title=&#8220;ANFRAGEN&#8220; color=&#8220;default&#8220; css_animation=&#8220;fadeInUp&#8220; link=&#8220;url:http%3A%2F%2Fposadalosalamos.com%2Fde%2Fkontakt|title:Contacto|target:%20_blank|&#8220; el_class=&#8220;boton&#8220;][vc_empty_space height=&#8220;22px&#8220;][\/vc_column_inner][vc_column_inner width=&#8220;1\/3&#8243; css=&#8220;.vc_custom_1601348908601{background-image: url(https:\/\/posadalosalamos.com\/wp-content\/uploads\/2020\/09\/navegacion.jpg?id=5844) !important;background-position: center !important;background-repeat: no-repeat !important;background-size: cover !important;}&#8220;][vc_empty_space height=&#8220;300px&#8220;][\/vc_column_inner][\/vc_row_inner][\/vc_column][vc_column width=&#8220;1\/6&#8243;][\/vc_column][\/vc_row][vc_row][vc_column][vc_empty_space height=&#8220;50px&#8220;][\/vc_column][\/vc_row][vc_row full_width=&#8220;stretch_row_content&#8220; margin_top=&#8220;30px&#8220; type=&#8220;2&#8243; el_class=&#8220;pagina-pre&#8220;][vc_column width=&#8220;1\/6&#8243;][\/vc_column][vc_column width=&#8220;4\/6&#8243; el_class=&#8220;pagina-pre&#8220;][vc_row_inner equal_height=&#8220;yes&#8220;][vc_column_inner el_class=&#8220;pagina&#8220; width=&#8220;1\/3&#8243; css=&#8220;.vc_custom_1681747100393{background: #ffffff url(https:\/\/posadalosalamos.com\/wp-content\/uploads\/2020\/09\/minitrekking.jpg?id=5845) !important;background-position: center !important;background-repeat: no-repeat !important;background-size: cover !important;}&#8220; offset=&#8220;vc_hidden-sm vc_hidden-xs&#8220;][vc_empty_space height=&#8220;300px&#8220;][\/vc_column_inner][vc_column_inner width=&#8220;2\/3&#8243; css=&#8220;.vc_custom_1601346656917{background-color: #ffffff !important;}&#8220;][vc_column_text css_animation=&#8220;fadeInDown&#8220; css=&#8220;.vc_custom_1683144060082{padding-top: 30px !important;padding-right: 30px !important;padding-bottom: 30px !important;padding-left: 30px !important;background-color: #ffffff !important;}&#8220;]<\/p>\n<h2><b>Mini-Trekking auf dem Moreno-Gletscher<\/b><\/h2>\n<h6>DAS MINITREKKING WIRD VON ANFANG AUGUST BIS ENDE MAI AUSGEF\u00dcHRT.<\/h6>\n<p>Sie fahren 70 km zum Hafen von Bajo Las Sombras, wo Sie mit einem Bootes den Rico-Arm des Lago Argentino \u00fcberqueren. Am gegen\u00fcberliegenden Ufer beginnt ein 40-min\u00fctiger Spaziergang mit dem Bergf\u00fchrer zum Fu\u00df des Gletschers, wo Sie Steigeisen bekommen, um das Mini-Trekking von etwa 2 Stunden auf dem Eis zu beginnen.<\/p>\n<p>Am Ende haben Sie freie Zeit, um Ihr Picknick zu essen und die Gehwege vor dem Gletscher zu besuchen (01 Stunde).<\/p>\n<p>Es ist wichtig, einen Lunchbox oder Picknick, Sport- oder Bergschuhe, warme Kleidung und Sonnenschutz mitzubringen.<\/p>\n<p><strong>Abfahrtszeit<\/strong>: ab 7 Uhr, (Es muss von der Agentur best\u00e4tigt werden.)<\/p>\n<p><strong>Ankunftszeit<\/strong>: ca. um 18:00 Uhr ca.<\/p>\n<p><strong>Alter<\/strong>: Von 10 Jahren bis 65 Jahren.<\/p>\n<p>*Kinder von 10 bis 15 Jahren zahlen den vollen Transfer und 20% Rabatt auf den Ausflug.-<\/p>\n<p><b>** NICHT F\u00dcR SCHWANGERE FRAUEN, MENSCHEN MIT HERZKRANKHEITEN, HYPERTONIE ODER LEICHTEN MOTORISCHEN BEHINDERUNGEN GEEIGNET.<\/b>[\/vc_column_text][vc_btn title=&#8220;ANFRAGEN&#8220; color=&#8220;default&#8220; css_animation=&#8220;fadeInUp&#8220; link=&#8220;url:http%3A%2F%2Fposadalosalamos.com%2Fkontakt|title:Contacto|target:%20_blank|&#8220; el_class=&#8220;boton&#8220;][vc_empty_space height=&#8220;22px&#8220;][\/vc_column_inner][\/vc_row_inner][\/vc_column][vc_column width=&#8220;1\/6&#8243;][\/vc_column][\/vc_row][vc_row][vc_column][vc_empty_space height=&#8220;52px&#8220;][\/vc_column][\/vc_row][vc_row][vc_column][\/vc_column][\/vc_row]<\/p>\n<\/section>","protected":false},"excerpt":{"rendered":"<p>[vc_row css=&#8220;.vc_custom_1681746928632{margin-top: -100px !important;}&#8220;][vc_column][vc_empty_space][\/vc_column][\/vc_row][vc_row full_width=&#8220;stretch_row_content&#8220; margin_top=&#8220;-65px&#8220; type=&#8220;2&#8243; el_class=&#8220;pagina-pre&#8220;][vc_column width=&#8220;1\/6&#8243;][\/vc_column][vc_column width=&#8220;4\/6&#8243; el_class=&#8220;pagina-pre&#8220;][vc_row_inner equal_height=&#8220;yes&#8220;][vc_column_inner el_class=&#8220;pagina&#8220; width=&#8220;2\/3&#8243; css=&#8220;.vc_custom_1599695027397{background-color: #ffffff !important;}&#8220;][vc_column_text css_animation=&#8220;fadeInDown&#8220; css=&#8220;.vc_custom_1683143836252{padding-top: 30px !important;padding-right: 30px !important;padding-bottom: 30px !important;padding-left: 30px !important;background-color: #ffffff !important;}&#8220;] Traditioneller Moreno-Gletscher Ausflug GANZJ\u00c4HRIG Der Perito-Moreno-Gletscher liegt 85 km von El Calafate entfernt, auf dem Weg fahren Sie zun\u00e4chst den Cerro de los Elefantes, um den [&hellip;]<\/p>\n","protected":false},"author":8,"featured_media":0,"parent":0,"menu_order":0,"comment_status":"closed","ping_status":"closed","template":"","meta":{"site-sidebar-layout":"no-sidebar","site-content-layout":"plain-container","ast-site-content-layout":"default","site-content-style":"default","site-sidebar-style":"default","ast-global-header-display":"","ast-banner-title-visibility":"","ast-main-header-display":"","ast-hfb-above-header-display":"","ast-hfb-below-header-display":"","ast-hfb-mobile-header-display":"","site-post-title":"disabled","ast-breadcrumbs-content":"","ast-featured-img":"disabled","footer-sml-layout":"","ast-disable-related-posts":"","theme-transparent-header-meta":"default","adv-header-id-meta":"","stick-header-meta":"default","header-above-stick-meta":"","header-main-stick-meta":"","header-below-stick-meta":"","astra-migrate-meta-layouts":"default","ast-page-background-enabled":"default","ast-page-background-meta":{"desktop":{"background-color":"var(--ast-global-color-4)","background-image":"","background-repeat":"repeat","background-position":"center center","background-size":"auto","background-attachment":"scroll","background-type":"","background-media":"","overlay-type":"","overlay-color":"","overlay-opacity":"","overlay-gradient":""},"tablet":{"background-color":"","background-image":"","background-repeat":"repeat","background-position":"center center","background-size":"auto","background-attachment":"scroll","background-type":"","background-media":"","overlay-type":"","overlay-color":"","overlay-opacity":"","overlay-gradient":""},"mobile":{"background-color":"","background-image":"","background-repeat":"repeat","background-position":"center center","background-size":"auto","background-attachment":"scroll","background-type":"","background-media":"","overlay-type":"","overlay-color":"","overlay-opacity":"","overlay-gradient":""}},"ast-content-background-meta":{"desktop":{"background-color":"var(--ast-global-color-5)","background-image":"","background-repeat":"repeat","background-position":"center center","background-size":"auto","background-attachment":"scroll","background-type":"","background-media":"","overlay-type":"","overlay-color":"","overlay-opacity":"","overlay-gradient":""},"tablet":{"background-color":"var(--ast-global-color-5)","background-image":"","background-repeat":"repeat","background-position":"center center","background-size":"auto","background-attachment":"scroll","background-type":"","background-media":"","overlay-type":"","overlay-color":"","overlay-opacity":"","overlay-gradient":""},"mobile":{"background-color":"var(--ast-global-color-5)","background-image":"","background-repeat":"repeat","background-position":"center center","background-size":"auto","background-attachment":"scroll","background-type":"","background-media":"","overlay-type":"","overlay-color":"","overlay-opacity":"","overlay-gradient":""}},"footnotes":""},"class_list":["post-6623","page","type-page","status-publish","hentry"],"yoast_head":"<!-- This site is optimized with the Yoast SEO plugin v27.3 - https:\/\/yoast.com\/product\/yoast-seo-wordpress\/ -->\n<title>Ausfl\u00fcge - Posada Los \u00c1lamos<\/title>\n<meta name=\"robots\" content=\"index, follow, max-snippet:-1, max-image-preview:large, max-video-preview:-1\" \/>\n<link rel=\"canonical\" href=\"https:\/\/posadalosalamos.com\/de\/ausfluge\/\" \/>\n<meta property=\"og:locale\" content=\"de_DE\" \/>\n<meta property=\"og:type\" content=\"article\" \/>\n<meta property=\"og:title\" content=\"Ausfl\u00fcge - Posada Los \u00c1lamos\" \/>\n<meta property=\"og:description\" content=\"[vc_row css=&#8220;.vc_custom_1681746928632{margin-top: -100px !important;}&#8220;][vc_column][vc_empty_space][\/vc_column][\/vc_row][vc_row full_width=&#8220;stretch_row_content&#8220; margin_top=&#8220;-65px&#8220; type=&#8220;2&#8243; el_class=&#8220;pagina-pre&#8220;][vc_column width=&#8220;1\/6&#8243;][\/vc_column][vc_column width=&#8220;4\/6&#8243; el_class=&#8220;pagina-pre&#8220;][vc_row_inner equal_height=&#8220;yes&#8220;][vc_column_inner el_class=&#8220;pagina&#8220; width=&#8220;2\/3&#8243; css=&#8220;.vc_custom_1599695027397{background-color: #ffffff !important;}&#8220;][vc_column_text css_animation=&#8220;fadeInDown&#8220; css=&#8220;.vc_custom_1683143836252{padding-top: 30px !important;padding-right: 30px !important;padding-bottom: 30px !important;padding-left: 30px !important;background-color: #ffffff !important;}&#8220;] Traditioneller Moreno-Gletscher Ausflug GANZJ\u00c4HRIG Der Perito-Moreno-Gletscher liegt 85 km von El Calafate entfernt, auf dem Weg fahren Sie zun\u00e4chst den Cerro de los Elefantes, um den [&hellip;]\" \/>\n<meta property=\"og:url\" content=\"https:\/\/posadalosalamos.com\/de\/ausfluge\/\" \/>\n<meta property=\"og:site_name\" content=\"Posada Los \u00c1lamos\" \/>\n<meta property=\"article:modified_time\" content=\"2023-05-03T20:23:29+00:00\" \/>\n<meta property=\"og:image\" content=\"https:\/\/posadalosalamos.com\/wp-content\/uploads\/2020\/08\/logo-2.png\" \/>\n\t<meta property=\"og:image:width\" content=\"130\" \/>\n\t<meta property=\"og:image:height\" content=\"100\" \/>\n\t<meta property=\"og:image:type\" content=\"image\/png\" \/>\n<meta name=\"twitter:card\" content=\"summary_large_image\" \/>\n<meta name=\"twitter:label1\" content=\"Gesch\u00e4tzte Lesezeit\" \/>\n\t<meta name=\"twitter:data1\" content=\"3\u00a0Minuten\" \/>\n<script type=\"application\/ld+json\" class=\"yoast-schema-graph\">{\"@context\":\"https:\\\/\\\/schema.org\",\"@graph\":[{\"@type\":\"WebPage\",\"@id\":\"https:\\\/\\\/posadalosalamos.com\\\/de\\\/ausfluge\\\/\",\"url\":\"https:\\\/\\\/posadalosalamos.com\\\/de\\\/ausfluge\\\/\",\"name\":\"Ausfl\u00fcge - Posada Los \u00c1lamos\",\"isPartOf\":{\"@id\":\"https:\\\/\\\/posadalosalamos.com\\\/#website\"},\"datePublished\":\"2020-09-29T01:55:07+00:00\",\"dateModified\":\"2023-05-03T20:23:29+00:00\",\"breadcrumb\":{\"@id\":\"https:\\\/\\\/posadalosalamos.com\\\/de\\\/ausfluge\\\/#breadcrumb\"},\"inLanguage\":\"de\",\"potentialAction\":[{\"@type\":\"ReadAction\",\"target\":[\"https:\\\/\\\/posadalosalamos.com\\\/de\\\/ausfluge\\\/\"]}]},{\"@type\":\"BreadcrumbList\",\"@id\":\"https:\\\/\\\/posadalosalamos.com\\\/de\\\/ausfluge\\\/#breadcrumb\",\"itemListElement\":[{\"@type\":\"ListItem\",\"position\":1,\"name\":\"Portada\",\"item\":\"https:\\\/\\\/posadalosalamos.com\\\/de\\\/\"},{\"@type\":\"ListItem\",\"position\":2,\"name\":\"Ausfl\u00fcge\"}]},{\"@type\":\"WebSite\",\"@id\":\"https:\\\/\\\/posadalosalamos.com\\\/#website\",\"url\":\"https:\\\/\\\/posadalosalamos.com\\\/\",\"name\":\"Posada Los \u00c1lamos\",\"description\":\"El Calafate, Patagonia, Argentina\",\"publisher\":{\"@id\":\"https:\\\/\\\/posadalosalamos.com\\\/#organization\"},\"alternateName\":\"Los \u00c1lamos\",\"potentialAction\":[{\"@type\":\"SearchAction\",\"target\":{\"@type\":\"EntryPoint\",\"urlTemplate\":\"https:\\\/\\\/posadalosalamos.com\\\/?s={search_term_string}\"},\"query-input\":{\"@type\":\"PropertyValueSpecification\",\"valueRequired\":true,\"valueName\":\"search_term_string\"}}],\"inLanguage\":\"de\"},{\"@type\":\"Organization\",\"@id\":\"https:\\\/\\\/posadalosalamos.com\\\/#organization\",\"name\":\"Hotel Posada Los \u00c1lamos\",\"url\":\"https:\\\/\\\/posadalosalamos.com\\\/\",\"logo\":{\"@type\":\"ImageObject\",\"inLanguage\":\"de\",\"@id\":\"https:\\\/\\\/posadalosalamos.com\\\/#\\\/schema\\\/logo\\\/image\\\/\",\"url\":\"https:\\\/\\\/posadalosalamos.com\\\/wp-content\\\/uploads\\\/2023\\\/04\\\/LOS-ALAMOS-logo-min.png\",\"contentUrl\":\"https:\\\/\\\/posadalosalamos.com\\\/wp-content\\\/uploads\\\/2023\\\/04\\\/LOS-ALAMOS-logo-min.png\",\"width\":1216,\"height\":853,\"caption\":\"Hotel Posada Los \u00c1lamos\"},\"image\":{\"@id\":\"https:\\\/\\\/posadalosalamos.com\\\/#\\\/schema\\\/logo\\\/image\\\/\"}}]}<\/script>\n<!-- \/ Yoast SEO plugin. -->","yoast_head_json":{"title":"Ausfl\u00fcge - Posada Los \u00c1lamos","robots":{"index":"index","follow":"follow","max-snippet":"max-snippet:-1","max-image-preview":"max-image-preview:large","max-video-preview":"max-video-preview:-1"},"canonical":"https:\/\/posadalosalamos.com\/de\/ausfluge\/","og_locale":"de_DE","og_type":"article","og_title":"Ausfl\u00fcge - Posada Los \u00c1lamos","og_description":"[vc_row css=&#8220;.vc_custom_1681746928632{margin-top: -100px !important;}&#8220;][vc_column][vc_empty_space][\/vc_column][\/vc_row][vc_row full_width=&#8220;stretch_row_content&#8220; margin_top=&#8220;-65px&#8220; type=&#8220;2&#8243; el_class=&#8220;pagina-pre&#8220;][vc_column width=&#8220;1\/6&#8243;][\/vc_column][vc_column width=&#8220;4\/6&#8243; el_class=&#8220;pagina-pre&#8220;][vc_row_inner equal_height=&#8220;yes&#8220;][vc_column_inner el_class=&#8220;pagina&#8220; width=&#8220;2\/3&#8243; css=&#8220;.vc_custom_1599695027397{background-color: #ffffff !important;}&#8220;][vc_column_text css_animation=&#8220;fadeInDown&#8220; css=&#8220;.vc_custom_1683143836252{padding-top: 30px !important;padding-right: 30px !important;padding-bottom: 30px !important;padding-left: 30px !important;background-color: #ffffff !important;}&#8220;] Traditioneller Moreno-Gletscher Ausflug GANZJ\u00c4HRIG Der Perito-Moreno-Gletscher liegt 85 km von El Calafate entfernt, auf dem Weg fahren Sie zun\u00e4chst den Cerro de los Elefantes, um den [&hellip;]","og_url":"https:\/\/posadalosalamos.com\/de\/ausfluge\/","og_site_name":"Posada Los \u00c1lamos","article_modified_time":"2023-05-03T20:23:29+00:00","og_image":[{"width":130,"height":100,"url":"https:\/\/posadalosalamos.com\/wp-content\/uploads\/2020\/08\/logo-2.png","type":"image\/png"}],"twitter_card":"summary_large_image","twitter_misc":{"Gesch\u00e4tzte Lesezeit":"3\u00a0Minuten"},"schema":{"@context":"https:\/\/schema.org","@graph":[{"@type":"WebPage","@id":"https:\/\/posadalosalamos.com\/de\/ausfluge\/","url":"https:\/\/posadalosalamos.com\/de\/ausfluge\/","name":"Ausfl\u00fcge - Posada Los \u00c1lamos","isPartOf":{"@id":"https:\/\/posadalosalamos.com\/#website"},"datePublished":"2020-09-29T01:55:07+00:00","dateModified":"2023-05-03T20:23:29+00:00","breadcrumb":{"@id":"https:\/\/posadalosalamos.com\/de\/ausfluge\/#breadcrumb"},"inLanguage":"de","potentialAction":[{"@type":"ReadAction","target":["https:\/\/posadalosalamos.com\/de\/ausfluge\/"]}]},{"@type":"BreadcrumbList","@id":"https:\/\/posadalosalamos.com\/de\/ausfluge\/#breadcrumb","itemListElement":[{"@type":"ListItem","position":1,"name":"Portada","item":"https:\/\/posadalosalamos.com\/de\/"},{"@type":"ListItem","position":2,"name":"Ausfl\u00fcge"}]},{"@type":"WebSite","@id":"https:\/\/posadalosalamos.com\/#website","url":"https:\/\/posadalosalamos.com\/","name":"Posada Los \u00c1lamos","description":"El Calafate, Patagonia, Argentina","publisher":{"@id":"https:\/\/posadalosalamos.com\/#organization"},"alternateName":"Los \u00c1lamos","potentialAction":[{"@type":"SearchAction","target":{"@type":"EntryPoint","urlTemplate":"https:\/\/posadalosalamos.com\/?s={search_term_string}"},"query-input":{"@type":"PropertyValueSpecification","valueRequired":true,"valueName":"search_term_string"}}],"inLanguage":"de"},{"@type":"Organization","@id":"https:\/\/posadalosalamos.com\/#organization","name":"Hotel Posada Los \u00c1lamos","url":"https:\/\/posadalosalamos.com\/","logo":{"@type":"ImageObject","inLanguage":"de","@id":"https:\/\/posadalosalamos.com\/#\/schema\/logo\/image\/","url":"https:\/\/posadalosalamos.com\/wp-content\/uploads\/2023\/04\/LOS-ALAMOS-logo-min.png","contentUrl":"https:\/\/posadalosalamos.com\/wp-content\/uploads\/2023\/04\/LOS-ALAMOS-logo-min.png","width":1216,"height":853,"caption":"Hotel Posada Los \u00c1lamos"},"image":{"@id":"https:\/\/posadalosalamos.com\/#\/schema\/logo\/image\/"}}]}},"_links":{"self":[{"href":"https:\/\/posadalosalamos.com\/de\/wp-json\/wp\/v2\/pages\/6623","targetHints":{"allow":["GET"]}}],"collection":[{"href":"https:\/\/posadalosalamos.com\/de\/wp-json\/wp\/v2\/pages"}],"about":[{"href":"https:\/\/posadalosalamos.com\/de\/wp-json\/wp\/v2\/types\/page"}],"author":[{"embeddable":true,"href":"https:\/\/posadalosalamos.com\/de\/wp-json\/wp\/v2\/users\/8"}],"replies":[{"embeddable":true,"href":"https:\/\/posadalosalamos.com\/de\/wp-json\/wp\/v2\/comments?post=6623"}],"version-history":[{"count":5,"href":"https:\/\/posadalosalamos.com\/de\/wp-json\/wp\/v2\/pages\/6623\/revisions"}],"predecessor-version":[{"id":7759,"href":"https:\/\/posadalosalamos.com\/de\/wp-json\/wp\/v2\/pages\/6623\/revisions\/7759"}],"wp:attachment":[{"href":"https:\/\/posadalosalamos.com\/de\/wp-json\/wp\/v2\/media?parent=6623"}],"curies":[{"name":"wp","href":"https:\/\/api.w.org\/{rel}","templated":true}]}}