{"id":6632,"date":"2020-08-28T01:51:55","date_gmt":"2020-08-28T04:51:55","guid":{"rendered":"https:\/\/posadalosalamos.com\/de\/ubicacion\/"},"modified":"2023-05-06T10:57:42","modified_gmt":"2023-05-06T13:57:42","slug":"ort","status":"publish","type":"page","link":"https:\/\/posadalosalamos.com\/de\/ort\/","title":{"rendered":"Ort"},"content":{"rendered":"<section class=\"wpb-content-wrapper\"><p>[vc_row css=&#8220;.vc_custom_1681760727511{margin-top: -100px !important;}&#8220;][vc_column]\n\t\t\t<!-- START ubicacion REVOLUTION SLIDER 6.6.16 --><p class=\"rs-p-wp-fix\"><\/p>\n\t\t\t<rs-module-wrap id=\"rev_slider_51_1_wrapper\" data-source=\"gallery\" style=\"visibility:hidden;background:transparent;padding:0;margin:0px auto;margin-top:0;margin-bottom:0;\">\n\t\t\t\t<rs-module id=\"rev_slider_51_1\" style=\"\" data-version=\"6.6.16\">\n\t\t\t\t\t<rs-slides style=\"overflow: hidden; position: absolute;\">\n\t\t\t\t\t\t<rs-slide style=\"position: absolute;\" data-key=\"rs-72\" data-title=\"Slide\" data-anim=\"ms:630;r:0;\" data-in=\"o:0;\" data-out=\"a:false;\">\n\t\t\t\t\t\t\t<img decoding=\"async\" src=\"\/\/posadalosalamos.com\/wp-content\/plugins\/revslider\/public\/assets\/assets\/dummy.png\" alt=\"\" class=\"rev-slidebg tp-rs-img rs-lazyload\" data-lazyload=\"\/\/posadalosalamos.com\/wp-content\/uploads\/2020\/09\/ubicacion-panoramicaarmada-scaled.jpg\" data-bg=\"p:center top;\" data-panzoom=\"d:14000ms;e:power0.in;ss:110%;se:100%;\" data-no-retina>\n<!---->\t\t\t\t\t\t<\/rs-slide>\n\t\t\t\t\t<\/rs-slides>\n\t\t\t\t<\/rs-module>\n\t\t\t\t<script>\n\t\t\t\t\tsetREVStartSize({c: 'rev_slider_51_1',rl:[1240,1024,778,480],el:[600],gw:[1500],gh:[600],type:'standard',justify:'',layout:'fullwidth',mh:\"0\"});if (window.RS_MODULES!==undefined && window.RS_MODULES.modules!==undefined && window.RS_MODULES.modules[\"revslider511\"]!==undefined) {window.RS_MODULES.modules[\"revslider511\"].once = false;window.revapi51 = undefined;if (window.RS_MODULES.checkMinimal!==undefined) window.RS_MODULES.checkMinimal()}\n\t\t\t\t<\/script>\n\t\t\t<\/rs-module-wrap>\n\t\t\t<!-- END REVOLUTION SLIDER -->\n[vc_empty_space][\/vc_column][\/vc_row][vc_row full_width=&#8220;stretch_row_content&#8220; equal_height=&#8220;yes&#8220; content_placement=&#8220;top&#8220; margin_top=&#8220;-40px&#8220; margin_bottom=&#8220;20px&#8220; type=&#8220;2&#8243; css=&#8220;.vc_custom_1681760843497{margin-bottom: 20px !important;}&#8220;][vc_column width=&#8220;1\/6&#8243;][\/vc_column][vc_column width=&#8220;4\/6&#8243; el_class=&#8220;pagina-pre&#8220;][vc_row_inner][vc_column_inner width=&#8220;1\/2&#8243;][vc_single_image image=&#8220;5775&#8243; img_size=&#8220;full&#8220; alignment=&#8220;center&#8220; css_animation=&#8220;fadeIn&#8220; el_class=&#8220;imagenhome&#8220;][vc_column_text css_animation=&#8220;fadeInUp&#8220; css=&#8220;.vc_custom_1683381411823{margin-top: -50px !important;padding-top: 12px !important;padding-right: 12px !important;padding-bottom: 32px !important;padding-left: 12px !important;background-color: #ffffff !important;}&#8220; el_class=&#8220;blanco&#8220;]<\/p>\n<h2>Wie kommt man an?<\/h2>\n<h6>VERSCHIEDENE OPTIONEN UND MITTEL. DAS BESTE REISEZIEL.<\/h6>\n<p>Die Stadt El Calafate liegt in der Republik Argentinien, im \u00e4u\u00dfersten S\u00fcden Lateinamerikas.<\/p>\n<p>Ankunftsm\u00f6glichkeiten:<\/p>\n<p><strong>FLUGZEUG<\/strong>: Der direkteste Weg ist die Anreise mit dem Flugzeug zum Flughafen El Calafate (FTE), 18 km \u00f6stlich dieser Stadt. Die meisten Fl\u00fcge starten vom Flughafen Jorge Newbery (AEP) in Buenos Aires.<\/p>\n<p><strong>FLUG &#8211; BUS KOMBINATION<\/strong>: Eine weitere M\u00f6glichkeit besteht darin, zum Flughafen R\u00edo Gallegos (RGL) zu reisen und von dort mit dem Bus etwa 4 Stunden entlang der Provinzroute Nr. 5 zu fahren.<\/p>\n<p><strong>\u00dcBER LAND<\/strong>: Mit dem Auto oder Bus k\u00f6nnen Sie \u00fcber die Nationalstra\u00dfe Nr. 3 nach R\u00edo Gallegos und dann \u00fcber die Provinzstra\u00dfe Nr. 5 bis nach El Calafate ankommen.<\/p>\n<h5 style=\"text-align: center;\"><\/h5>\n<p>[\/vc_column_text][vc_empty_space height=&#8220;20px&#8220;][\/vc_column_inner][vc_column_inner width=&#8220;1\/2&#8243;][vc_single_image image=&#8220;5584&#8243; img_size=&#8220;full&#8220; alignment=&#8220;center&#8220; css_animation=&#8220;fadeIn&#8220; el_class=&#8220;imagenhome&#8220;][vc_column_text css_animation=&#8220;fadeInUp&#8220; css=&#8220;.vc_custom_1683381459245{margin-top: -50px !important;padding-top: 12px !important;padding-right: 12px !important;padding-bottom: 32px !important;padding-left: 12px !important;background-color: #ffffff !important;}&#8220; el_class=&#8220;blanco&#8220;]<\/p>\n<h2 class=\"av-special-heading-tag\">Wo wir sind?<\/h2>\n<h6>EIN MODERNER UND EXKLUSIVER PLATZ<\/h6>\n<p>Das Hotel Posada Los \u00c1lamos liegt nur wenige Meter von der Hauptstra\u00dfe und dem Gesch\u00e4ftszentrum von El Calafate entfernt.<\/p>\n<p><strong>GPS KOORDINATEN:<\/strong><\/p>\n<p>50.336353\u00b0 S \u2013 72.269526\u00b0 W<\/p>\n<h6><strong><a href=\"https:\/\/www.google.com.ar\/maps\/place\/Posada+Los+Alamos\/@-50.336123,-72.2688195,3a,75y,167.3h,90t\/data=!3m7!1e1!3m5!1s1ocrsNe7JPPhJzaxdjVxiQ!2e0!6s%2F%2Fgeo0.ggpht.com%2Fcbk%3Fpanoid%3D1ocrsNe7JPPhJzaxdjVxiQ%26output%3Dthumbnail%26cb_client%3Dmaps_sv.tactile.gps%26thumb%3D2%26w%3D203%26h%3D100%26yaw%3D171.81754%26pitch%3D0!7i13312!8i6656!4m5!3m4!1s0xbdbb0cc0138f62cb:0xeb239368eb7aa274!8m2!3d-50.336264!4d-72.268935!6m1!1e1?hl=en\" target=\"_blank\" rel=\"noopener noreferrer\">SIEHE IN GOOGLE STREET VIEW<\/a><\/strong><\/h6>\n<p>[\/vc_column_text][vc_empty_space height=&#8220;20px&#8220;][\/vc_column_inner][\/vc_row_inner][\/vc_column][vc_column width=&#8220;1\/6&#8243;][\/vc_column][\/vc_row]<\/p>\n<\/section>","protected":false},"excerpt":{"rendered":"<p>[vc_row css=&#8220;.vc_custom_1681760727511{margin-top: -100px !important;}&#8220;][vc_column][vc_empty_space][\/vc_column][\/vc_row][vc_row full_width=&#8220;stretch_row_content&#8220; equal_height=&#8220;yes&#8220; content_placement=&#8220;top&#8220; margin_top=&#8220;-40px&#8220; margin_bottom=&#8220;20px&#8220; type=&#8220;2&#8243; css=&#8220;.vc_custom_1681760843497{margin-bottom: 20px !important;}&#8220;][vc_column width=&#8220;1\/6&#8243;][\/vc_column][vc_column width=&#8220;4\/6&#8243; el_class=&#8220;pagina-pre&#8220;][vc_row_inner][vc_column_inner width=&#8220;1\/2&#8243;][vc_single_image image=&#8220;5775&#8243; img_size=&#8220;full&#8220; alignment=&#8220;center&#8220; css_animation=&#8220;fadeIn&#8220; el_class=&#8220;imagenhome&#8220;][vc_column_text css_animation=&#8220;fadeInUp&#8220; css=&#8220;.vc_custom_1683381411823{margin-top: -50px !important;padding-top: 12px !important;padding-right: 12px !important;padding-bottom: 32px !important;padding-left: 12px !important;background-color: #ffffff !important;}&#8220; el_class=&#8220;blanco&#8220;] Wie kommt man an? VERSCHIEDENE OPTIONEN UND MITTEL. DAS BESTE REISEZIEL. Die Stadt El Calafate liegt in der [&hellip;]<\/p>\n","protected":false},"author":8,"featured_media":0,"parent":0,"menu_order":0,"comment_status":"closed","ping_status":"closed","template":"","meta":{"site-sidebar-layout":"no-sidebar","site-content-layout":"plain-container","ast-site-content-layout":"default","site-content-style":"default","site-sidebar-style":"default","ast-global-header-display":"","ast-banner-title-visibility":"","ast-main-header-display":"","ast-hfb-above-header-display":"","ast-hfb-below-header-display":"","ast-hfb-mobile-header-display":"","site-post-title":"disabled","ast-breadcrumbs-content":"","ast-featured-img":"disabled","footer-sml-layout":"","ast-disable-related-posts":"","theme-transparent-header-meta":"default","adv-header-id-meta":"","stick-header-meta":"default","header-above-stick-meta":"","header-main-stick-meta":"","header-below-stick-meta":"","astra-migrate-meta-layouts":"default","ast-page-background-enabled":"default","ast-page-background-meta":{"desktop":{"background-color":"var(--ast-global-color-4)","background-image":"","background-repeat":"repeat","background-position":"center center","background-size":"auto","background-attachment":"scroll","background-type":"","background-media":"","overlay-type":"","overlay-color":"","overlay-opacity":"","overlay-gradient":""},"tablet":{"background-color":"","background-image":"","background-repeat":"repeat","background-position":"center center","background-size":"auto","background-attachment":"scroll","background-type":"","background-media":"","overlay-type":"","overlay-color":"","overlay-opacity":"","overlay-gradient":""},"mobile":{"background-color":"","background-image":"","background-repeat":"repeat","background-position":"center center","background-size":"auto","background-attachment":"scroll","background-type":"","background-media":"","overlay-type":"","overlay-color":"","overlay-opacity":"","overlay-gradient":""}},"ast-content-background-meta":{"desktop":{"background-color":"var(--ast-global-color-5)","background-image":"","background-repeat":"repeat","background-position":"center center","background-size":"auto","background-attachment":"scroll","background-type":"","background-media":"","overlay-type":"","overlay-color":"","overlay-opacity":"","overlay-gradient":""},"tablet":{"background-color":"var(--ast-global-color-5)","background-image":"","background-repeat":"repeat","background-position":"center center","background-size":"auto","background-attachment":"scroll","background-type":"","background-media":"","overlay-type":"","overlay-color":"","overlay-opacity":"","overlay-gradient":""},"mobile":{"background-color":"var(--ast-global-color-5)","background-image":"","background-repeat":"repeat","background-position":"center center","background-size":"auto","background-attachment":"scroll","background-type":"","background-media":"","overlay-type":"","overlay-color":"","overlay-opacity":"","overlay-gradient":""}},"footnotes":""},"class_list":["post-6632","page","type-page","status-publish","hentry"],"yoast_head":"<!-- This site is optimized with the Yoast SEO plugin v27.3 - https:\/\/yoast.com\/product\/yoast-seo-wordpress\/ -->\n<title>Ort - Posada Los \u00c1lamos<\/title>\n<meta name=\"robots\" content=\"index, follow, max-snippet:-1, max-image-preview:large, max-video-preview:-1\" \/>\n<link rel=\"canonical\" href=\"https:\/\/posadalosalamos.com\/de\/ort\/\" \/>\n<meta property=\"og:locale\" content=\"de_DE\" \/>\n<meta property=\"og:type\" content=\"article\" \/>\n<meta property=\"og:title\" content=\"Ort - Posada Los \u00c1lamos\" \/>\n<meta property=\"og:description\" content=\"[vc_row css=&#8220;.vc_custom_1681760727511{margin-top: -100px !important;}&#8220;][vc_column][vc_empty_space][\/vc_column][\/vc_row][vc_row full_width=&#8220;stretch_row_content&#8220; equal_height=&#8220;yes&#8220; content_placement=&#8220;top&#8220; margin_top=&#8220;-40px&#8220; margin_bottom=&#8220;20px&#8220; type=&#8220;2&#8243; css=&#8220;.vc_custom_1681760843497{margin-bottom: 20px !important;}&#8220;][vc_column width=&#8220;1\/6&#8243;][\/vc_column][vc_column width=&#8220;4\/6&#8243; el_class=&#8220;pagina-pre&#8220;][vc_row_inner][vc_column_inner width=&#8220;1\/2&#8243;][vc_single_image image=&#8220;5775&#8243; img_size=&#8220;full&#8220; alignment=&#8220;center&#8220; css_animation=&#8220;fadeIn&#8220; el_class=&#8220;imagenhome&#8220;][vc_column_text css_animation=&#8220;fadeInUp&#8220; css=&#8220;.vc_custom_1683381411823{margin-top: -50px !important;padding-top: 12px !important;padding-right: 12px !important;padding-bottom: 32px !important;padding-left: 12px !important;background-color: #ffffff !important;}&#8220; el_class=&#8220;blanco&#8220;] Wie kommt man an? VERSCHIEDENE OPTIONEN UND MITTEL. DAS BESTE REISEZIEL. Die Stadt El Calafate liegt in der [&hellip;]\" \/>\n<meta property=\"og:url\" content=\"https:\/\/posadalosalamos.com\/de\/ort\/\" \/>\n<meta property=\"og:site_name\" content=\"Posada Los \u00c1lamos\" \/>\n<meta property=\"article:modified_time\" content=\"2023-05-06T13:57:42+00:00\" \/>\n<meta property=\"og:image\" content=\"https:\/\/posadalosalamos.com\/wp-content\/uploads\/2020\/08\/logo-2.png\" \/>\n\t<meta property=\"og:image:width\" content=\"130\" \/>\n\t<meta property=\"og:image:height\" content=\"100\" \/>\n\t<meta property=\"og:image:type\" content=\"image\/png\" \/>\n<meta name=\"twitter:card\" content=\"summary_large_image\" \/>\n<meta name=\"twitter:label1\" content=\"Gesch\u00e4tzte Lesezeit\" \/>\n\t<meta name=\"twitter:data1\" content=\"2\u00a0Minuten\" \/>\n<script type=\"application\/ld+json\" class=\"yoast-schema-graph\">{\"@context\":\"https:\\\/\\\/schema.org\",\"@graph\":[{\"@type\":\"WebPage\",\"@id\":\"https:\\\/\\\/posadalosalamos.com\\\/de\\\/ort\\\/\",\"url\":\"https:\\\/\\\/posadalosalamos.com\\\/de\\\/ort\\\/\",\"name\":\"Ort - Posada Los \u00c1lamos\",\"isPartOf\":{\"@id\":\"https:\\\/\\\/posadalosalamos.com\\\/#website\"},\"datePublished\":\"2020-08-28T04:51:55+00:00\",\"dateModified\":\"2023-05-06T13:57:42+00:00\",\"breadcrumb\":{\"@id\":\"https:\\\/\\\/posadalosalamos.com\\\/de\\\/ort\\\/#breadcrumb\"},\"inLanguage\":\"de\",\"potentialAction\":[{\"@type\":\"ReadAction\",\"target\":[\"https:\\\/\\\/posadalosalamos.com\\\/de\\\/ort\\\/\"]}]},{\"@type\":\"BreadcrumbList\",\"@id\":\"https:\\\/\\\/posadalosalamos.com\\\/de\\\/ort\\\/#breadcrumb\",\"itemListElement\":[{\"@type\":\"ListItem\",\"position\":1,\"name\":\"Portada\",\"item\":\"https:\\\/\\\/posadalosalamos.com\\\/de\\\/\"},{\"@type\":\"ListItem\",\"position\":2,\"name\":\"Ort\"}]},{\"@type\":\"WebSite\",\"@id\":\"https:\\\/\\\/posadalosalamos.com\\\/#website\",\"url\":\"https:\\\/\\\/posadalosalamos.com\\\/\",\"name\":\"Posada Los \u00c1lamos\",\"description\":\"El Calafate, Patagonia, Argentina\",\"publisher\":{\"@id\":\"https:\\\/\\\/posadalosalamos.com\\\/#organization\"},\"alternateName\":\"Los \u00c1lamos\",\"potentialAction\":[{\"@type\":\"SearchAction\",\"target\":{\"@type\":\"EntryPoint\",\"urlTemplate\":\"https:\\\/\\\/posadalosalamos.com\\\/?s={search_term_string}\"},\"query-input\":{\"@type\":\"PropertyValueSpecification\",\"valueRequired\":true,\"valueName\":\"search_term_string\"}}],\"inLanguage\":\"de\"},{\"@type\":\"Organization\",\"@id\":\"https:\\\/\\\/posadalosalamos.com\\\/#organization\",\"name\":\"Hotel Posada Los \u00c1lamos\",\"url\":\"https:\\\/\\\/posadalosalamos.com\\\/\",\"logo\":{\"@type\":\"ImageObject\",\"inLanguage\":\"de\",\"@id\":\"https:\\\/\\\/posadalosalamos.com\\\/#\\\/schema\\\/logo\\\/image\\\/\",\"url\":\"https:\\\/\\\/posadalosalamos.com\\\/wp-content\\\/uploads\\\/2023\\\/04\\\/LOS-ALAMOS-logo-min.png\",\"contentUrl\":\"https:\\\/\\\/posadalosalamos.com\\\/wp-content\\\/uploads\\\/2023\\\/04\\\/LOS-ALAMOS-logo-min.png\",\"width\":1216,\"height\":853,\"caption\":\"Hotel Posada Los \u00c1lamos\"},\"image\":{\"@id\":\"https:\\\/\\\/posadalosalamos.com\\\/#\\\/schema\\\/logo\\\/image\\\/\"}}]}<\/script>\n<!-- \/ Yoast SEO plugin. -->","yoast_head_json":{"title":"Ort - Posada Los \u00c1lamos","robots":{"index":"index","follow":"follow","max-snippet":"max-snippet:-1","max-image-preview":"max-image-preview:large","max-video-preview":"max-video-preview:-1"},"canonical":"https:\/\/posadalosalamos.com\/de\/ort\/","og_locale":"de_DE","og_type":"article","og_title":"Ort - Posada Los \u00c1lamos","og_description":"[vc_row css=&#8220;.vc_custom_1681760727511{margin-top: -100px !important;}&#8220;][vc_column][vc_empty_space][\/vc_column][\/vc_row][vc_row full_width=&#8220;stretch_row_content&#8220; equal_height=&#8220;yes&#8220; content_placement=&#8220;top&#8220; margin_top=&#8220;-40px&#8220; margin_bottom=&#8220;20px&#8220; type=&#8220;2&#8243; css=&#8220;.vc_custom_1681760843497{margin-bottom: 20px !important;}&#8220;][vc_column width=&#8220;1\/6&#8243;][\/vc_column][vc_column width=&#8220;4\/6&#8243; el_class=&#8220;pagina-pre&#8220;][vc_row_inner][vc_column_inner width=&#8220;1\/2&#8243;][vc_single_image image=&#8220;5775&#8243; img_size=&#8220;full&#8220; alignment=&#8220;center&#8220; css_animation=&#8220;fadeIn&#8220; el_class=&#8220;imagenhome&#8220;][vc_column_text css_animation=&#8220;fadeInUp&#8220; css=&#8220;.vc_custom_1683381411823{margin-top: -50px !important;padding-top: 12px !important;padding-right: 12px !important;padding-bottom: 32px !important;padding-left: 12px !important;background-color: #ffffff !important;}&#8220; el_class=&#8220;blanco&#8220;] Wie kommt man an? VERSCHIEDENE OPTIONEN UND MITTEL. DAS BESTE REISEZIEL. Die Stadt El Calafate liegt in der [&hellip;]","og_url":"https:\/\/posadalosalamos.com\/de\/ort\/","og_site_name":"Posada Los \u00c1lamos","article_modified_time":"2023-05-06T13:57:42+00:00","og_image":[{"width":130,"height":100,"url":"https:\/\/posadalosalamos.com\/wp-content\/uploads\/2020\/08\/logo-2.png","type":"image\/png"}],"twitter_card":"summary_large_image","twitter_misc":{"Gesch\u00e4tzte Lesezeit":"2\u00a0Minuten"},"schema":{"@context":"https:\/\/schema.org","@graph":[{"@type":"WebPage","@id":"https:\/\/posadalosalamos.com\/de\/ort\/","url":"https:\/\/posadalosalamos.com\/de\/ort\/","name":"Ort - Posada Los \u00c1lamos","isPartOf":{"@id":"https:\/\/posadalosalamos.com\/#website"},"datePublished":"2020-08-28T04:51:55+00:00","dateModified":"2023-05-06T13:57:42+00:00","breadcrumb":{"@id":"https:\/\/posadalosalamos.com\/de\/ort\/#breadcrumb"},"inLanguage":"de","potentialAction":[{"@type":"ReadAction","target":["https:\/\/posadalosalamos.com\/de\/ort\/"]}]},{"@type":"BreadcrumbList","@id":"https:\/\/posadalosalamos.com\/de\/ort\/#breadcrumb","itemListElement":[{"@type":"ListItem","position":1,"name":"Portada","item":"https:\/\/posadalosalamos.com\/de\/"},{"@type":"ListItem","position":2,"name":"Ort"}]},{"@type":"WebSite","@id":"https:\/\/posadalosalamos.com\/#website","url":"https:\/\/posadalosalamos.com\/","name":"Posada Los \u00c1lamos","description":"El Calafate, Patagonia, Argentina","publisher":{"@id":"https:\/\/posadalosalamos.com\/#organization"},"alternateName":"Los \u00c1lamos","potentialAction":[{"@type":"SearchAction","target":{"@type":"EntryPoint","urlTemplate":"https:\/\/posadalosalamos.com\/?s={search_term_string}"},"query-input":{"@type":"PropertyValueSpecification","valueRequired":true,"valueName":"search_term_string"}}],"inLanguage":"de"},{"@type":"Organization","@id":"https:\/\/posadalosalamos.com\/#organization","name":"Hotel Posada Los \u00c1lamos","url":"https:\/\/posadalosalamos.com\/","logo":{"@type":"ImageObject","inLanguage":"de","@id":"https:\/\/posadalosalamos.com\/#\/schema\/logo\/image\/","url":"https:\/\/posadalosalamos.com\/wp-content\/uploads\/2023\/04\/LOS-ALAMOS-logo-min.png","contentUrl":"https:\/\/posadalosalamos.com\/wp-content\/uploads\/2023\/04\/LOS-ALAMOS-logo-min.png","width":1216,"height":853,"caption":"Hotel Posada Los \u00c1lamos"},"image":{"@id":"https:\/\/posadalosalamos.com\/#\/schema\/logo\/image\/"}}]}},"_links":{"self":[{"href":"https:\/\/posadalosalamos.com\/de\/wp-json\/wp\/v2\/pages\/6632","targetHints":{"allow":["GET"]}}],"collection":[{"href":"https:\/\/posadalosalamos.com\/de\/wp-json\/wp\/v2\/pages"}],"about":[{"href":"https:\/\/posadalosalamos.com\/de\/wp-json\/wp\/v2\/types\/page"}],"author":[{"embeddable":true,"href":"https:\/\/posadalosalamos.com\/de\/wp-json\/wp\/v2\/users\/8"}],"replies":[{"embeddable":true,"href":"https:\/\/posadalosalamos.com\/de\/wp-json\/wp\/v2\/comments?post=6632"}],"version-history":[{"count":7,"href":"https:\/\/posadalosalamos.com\/de\/wp-json\/wp\/v2\/pages\/6632\/revisions"}],"predecessor-version":[{"id":7783,"href":"https:\/\/posadalosalamos.com\/de\/wp-json\/wp\/v2\/pages\/6632\/revisions\/7783"}],"wp:attachment":[{"href":"https:\/\/posadalosalamos.com\/de\/wp-json\/wp\/v2\/media?parent=6632"}],"curies":[{"name":"wp","href":"https:\/\/api.w.org\/{rel}","templated":true}]}}