{"id":6656,"date":"2020-08-28T00:22:06","date_gmt":"2020-08-28T03:22:06","guid":{"rendered":"https:\/\/posadalosalamos.com\/de\/habitaciones\/"},"modified":"2025-06-03T20:05:49","modified_gmt":"2025-06-03T23:05:49","slug":"zimmer-und-suiten","status":"publish","type":"page","link":"https:\/\/posadalosalamos.com\/de\/zimmer-und-suiten\/","title":{"rendered":"Zimmer &#038; Suiten"},"content":{"rendered":"<section class=\"wpb-content-wrapper\"><p>[vc_row css=&#8220;.vc_custom_1681749788204{margin-top: -100px !important;}&#8220;][vc_column]\n\t\t\t<!-- START habitacion REVOLUTION SLIDER 6.6.16 --><p class=\"rs-p-wp-fix\"><\/p>\n\t\t\t<rs-module-wrap id=\"rev_slider_57_1_wrapper\" data-source=\"gallery\" style=\"visibility:hidden;background:transparent;padding:0;margin:0px auto;margin-top:0;margin-bottom:0;\">\n\t\t\t\t<rs-module id=\"rev_slider_57_1\" style=\"\" data-version=\"6.6.16\">\n\t\t\t\t\t<rs-slides style=\"overflow: hidden; position: absolute;\">\n\t\t\t\t\t\t<rs-slide style=\"position: absolute;\" data-key=\"rs-78\" data-title=\"Slide\" data-anim=\"ms:630;\" data-in=\"o:0;\" data-out=\"a:false;\">\n\t\t\t\t\t\t\t<img decoding=\"async\" src=\"\/\/posadalosalamos.com\/wp-content\/plugins\/revslider\/public\/assets\/assets\/dummy.png\" alt=\"\" class=\"rev-slidebg tp-rs-img rs-lazyload\" data-lazyload=\"\/\/posadalosalamos.com\/wp-content\/uploads\/2023\/07\/Habitaciones.jpg\" data-bg=\"p:right center;\" data-panzoom=\"d:14000ms;e:power0.in;ss:110%;se:100%;\" data-no-retina>\n<!---->\t\t\t\t\t\t<\/rs-slide>\n\t\t\t\t\t<\/rs-slides>\n\t\t\t\t<\/rs-module>\n\t\t\t\t<script>\n\t\t\t\t\tsetREVStartSize({c: 'rev_slider_57_1',rl:[1240,1240,1240,480],el:[600,600,600,720],gw:[1500,1500,1500,480],gh:[600,600,600,720],type:'standard',justify:'',layout:'fullwidth',mh:\"0\"});if (window.RS_MODULES!==undefined && window.RS_MODULES.modules!==undefined && window.RS_MODULES.modules[\"revslider571\"]!==undefined) {window.RS_MODULES.modules[\"revslider571\"].once = false;window.revapi57 = undefined;if (window.RS_MODULES.checkMinimal!==undefined) window.RS_MODULES.checkMinimal()}\n\t\t\t\t<\/script>\n\t\t\t<\/rs-module-wrap>\n\t\t\t<!-- END REVOLUTION SLIDER -->\n[vc_empty_space][\/vc_column][\/vc_row][vc_row full_width=&#8220;stretch_row_content&#8220; equal_height=&#8220;yes&#8220; content_placement=&#8220;top&#8220; margin_top=&#8220;-40px&#8220; margin_bottom=&#8220;20px&#8220; type=&#8220;2&#8243; css=&#8220;.vc_custom_1680383317357{margin-bottom: 20px !important;padding-right: 0px !important;padding-left: 0px !important;}&#8220;][vc_column width=&#8220;1\/6&#8243;][\/vc_column][vc_column width=&#8220;4\/6&#8243; el_class=&#8220;pagina-pre&#8220;][vc_row_inner][vc_column_inner width=&#8220;1\/2&#8243; offset=&#8220;vc_hidden-sm vc_hidden-xs&#8220;][vc_single_image image=&#8220;11285&#8243; img_size=&#8220;full&#8220; alignment=&#8220;center&#8220; css_animation=&#8220;fadeIn&#8220; el_class=&#8220;imagenhome&#8220;][vc_column_text css_animation=&#8220;fadeInUp&#8220; css=&#8220;.vc_custom_1683386872340{margin-top: -40px !important;padding-top: 12px !important;padding-right: 12px !important;padding-bottom: 32px !important;padding-left: 12px !important;background-color: #ffffff !important;}&#8220; el_class=&#8220;habitacion&#8220;]<\/p>\n<h2>Standardzimmer<\/h2>\n<h6>EINZEL-, DOPPEL-, ZWEI- ODER DREIBETTZIMMER<\/h6>\n<p>Gem\u00fctliche Zimmer, exklusiv eingerichtet, mit Blick auf unsere G\u00e4rten oder die Stadt.<\/p>\n<h6 style=\"text-align: center;\"><a href=\"https:\/\/posadalosalamos.com\/de\/standardzimmer\"><strong>MEHR SEHEN<\/strong><\/a><\/h6>\n<p>[\/vc_column_text][vc_empty_space height=&#8220;20px&#8220;][\/vc_column_inner][vc_column_inner width=&#8220;1\/2&#8243; offset=&#8220;vc_hidden-sm vc_hidden-xs&#8220;][vc_single_image image=&#8220;11292&#8243; img_size=&#8220;full&#8220; alignment=&#8220;center&#8220; css_animation=&#8220;fadeIn&#8220; el_class=&#8220;imagenhome&#8220;][vc_column_text css_animation=&#8220;fadeInUp&#8220; css=&#8220;.vc_custom_1683386924785{margin-top: -40px !important;padding-top: 12px !important;padding-right: 12px !important;padding-bottom: 32px !important;padding-left: 12px !important;background-color: #ffffff !important;}&#8220; el_class=&#8220;habitacion&#8220;]<\/p>\n<h2>Studio<\/h2>\n<h6>EIN MODERNER UND EXKLUSIVER RAUM<\/h6>\n<p>Gem\u00fctliches Zimmer, 26 m\u00b2. Exklusiv eingerichtet, mit Blick auf unsere G\u00e4rten, mit einem Kingsize-Doppelbett.<\/p>\n<h6 style=\"text-align: center;\"><a href=\"https:\/\/posadalosalamos.com\/de\/studio\"><strong>MEHR SEHEN<\/strong><\/a><\/h6>\n<p>[\/vc_column_text][vc_empty_space height=&#8220;20px&#8220;][\/vc_column_inner][\/vc_row_inner][\/vc_column][vc_column width=&#8220;1\/6&#8243;][\/vc_column][\/vc_row][vc_row full_width=&#8220;stretch_row_content&#8220; equal_height=&#8220;yes&#8220; content_placement=&#8220;top&#8220; margin_top=&#8220;20px&#8220; margin_bottom=&#8220;20px&#8220; type=&#8220;2&#8243; css=&#8220;.vc_custom_1680383299116{margin-bottom: 20px !important;padding-right: 0px !important;padding-left: 0px !important;}&#8220;][vc_column width=&#8220;1\/6&#8243;][\/vc_column][vc_column width=&#8220;4\/6&#8243; el_class=&#8220;pagina-pre&#8220;][vc_row_inner][vc_column_inner width=&#8220;1\/2&#8243; offset=&#8220;vc_hidden-sm vc_hidden-xs&#8220;][vc_single_image image=&#8220;11425&#8243; img_size=&#8220;full&#8220; alignment=&#8220;center&#8220; css_animation=&#8220;fadeIn&#8220; el_class=&#8220;imagenhome&#8220;][vc_column_text css_animation=&#8220;fadeInUp&#8220; css=&#8220;.vc_custom_1683386986671{margin-top: -40px !important;padding-top: 12px !important;padding-right: 12px !important;padding-bottom: 32px !important;padding-left: 12px !important;background-color: #ffffff !important;}&#8220; el_class=&#8220;habitacion&#8220;]<\/p>\n<h2>Junior-Suite<\/h2>\n<h6>TRADITIONELLER KOMFORT<\/h6>\n<p>Gem\u00fctliches, 27 m\u00b2 gro\u00dfes, speziell eingerichtetes Zimmer mit Blick auf unsere G\u00e4rten, ausgestattet mit einem Queensize-Doppelbett.<\/p>\n<h6 style=\"text-align: center;\"><a href=\"https:\/\/posadalosalamos.com\/de\/junior-suite\"><strong>MEHR SEHEN<\/strong><\/a><\/h6>\n<p>[\/vc_column_text][vc_empty_space height=&#8220;20px&#8220;][\/vc_column_inner][vc_column_inner width=&#8220;1\/2&#8243; offset=&#8220;vc_hidden-sm vc_hidden-xs&#8220;][vc_single_image image=&#8220;11419&#8243; img_size=&#8220;full&#8220; alignment=&#8220;center&#8220; css_animation=&#8220;fadeIn&#8220; el_class=&#8220;imagenhome&#8220;][vc_column_text css_animation=&#8220;fadeInUp&#8220; css=&#8220;.vc_custom_1683387061499{margin-top: -40px !important;padding-top: 12px !important;padding-right: 12px !important;padding-bottom: 32px !important;padding-left: 12px !important;background-color: #ffffff !important;}&#8220; el_class=&#8220;habitacion&#8220;]<\/p>\n<h2>K\u00f6nigliche Suite<\/h2>\n<h6>MAXIMALER PLATZ UND KOMFORT<\/h6>\n<p>33 m\u00b2 gro\u00dfes Zimmer mit zwei R\u00e4umen. Gem\u00fctlich, exklusiv eingerichtet, mit Blick auf unsere G\u00e4rten. Ein Kingsize-Doppelbett oder zwei Einzelbetten.<\/p>\n<h6 style=\"text-align: center;\"><a href=\"https:\/\/posadalosalamos.com\/de\/konigliche-suite\"><strong>MEHR SEHEN<\/strong><\/a><\/h6>\n<p>[\/vc_column_text][vc_empty_space height=&#8220;20px&#8220;][\/vc_column_inner][\/vc_row_inner][\/vc_column][vc_column width=&#8220;1\/6&#8243;][\/vc_column][\/vc_row][vc_row][vc_column offset=&#8220;vc_hidden-lg vc_hidden-md&#8220;][vc_single_image image=&#8220;11285&#8243; img_size=&#8220;full&#8220;][vc_column_text css_animation=&#8220;fadeInUp&#8220; css=&#8220;.vc_custom_1683386881427{margin-top: -40px !important;padding-top: 12px !important;padding-right: 12px !important;padding-bottom: 32px !important;padding-left: 12px !important;background-color: #ffffff !important;}&#8220; el_class=&#8220;homemobile&#8220;]<\/p>\n<h2>Standardzimmer<\/h2>\n<h6>EINZEL-, DOPPEL-, ZWEI- ODER DREIBETTZIMMER<\/h6>\n<p>Gem\u00fctliche Zimmer, exklusiv eingerichtet, mit Blick auf unsere G\u00e4rten oder die Stadt.<\/p>\n<h6 style=\"text-align: center;\"><a href=\"https:\/\/posadalosalamos.com\/de\/standardzimmer\"><strong>MEHR SEHEN<\/strong><\/a><\/h6>\n<p>[\/vc_column_text][\/vc_column][\/vc_row][vc_row][vc_column offset=&#8220;vc_hidden-lg vc_hidden-md&#8220;][vc_single_image image=&#8220;11292&#8243; img_size=&#8220;full&#8220;][vc_column_text css_animation=&#8220;fadeInUp&#8220; css=&#8220;.vc_custom_1683386931925{margin-top: -40px !important;padding-top: 12px !important;padding-right: 12px !important;padding-bottom: 32px !important;padding-left: 12px !important;background-color: #ffffff !important;}&#8220; el_class=&#8220;homemobile&#8220;]<\/p>\n<h2>Studio<\/h2>\n<h6>EIN MODERNER UND EXKLUSIVER RAUM<\/h6>\n<p>Gem\u00fctliches Zimmer, 26 m\u00b2. Exklusiv eingerichtet, mit Blick auf unsere G\u00e4rten, mit einem Kingsize-Doppelbett.<\/p>\n<h6 style=\"text-align: center;\"><a href=\"https:\/\/posadalosalamos.com\/de\/studio\"><strong>MEHR SEHEN<\/strong><\/a><\/h6>\n<p>[\/vc_column_text][\/vc_column][\/vc_row][vc_row][vc_column offset=&#8220;vc_hidden-lg vc_hidden-md&#8220;][vc_single_image image=&#8220;11425&#8243; img_size=&#8220;full&#8220;][vc_column_text css_animation=&#8220;fadeInUp&#8220; css=&#8220;.vc_custom_1683386994627{margin-top: -40px !important;padding-top: 12px !important;padding-right: 12px !important;padding-bottom: 32px !important;padding-left: 12px !important;background-color: #ffffff !important;}&#8220; el_class=&#8220;homemobile&#8220;]<\/p>\n<h2>Junior-Suite<\/h2>\n<h6>TRADITIONELLER KOMFORT<\/h6>\n<p>Gem\u00fctliches, 27 m\u00b2 gro\u00dfes, speziell eingerichtetes Zimmer mit Blick auf unsere G\u00e4rten, ausgestattet mit einem Queensize-Doppelbett.<\/p>\n<h6 style=\"text-align: center;\"><a href=\"https:\/\/posadalosalamos.com\/de\/junior-suite\"><strong>MEHR SEHEN<\/strong><\/a><\/h6>\n<p>[\/vc_column_text][\/vc_column][\/vc_row][vc_row][vc_column offset=&#8220;vc_hidden-lg vc_hidden-md&#8220;][vc_single_image image=&#8220;11419&#8243; img_size=&#8220;full&#8220;][vc_column_text css_animation=&#8220;fadeInUp&#8220; css=&#8220;.vc_custom_1683387051459{margin-top: -40px !important;padding-top: 12px !important;padding-right: 12px !important;padding-bottom: 32px !important;padding-left: 12px !important;background-color: #ffffff !important;}&#8220; el_class=&#8220;homemobile&#8220;]<\/p>\n<h2>K\u00f6nigliche Suite<\/h2>\n<h6>MAXIMALER PLATZ UND KOMFORT<\/h6>\n<p>33 m\u00b2 gro\u00dfes Zimmer mit zwei R\u00e4umen. Gem\u00fctlich, exklusiv eingerichtet, mit Blick auf unsere G\u00e4rten. Ein Kingsize-Doppelbett oder zwei Einzelbetten.<\/p>\n<h6 style=\"text-align: center;\"><a href=\"https:\/\/posadalosalamos.com\/de\/konigliche-suite\"><strong>MEHR SEHEN<\/strong><\/a><\/h6>\n<p>[\/vc_column_text][\/vc_column][\/vc_row]<\/p>\n<\/section>","protected":false},"excerpt":{"rendered":"<p>[vc_row css=&#8220;.vc_custom_1681749788204{margin-top: -100px !important;}&#8220;][vc_column][vc_empty_space][\/vc_column][\/vc_row][vc_row full_width=&#8220;stretch_row_content&#8220; equal_height=&#8220;yes&#8220; content_placement=&#8220;top&#8220; margin_top=&#8220;-40px&#8220; margin_bottom=&#8220;20px&#8220; type=&#8220;2&#8243; css=&#8220;.vc_custom_1680383317357{margin-bottom: 20px !important;padding-right: 0px !important;padding-left: 0px !important;}&#8220;][vc_column width=&#8220;1\/6&#8243;][\/vc_column][vc_column width=&#8220;4\/6&#8243; el_class=&#8220;pagina-pre&#8220;][vc_row_inner][vc_column_inner width=&#8220;1\/2&#8243; offset=&#8220;vc_hidden-sm vc_hidden-xs&#8220;][vc_single_image image=&#8220;11285&#8243; img_size=&#8220;full&#8220; alignment=&#8220;center&#8220; css_animation=&#8220;fadeIn&#8220; el_class=&#8220;imagenhome&#8220;][vc_column_text css_animation=&#8220;fadeInUp&#8220; css=&#8220;.vc_custom_1683386872340{margin-top: -40px !important;padding-top: 12px !important;padding-right: 12px !important;padding-bottom: 32px !important;padding-left: 12px !important;background-color: #ffffff !important;}&#8220; el_class=&#8220;habitacion&#8220;] Standardzimmer EINZEL-, DOPPEL-, ZWEI- ODER DREIBETTZIMMER Gem\u00fctliche Zimmer, exklusiv eingerichtet, mit Blick [&hellip;]<\/p>\n","protected":false},"author":8,"featured_media":0,"parent":0,"menu_order":0,"comment_status":"closed","ping_status":"closed","template":"","meta":{"site-sidebar-layout":"no-sidebar","site-content-layout":"plain-container","ast-site-content-layout":"normal-width-container","site-content-style":"unboxed","site-sidebar-style":"unboxed","ast-global-header-display":"","ast-banner-title-visibility":"","ast-main-header-display":"","ast-hfb-above-header-display":"","ast-hfb-below-header-display":"","ast-hfb-mobile-header-display":"","site-post-title":"disabled","ast-breadcrumbs-content":"","ast-featured-img":"disabled","footer-sml-layout":"","ast-disable-related-posts":"","theme-transparent-header-meta":"default","adv-header-id-meta":"","stick-header-meta":"default","header-above-stick-meta":"","header-main-stick-meta":"","header-below-stick-meta":"","astra-migrate-meta-layouts":"set","ast-page-background-enabled":"default","ast-page-background-meta":{"desktop":{"background-color":"var(--ast-global-color-4)","background-image":"","background-repeat":"repeat","background-position":"center center","background-size":"auto","background-attachment":"scroll","background-type":"","background-media":"","overlay-type":"","overlay-color":"","overlay-opacity":"","overlay-gradient":""},"tablet":{"background-color":"","background-image":"","background-repeat":"repeat","background-position":"center center","background-size":"auto","background-attachment":"scroll","background-type":"","background-media":"","overlay-type":"","overlay-color":"","overlay-opacity":"","overlay-gradient":""},"mobile":{"background-color":"","background-image":"","background-repeat":"repeat","background-position":"center center","background-size":"auto","background-attachment":"scroll","background-type":"","background-media":"","overlay-type":"","overlay-color":"","overlay-opacity":"","overlay-gradient":""}},"ast-content-background-meta":{"desktop":{"background-color":"var(--ast-global-color-5)","background-image":"","background-repeat":"repeat","background-position":"center center","background-size":"auto","background-attachment":"scroll","background-type":"","background-media":"","overlay-type":"","overlay-color":"","overlay-opacity":"","overlay-gradient":""},"tablet":{"background-color":"var(--ast-global-color-5)","background-image":"","background-repeat":"repeat","background-position":"center center","background-size":"auto","background-attachment":"scroll","background-type":"","background-media":"","overlay-type":"","overlay-color":"","overlay-opacity":"","overlay-gradient":""},"mobile":{"background-color":"var(--ast-global-color-5)","background-image":"","background-repeat":"repeat","background-position":"center center","background-size":"auto","background-attachment":"scroll","background-type":"","background-media":"","overlay-type":"","overlay-color":"","overlay-opacity":"","overlay-gradient":""}},"footnotes":""},"class_list":["post-6656","page","type-page","status-publish","hentry"],"yoast_head":"<!-- This site is optimized with the Yoast SEO plugin v27.3 - https:\/\/yoast.com\/product\/yoast-seo-wordpress\/ -->\n<title>Zimmer &amp; Suiten - Posada Los \u00c1lamos<\/title>\n<meta name=\"robots\" content=\"index, follow, max-snippet:-1, max-image-preview:large, max-video-preview:-1\" \/>\n<link rel=\"canonical\" href=\"https:\/\/posadalosalamos.com\/de\/zimmer-und-suiten\/\" \/>\n<meta property=\"og:locale\" content=\"de_DE\" \/>\n<meta property=\"og:type\" content=\"article\" \/>\n<meta property=\"og:title\" content=\"Zimmer &amp; Suiten - Posada Los \u00c1lamos\" \/>\n<meta property=\"og:description\" content=\"[vc_row css=&#8220;.vc_custom_1681749788204{margin-top: -100px !important;}&#8220;][vc_column][vc_empty_space][\/vc_column][\/vc_row][vc_row full_width=&#8220;stretch_row_content&#8220; equal_height=&#8220;yes&#8220; content_placement=&#8220;top&#8220; margin_top=&#8220;-40px&#8220; margin_bottom=&#8220;20px&#8220; type=&#8220;2&#8243; css=&#8220;.vc_custom_1680383317357{margin-bottom: 20px !important;padding-right: 0px !important;padding-left: 0px !important;}&#8220;][vc_column width=&#8220;1\/6&#8243;][\/vc_column][vc_column width=&#8220;4\/6&#8243; el_class=&#8220;pagina-pre&#8220;][vc_row_inner][vc_column_inner width=&#8220;1\/2&#8243; offset=&#8220;vc_hidden-sm vc_hidden-xs&#8220;][vc_single_image image=&#8220;11285&#8243; img_size=&#8220;full&#8220; alignment=&#8220;center&#8220; css_animation=&#8220;fadeIn&#8220; el_class=&#8220;imagenhome&#8220;][vc_column_text css_animation=&#8220;fadeInUp&#8220; css=&#8220;.vc_custom_1683386872340{margin-top: -40px !important;padding-top: 12px !important;padding-right: 12px !important;padding-bottom: 32px !important;padding-left: 12px !important;background-color: #ffffff !important;}&#8220; el_class=&#8220;habitacion&#8220;] Standardzimmer EINZEL-, DOPPEL-, ZWEI- ODER DREIBETTZIMMER Gem\u00fctliche Zimmer, exklusiv eingerichtet, mit Blick [&hellip;]\" \/>\n<meta property=\"og:url\" content=\"https:\/\/posadalosalamos.com\/de\/zimmer-und-suiten\/\" \/>\n<meta property=\"og:site_name\" content=\"Posada Los \u00c1lamos\" \/>\n<meta property=\"article:modified_time\" content=\"2025-06-03T23:05:49+00:00\" \/>\n<meta property=\"og:image\" content=\"https:\/\/posadalosalamos.com\/wp-content\/uploads\/2020\/08\/logo-2.png\" \/>\n\t<meta property=\"og:image:width\" content=\"130\" \/>\n\t<meta property=\"og:image:height\" content=\"100\" \/>\n\t<meta property=\"og:image:type\" content=\"image\/png\" \/>\n<meta name=\"twitter:card\" content=\"summary_large_image\" \/>\n<meta name=\"twitter:label1\" content=\"Gesch\u00e4tzte Lesezeit\" \/>\n\t<meta name=\"twitter:data1\" content=\"4\u00a0Minuten\" \/>\n<script type=\"application\/ld+json\" class=\"yoast-schema-graph\">{\"@context\":\"https:\\\/\\\/schema.org\",\"@graph\":[{\"@type\":\"WebPage\",\"@id\":\"https:\\\/\\\/posadalosalamos.com\\\/de\\\/zimmer-und-suiten\\\/\",\"url\":\"https:\\\/\\\/posadalosalamos.com\\\/de\\\/zimmer-und-suiten\\\/\",\"name\":\"Zimmer & Suiten - Posada Los \u00c1lamos\",\"isPartOf\":{\"@id\":\"https:\\\/\\\/posadalosalamos.com\\\/#website\"},\"datePublished\":\"2020-08-28T03:22:06+00:00\",\"dateModified\":\"2025-06-03T23:05:49+00:00\",\"breadcrumb\":{\"@id\":\"https:\\\/\\\/posadalosalamos.com\\\/de\\\/zimmer-und-suiten\\\/#breadcrumb\"},\"inLanguage\":\"de\",\"potentialAction\":[{\"@type\":\"ReadAction\",\"target\":[\"https:\\\/\\\/posadalosalamos.com\\\/de\\\/zimmer-und-suiten\\\/\"]}]},{\"@type\":\"BreadcrumbList\",\"@id\":\"https:\\\/\\\/posadalosalamos.com\\\/de\\\/zimmer-und-suiten\\\/#breadcrumb\",\"itemListElement\":[{\"@type\":\"ListItem\",\"position\":1,\"name\":\"Portada\",\"item\":\"https:\\\/\\\/posadalosalamos.com\\\/de\\\/\"},{\"@type\":\"ListItem\",\"position\":2,\"name\":\"Zimmer &#038; Suiten\"}]},{\"@type\":\"WebSite\",\"@id\":\"https:\\\/\\\/posadalosalamos.com\\\/#website\",\"url\":\"https:\\\/\\\/posadalosalamos.com\\\/\",\"name\":\"Posada Los \u00c1lamos\",\"description\":\"El Calafate, Patagonia, Argentina\",\"publisher\":{\"@id\":\"https:\\\/\\\/posadalosalamos.com\\\/#organization\"},\"alternateName\":\"Los \u00c1lamos\",\"potentialAction\":[{\"@type\":\"SearchAction\",\"target\":{\"@type\":\"EntryPoint\",\"urlTemplate\":\"https:\\\/\\\/posadalosalamos.com\\\/?s={search_term_string}\"},\"query-input\":{\"@type\":\"PropertyValueSpecification\",\"valueRequired\":true,\"valueName\":\"search_term_string\"}}],\"inLanguage\":\"de\"},{\"@type\":\"Organization\",\"@id\":\"https:\\\/\\\/posadalosalamos.com\\\/#organization\",\"name\":\"Hotel Posada Los \u00c1lamos\",\"url\":\"https:\\\/\\\/posadalosalamos.com\\\/\",\"logo\":{\"@type\":\"ImageObject\",\"inLanguage\":\"de\",\"@id\":\"https:\\\/\\\/posadalosalamos.com\\\/#\\\/schema\\\/logo\\\/image\\\/\",\"url\":\"https:\\\/\\\/posadalosalamos.com\\\/wp-content\\\/uploads\\\/2023\\\/04\\\/LOS-ALAMOS-logo-min.png\",\"contentUrl\":\"https:\\\/\\\/posadalosalamos.com\\\/wp-content\\\/uploads\\\/2023\\\/04\\\/LOS-ALAMOS-logo-min.png\",\"width\":1216,\"height\":853,\"caption\":\"Hotel Posada Los \u00c1lamos\"},\"image\":{\"@id\":\"https:\\\/\\\/posadalosalamos.com\\\/#\\\/schema\\\/logo\\\/image\\\/\"}}]}<\/script>\n<!-- \/ Yoast SEO plugin. -->","yoast_head_json":{"title":"Zimmer & Suiten - Posada Los \u00c1lamos","robots":{"index":"index","follow":"follow","max-snippet":"max-snippet:-1","max-image-preview":"max-image-preview:large","max-video-preview":"max-video-preview:-1"},"canonical":"https:\/\/posadalosalamos.com\/de\/zimmer-und-suiten\/","og_locale":"de_DE","og_type":"article","og_title":"Zimmer & Suiten - Posada Los \u00c1lamos","og_description":"[vc_row css=&#8220;.vc_custom_1681749788204{margin-top: -100px !important;}&#8220;][vc_column][vc_empty_space][\/vc_column][\/vc_row][vc_row full_width=&#8220;stretch_row_content&#8220; equal_height=&#8220;yes&#8220; content_placement=&#8220;top&#8220; margin_top=&#8220;-40px&#8220; margin_bottom=&#8220;20px&#8220; type=&#8220;2&#8243; css=&#8220;.vc_custom_1680383317357{margin-bottom: 20px !important;padding-right: 0px !important;padding-left: 0px !important;}&#8220;][vc_column width=&#8220;1\/6&#8243;][\/vc_column][vc_column width=&#8220;4\/6&#8243; el_class=&#8220;pagina-pre&#8220;][vc_row_inner][vc_column_inner width=&#8220;1\/2&#8243; offset=&#8220;vc_hidden-sm vc_hidden-xs&#8220;][vc_single_image image=&#8220;11285&#8243; img_size=&#8220;full&#8220; alignment=&#8220;center&#8220; css_animation=&#8220;fadeIn&#8220; el_class=&#8220;imagenhome&#8220;][vc_column_text css_animation=&#8220;fadeInUp&#8220; css=&#8220;.vc_custom_1683386872340{margin-top: -40px !important;padding-top: 12px !important;padding-right: 12px !important;padding-bottom: 32px !important;padding-left: 12px !important;background-color: #ffffff !important;}&#8220; el_class=&#8220;habitacion&#8220;] Standardzimmer EINZEL-, DOPPEL-, ZWEI- ODER DREIBETTZIMMER Gem\u00fctliche Zimmer, exklusiv eingerichtet, mit Blick [&hellip;]","og_url":"https:\/\/posadalosalamos.com\/de\/zimmer-und-suiten\/","og_site_name":"Posada Los \u00c1lamos","article_modified_time":"2025-06-03T23:05:49+00:00","og_image":[{"width":130,"height":100,"url":"https:\/\/posadalosalamos.com\/wp-content\/uploads\/2020\/08\/logo-2.png","type":"image\/png"}],"twitter_card":"summary_large_image","twitter_misc":{"Gesch\u00e4tzte Lesezeit":"4\u00a0Minuten"},"schema":{"@context":"https:\/\/schema.org","@graph":[{"@type":"WebPage","@id":"https:\/\/posadalosalamos.com\/de\/zimmer-und-suiten\/","url":"https:\/\/posadalosalamos.com\/de\/zimmer-und-suiten\/","name":"Zimmer & Suiten - Posada Los \u00c1lamos","isPartOf":{"@id":"https:\/\/posadalosalamos.com\/#website"},"datePublished":"2020-08-28T03:22:06+00:00","dateModified":"2025-06-03T23:05:49+00:00","breadcrumb":{"@id":"https:\/\/posadalosalamos.com\/de\/zimmer-und-suiten\/#breadcrumb"},"inLanguage":"de","potentialAction":[{"@type":"ReadAction","target":["https:\/\/posadalosalamos.com\/de\/zimmer-und-suiten\/"]}]},{"@type":"BreadcrumbList","@id":"https:\/\/posadalosalamos.com\/de\/zimmer-und-suiten\/#breadcrumb","itemListElement":[{"@type":"ListItem","position":1,"name":"Portada","item":"https:\/\/posadalosalamos.com\/de\/"},{"@type":"ListItem","position":2,"name":"Zimmer &#038; Suiten"}]},{"@type":"WebSite","@id":"https:\/\/posadalosalamos.com\/#website","url":"https:\/\/posadalosalamos.com\/","name":"Posada Los \u00c1lamos","description":"El Calafate, Patagonia, Argentina","publisher":{"@id":"https:\/\/posadalosalamos.com\/#organization"},"alternateName":"Los \u00c1lamos","potentialAction":[{"@type":"SearchAction","target":{"@type":"EntryPoint","urlTemplate":"https:\/\/posadalosalamos.com\/?s={search_term_string}"},"query-input":{"@type":"PropertyValueSpecification","valueRequired":true,"valueName":"search_term_string"}}],"inLanguage":"de"},{"@type":"Organization","@id":"https:\/\/posadalosalamos.com\/#organization","name":"Hotel Posada Los \u00c1lamos","url":"https:\/\/posadalosalamos.com\/","logo":{"@type":"ImageObject","inLanguage":"de","@id":"https:\/\/posadalosalamos.com\/#\/schema\/logo\/image\/","url":"https:\/\/posadalosalamos.com\/wp-content\/uploads\/2023\/04\/LOS-ALAMOS-logo-min.png","contentUrl":"https:\/\/posadalosalamos.com\/wp-content\/uploads\/2023\/04\/LOS-ALAMOS-logo-min.png","width":1216,"height":853,"caption":"Hotel Posada Los \u00c1lamos"},"image":{"@id":"https:\/\/posadalosalamos.com\/#\/schema\/logo\/image\/"}}]}},"_links":{"self":[{"href":"https:\/\/posadalosalamos.com\/de\/wp-json\/wp\/v2\/pages\/6656","targetHints":{"allow":["GET"]}}],"collection":[{"href":"https:\/\/posadalosalamos.com\/de\/wp-json\/wp\/v2\/pages"}],"about":[{"href":"https:\/\/posadalosalamos.com\/de\/wp-json\/wp\/v2\/types\/page"}],"author":[{"embeddable":true,"href":"https:\/\/posadalosalamos.com\/de\/wp-json\/wp\/v2\/users\/8"}],"replies":[{"embeddable":true,"href":"https:\/\/posadalosalamos.com\/de\/wp-json\/wp\/v2\/comments?post=6656"}],"version-history":[{"count":11,"href":"https:\/\/posadalosalamos.com\/de\/wp-json\/wp\/v2\/pages\/6656\/revisions"}],"predecessor-version":[{"id":11838,"href":"https:\/\/posadalosalamos.com\/de\/wp-json\/wp\/v2\/pages\/6656\/revisions\/11838"}],"wp:attachment":[{"href":"https:\/\/posadalosalamos.com\/de\/wp-json\/wp\/v2\/media?parent=6656"}],"curies":[{"name":"wp","href":"https:\/\/api.w.org\/{rel}","templated":true}]}}