{"id":6749,"date":"2020-08-27T23:07:36","date_gmt":"2020-08-28T02:07:36","guid":{"rendered":"https:\/\/posadalosalamos.com\/fr\/quienes-somos\/"},"modified":"2024-08-14T13:38:39","modified_gmt":"2024-08-14T16:38:39","slug":"qui-sommes-nous","status":"publish","type":"page","link":"https:\/\/posadalosalamos.com\/fr\/qui-sommes-nous\/","title":{"rendered":"QUI SOMMES-NOUS ?"},"content":{"rendered":"<section class=\"wpb-content-wrapper\"><p>[vc_row css=\u00a0\u00bb.vc_custom_1681757524030{margin-top: -100px !important;}\u00a0\u00bb][vc_column]\n\t\t\t<!-- START el hotel REVOLUTION SLIDER 6.6.16 --><p class=\"rs-p-wp-fix\"><\/p>\n\t\t\t<rs-module-wrap id=\"rev_slider_61_1_wrapper\" data-source=\"gallery\" style=\"visibility:hidden;background:transparent;padding:0;margin:0px auto;margin-top:0;margin-bottom:0;\">\n\t\t\t\t<rs-module id=\"rev_slider_61_1\" style=\"\" data-version=\"6.6.16\">\n\t\t\t\t\t<rs-slides style=\"overflow: hidden; position: absolute;\">\n\t\t\t\t\t\t<rs-slide style=\"position: absolute;\" data-key=\"rs-84\" data-title=\"Slide\" data-anim=\"ms:760;r:0;\" data-in=\"o:0;\" data-out=\"a:false;\">\n\t\t\t\t\t\t\t<img decoding=\"async\" src=\"\/\/posadalosalamos.com\/wp-content\/plugins\/revslider\/public\/assets\/assets\/dummy.png\" alt=\"\" class=\"rev-slidebg tp-rs-img rs-lazyload\" data-lazyload=\"\/\/posadalosalamos.com\/wp-content\/uploads\/2020\/10\/foto-aerea-de-posada-I-en-construccion.jpg\" data-bg=\"p:left bottom;\" data-panzoom=\"d:10000;ss:120%;se:100%;\" data-no-retina>\n<!---->\t\t\t\t\t\t<\/rs-slide>\n\t\t\t\t\t<\/rs-slides>\n\t\t\t\t<\/rs-module>\n\t\t\t\t<script>\n\t\t\t\t\tsetREVStartSize({c: 'rev_slider_61_1',rl:[1240,1240,1240,480],el:[600,600,600,720],gw:[1500,1500,1500,480],gh:[600,600,600,720],type:'standard',justify:'',layout:'fullwidth',mh:\"0\"});if (window.RS_MODULES!==undefined && window.RS_MODULES.modules!==undefined && window.RS_MODULES.modules[\"revslider611\"]!==undefined) {window.RS_MODULES.modules[\"revslider611\"].once = false;window.revapi61 = undefined;if (window.RS_MODULES.checkMinimal!==undefined) window.RS_MODULES.checkMinimal()}\n\t\t\t\t<\/script>\n\t\t\t<\/rs-module-wrap>\n\t\t\t<!-- END REVOLUTION SLIDER -->\n[vc_empty_space][\/vc_column][\/vc_row][vc_row full_width=\u00a0\u00bbstretch_row_content\u00a0\u00bb equal_height=\u00a0\u00bbyes\u00a0\u00bb margin_top=\u00a0\u00bb-65px\u00a0\u00bb type=\u00a0\u00bb2&Prime; el_class=\u00a0\u00bbpagina-pre\u00a0\u00bb][vc_column width=\u00a0\u00bb1\/6&Prime;][\/vc_column][vc_column width=\u00a0\u00bb4\/6&Prime; el_class=\u00a0\u00bbpagina-pre\u00a0\u00bb][vc_row_inner equal_height=\u00a0\u00bbyes\u00a0\u00bb][vc_column_inner el_class=\u00a0\u00bbpagina\u00a0\u00bb width=\u00a0\u00bb1\/2&Prime;][vc_empty_space height=\u00a0\u00bb40px\u00a0\u00bb][vc_column_text css_animation=\u00a0\u00bbfadeInDown\u00a0\u00bb css=\u00a0\u00bb.vc_custom_1683392249360{padding-top: 30px !important;padding-right: 30px !important;padding-bottom: 30px !important;padding-left: 30px !important;background-color: #fcfcfc !important;}\u00a0\u00bb]<\/p>\n<h2 style=\"text-align: left;\">Un peu d\u00b4 histoire<\/h2>\n<h6>POSADA LOS \u00c1LAMOS OUVERT EN 1984, AVEC SEULEMENT 11 CHAMBRES<\/h6>\n<p>En 1989 on disposait d\u00e9j\u00e0 de 66 chambres, parmi elles 2 suites. Il se construit la salle de petit- d\u00e9jeuner El Aljibe, et une nouvelle r\u00e9ception.<\/p>\n<p>Sans jamais perdre de vue la chaleur et la gentillesse de notre gens, au cours des ann\u00e9es qui ont suivi, notre croissance est rest\u00e9e constante, en augmentent l\u00b4infrastructure, le confort et les services fournis.<\/p>\n<p>Aujourd\u00b4hui Los \u00c1lamos a 144 chambres qui offrent \u00e0 ses clients des moments inoubliables dans une ambiance chaude et cordiale dans le meilleur scenario du monde.[\/vc_column_text][vc_empty_space height=\u00a0\u00bb62px\u00a0\u00bb][\/vc_column_inner][vc_column_inner width=\u00a0\u00bb1\/2&Prime; css=\u00a0\u00bb.vc_custom_1603726432833{background-position: center !important;background-repeat: no-repeat !important;background-size: cover !important;}\u00a0\u00bb][vc_empty_space height=\u00a0\u00bb20px\u00a0\u00bb][vc_video link=\u00a0\u00bbhttps:\/\/www.youtube.com\/watch?v=tCD2z4LcJHY\u00a0\u00bb align=\u00a0\u00bbcenter\u00a0\u00bb][\/vc_column_inner][\/vc_row_inner][\/vc_column][vc_column width=\u00a0\u00bb1\/6&Prime;][\/vc_column][\/vc_row][vc_row][vc_column][vc_empty_space][\/vc_column][\/vc_row][vc_row full_width=\u00a0\u00bbstretch_row_content\u00a0\u00bb margin_top=\u00a0\u00bb25px\u00a0\u00bb type=\u00a0\u00bb2&Prime; el_class=\u00a0\u00bbpagina-pre\u00a0\u00bb][vc_column width=\u00a0\u00bb1\/6&Prime;][\/vc_column][vc_column width=\u00a0\u00bb4\/6&Prime; el_class=\u00a0\u00bbpagina-pre\u00a0\u00bb][vc_row_inner equal_height=\u00a0\u00bbyes\u00a0\u00bb][vc_column_inner el_class=\u00a0\u00bbpagina\u00a0\u00bb width=\u00a0\u00bb2\/3&Prime;][vc_column_text css_animation=\u00a0\u00bbfadeInDown\u00a0\u00bb css=\u00a0\u00bb.vc_custom_1683392291123{padding-top: 30px !important;padding-right: 30px !important;padding-bottom: 30px !important;padding-left: 30px !important;background-color: #fcfcfc !important;}\u00a0\u00bb]<\/p>\n<h2><span style=\"font-weight: 400;\">Une Vraie Histoire d\u00b4Amour<\/span><\/h2>\n<h6><span style=\"font-weight: 400;\">PAR ANGELA GIROMETTI DE GUATTI \u2013 ASSOCI\u00c9E FONDATRICE DE L\u00b4H\u00d4TEL POSADA LOS \u00c1LAMOS<\/span><\/h6>\n<p><span style=\"font-weight: 400;\">Comme si la vie aurait su qu\u00b4il n\u00b4allait pas \u00eatre toujours \u00e0 c\u00f4t\u00e9 de moi, un jour, Hector Mario, me dit\u00a0:\u00a0<\/span><\/p>\n<p><span style=\"font-weight: 400;\">\u2013 Qu\u00b4est-ce que tu aimerais avoir pour le g\u00e9rer toi-m\u00eame ?<\/span><\/p>\n<p><span style=\"font-weight: 400;\">\u2013 Un petit h\u00f4tel, fait moi un petit h\u00f4tel. \u2013 Je lui ai r\u00e9pondu<\/span><\/p>\n<p><span style=\"font-weight: 400;\">C\u00b4 \u00e9tait l\u00b4ann\u00e9e 1982, Maxi \u00e9tait arriv\u00e9 \u00e0 notre vie de famille d\u00e9j\u00e0 compos\u00e9 par Mauro Pablo et Mario Piero.\u00a0<\/span><\/p>\n<p><span style=\"font-weight: 400;\">\u2013 \u00c7a c\u00b4est le dernier terrain que je te montre, personne ne l\u00b4en veut parce qu\u00b4il est inondable -lui a dit inquiet Pocho Ramos, le maire de la commune.<\/span><\/p>\n<p><span style=\"font-weight: 400;\">C\u00b4\u00e9tait l\u00b4apr\u00e8s-midi de P\u00e2ques de 1983. Nous vivions dans l\u00b4 ouvroir d\u00b4Esuco, aujourd\u2019hui proche \u00e0 la gare routi\u00e8re. Je lui ai vu remonter la pente, pendant qu\u00b4il faisait rouler un grand anneau en fer. Il venait heureux, serein et s\u00fbr.\u00a0<\/span><\/p>\n<p><span style=\"font-weight: 400;\">\u2013 Viens ! Allons-y voir un terrain qui ressemble un petit paradis \u2013 il m\u00b4a dit.<\/span><\/p>\n<p><span style=\"font-weight: 400;\">Le chemin arrivait jusqu\u00b4\u00e0 l\u00e0, devant les maisons de Bautista Maldonado \u00e0 gauche, e Barragan Rolando \u00e0 droite. Le petit sentier nous a conduit vers un \u00e9pais tapis de cigu\u00eb presque aussi grand que nous. Nos regards, en se retrouvant ont ratifi\u00e9 le concept d\u00b4un \u00ab\u00a0petit paradis\u00a0\u00bb entour\u00e9es par des vieux peupliers plant\u00e9s, on l\u00b4a su apr\u00e8s, par Parcs Nationaux. Dans ce moment pr\u00e9cis, on passe \u00e0 l\u00b4action.<\/span><\/p>\n<p><span style=\"font-weight: 400;\">Le \u00ab\u00a0petit h\u00f4tel\u201d avait d\u00e9j\u00e0 trouv\u00e9 sa place. En octobre de 1984 on ouvre avec 11 chambres Posada Los Alamos, propri\u00e9t\u00e9 de l\u00b4Ing\u00e9nieur Hector Mario Guatti et Mariangela Girometti. Pendant sa construction, aucun peuplier n\u00b4a \u00e9t\u00e9 abattu.\u00a0<\/span><\/p>\n<p><span style=\"font-weight: 400;\">On a construit pendant huit ans sans arr\u00eat. On essayait constamment d\u00b4enrichir ce qu\u00b4on avait d\u00e9j\u00e0 fait. \u00c7a nous a positionn\u00e9 dans le concept du HOTEL POSADA LOS ALAMOS ****.<\/span><\/p>\n<p><span style=\"font-weight: 400;\">Il \u00e9tait 1991, un jour, par le sentier de pierres qui communiquait l\u00b4h\u00f4tel avec la cabane, en regardant derri\u00e8re et en train de voir tout l\u00b4h\u00f4tel d\u00e9j\u00e0 avec ses 84 chambres finies, le Restaurant La Posta \u00e9clair\u00e9, le terrain de paddle, le remblayage qui commen\u00e7ait pour le petit terrain de golf, il m\u00b4a dit\u00a0: \u00ab \u2026pendant qu\u00b4l\u00b4on faisait \u00e7a, que l\u00b4on construisait, j\u00b4ai \u00e9t\u00e9 l\u00b4homme le plus heureux du monde\u2026 \u00bb<\/span><\/p>\n<p><span style=\"font-weight: 400;\">Son exemple de t\u00e9nacit\u00e9 face \u00e0 des milliers d\u00b4obstacles auxquels il a d\u00fb faire face pendant sa courte vie, nous a permis de continuer sans jamais h\u00e9siter.\u00a0\u00a0<\/span><\/p>\n<p><span style=\"font-weight: 400;\">Et on continue \u00e0 construire<\/span><\/p>\n<p><span style=\"font-weight: 400;\">Aujourd\u00b4hui on compte sur 144 chambres. Mes enfants, qui sont les piliers de cette entreprise, mes belles-filles et mes petits-enfants Mateo, Mora, Martina, Santina, Matias, Paz, Marcos et Maitena, vous raconteront si n\u00e9cessaire l\u00b4autre partie de l\u00b4histoire construite par eux-m\u00eames.<\/span>[\/vc_column_text][\/vc_column_inner][vc_column_inner width=\u00a0\u00bb1\/3&Prime; css=\u00a0\u00bb.vc_custom_1723653505456{background-image: url(https:\/\/posadalosalamos.com\/wp-content\/uploads\/2024\/06\/HAB-2-scaled.jpg?id=11148) !important;background-position: center !important;background-repeat: no-repeat !important;background-size: cover !important;}\u00a0\u00bb offset=\u00a0\u00bbvc_hidden-sm vc_hidden-xs\u00a0\u00bb][\/vc_column_inner][\/vc_row_inner][\/vc_column][vc_column width=\u00a0\u00bb1\/6&Prime;][\/vc_column][\/vc_row][vc_row][vc_column][vc_empty_space height=\u00a0\u00bb52px\u00a0\u00bb][\/vc_column][\/vc_row][vc_row margin_top=\u00a0\u00bb10px\u00a0\u00bb type=\u00a0\u00bb2&Prime; el_class=\u00a0\u00bbpagina-pre\u00a0\u00bb][vc_column][vc_media_grid element_width=\u00a0\u00bb2&Prime; gap=\u00a0\u00bb20&Prime; grid_id=\u00a0\u00bbvc_gid:1723653469207-b4c092d6-6e15-8&Prime; include=\u00a0\u00bb350,349,348,347,346,345,344,343,342,341,340,339,338,337,336,333,332,330,329,328,327,326&Prime;][\/vc_column][\/vc_row][vc_row][vc_column][vc_empty_space height=\u00a0\u00bb52px\u00a0\u00bb][\/vc_column][\/vc_row]<\/p>\n<\/section>","protected":false},"excerpt":{"rendered":"<p>[vc_row css=\u00a0\u00bb.vc_custom_1681757524030{margin-top: -100px !important;}\u00a0\u00bb][vc_column][vc_empty_space][\/vc_column][\/vc_row][vc_row full_width=\u00a0\u00bbstretch_row_content\u00a0\u00bb equal_height=\u00a0\u00bbyes\u00a0\u00bb margin_top=\u00a0\u00bb-65px\u00a0\u00bb type=\u00a0\u00bb2&Prime; el_class=\u00a0\u00bbpagina-pre\u00a0\u00bb][vc_column width=\u00a0\u00bb1\/6&Prime;][\/vc_column][vc_column width=\u00a0\u00bb4\/6&Prime; el_class=\u00a0\u00bbpagina-pre\u00a0\u00bb][vc_row_inner equal_height=\u00a0\u00bbyes\u00a0\u00bb][vc_column_inner el_class=\u00a0\u00bbpagina\u00a0\u00bb width=\u00a0\u00bb1\/2&Prime;][vc_empty_space height=\u00a0\u00bb40px\u00a0\u00bb][vc_column_text css_animation=\u00a0\u00bbfadeInDown\u00a0\u00bb css=\u00a0\u00bb.vc_custom_1683392249360{padding-top: 30px !important;padding-right: 30px !important;padding-bottom: 30px !important;padding-left: 30px !important;background-color: #fcfcfc !important;}\u00a0\u00bb] Un peu d\u00b4 histoire POSADA LOS \u00c1LAMOS OUVERT EN 1984, AVEC SEULEMENT 11 CHAMBRES En 1989 on disposait d\u00e9j\u00e0 de 66 chambres, parmi elles 2 suites. Il [&hellip;]<\/p>\n","protected":false},"author":8,"featured_media":0,"parent":0,"menu_order":0,"comment_status":"closed","ping_status":"closed","template":"","meta":{"site-sidebar-layout":"no-sidebar","site-content-layout":"plain-container","ast-site-content-layout":"normal-width-container","site-content-style":"unboxed","site-sidebar-style":"unboxed","ast-global-header-display":"","ast-banner-title-visibility":"","ast-main-header-display":"","ast-hfb-above-header-display":"","ast-hfb-below-header-display":"","ast-hfb-mobile-header-display":"","site-post-title":"disabled","ast-breadcrumbs-content":"","ast-featured-img":"disabled","footer-sml-layout":"","ast-disable-related-posts":"","theme-transparent-header-meta":"default","adv-header-id-meta":"","stick-header-meta":"default","header-above-stick-meta":"","header-main-stick-meta":"","header-below-stick-meta":"","astra-migrate-meta-layouts":"set","ast-page-background-enabled":"default","ast-page-background-meta":{"desktop":{"background-color":"var(--ast-global-color-4)","background-image":"","background-repeat":"repeat","background-position":"center center","background-size":"auto","background-attachment":"scroll","background-type":"","background-media":"","overlay-type":"","overlay-color":"","overlay-opacity":"","overlay-gradient":""},"tablet":{"background-color":"","background-image":"","background-repeat":"repeat","background-position":"center center","background-size":"auto","background-attachment":"scroll","background-type":"","background-media":"","overlay-type":"","overlay-color":"","overlay-opacity":"","overlay-gradient":""},"mobile":{"background-color":"","background-image":"","background-repeat":"repeat","background-position":"center center","background-size":"auto","background-attachment":"scroll","background-type":"","background-media":"","overlay-type":"","overlay-color":"","overlay-opacity":"","overlay-gradient":""}},"ast-content-background-meta":{"desktop":{"background-color":"var(--ast-global-color-5)","background-image":"","background-repeat":"repeat","background-position":"center center","background-size":"auto","background-attachment":"scroll","background-type":"","background-media":"","overlay-type":"","overlay-color":"","overlay-opacity":"","overlay-gradient":""},"tablet":{"background-color":"var(--ast-global-color-5)","background-image":"","background-repeat":"repeat","background-position":"center center","background-size":"auto","background-attachment":"scroll","background-type":"","background-media":"","overlay-type":"","overlay-color":"","overlay-opacity":"","overlay-gradient":""},"mobile":{"background-color":"var(--ast-global-color-5)","background-image":"","background-repeat":"repeat","background-position":"center center","background-size":"auto","background-attachment":"scroll","background-type":"","background-media":"","overlay-type":"","overlay-color":"","overlay-opacity":"","overlay-gradient":""}},"footnotes":""},"class_list":["post-6749","page","type-page","status-publish","hentry"],"yoast_head":"<!-- This site is optimized with the Yoast SEO plugin v27.3 - https:\/\/yoast.com\/product\/yoast-seo-wordpress\/ -->\n<title>QUI SOMMES-NOUS ? - Posada Los \u00c1lamos<\/title>\n<meta name=\"robots\" content=\"index, follow, max-snippet:-1, max-image-preview:large, max-video-preview:-1\" \/>\n<link rel=\"canonical\" href=\"https:\/\/posadalosalamos.com\/fr\/qui-sommes-nous\/\" \/>\n<meta property=\"og:locale\" content=\"fr_FR\" \/>\n<meta property=\"og:type\" content=\"article\" \/>\n<meta property=\"og:title\" content=\"QUI SOMMES-NOUS ? - Posada Los \u00c1lamos\" \/>\n<meta property=\"og:description\" content=\"[vc_row css=\u00a0\u00bb.vc_custom_1681757524030{margin-top: -100px !important;}\u00a0\u00bb][vc_column][vc_empty_space][\/vc_column][\/vc_row][vc_row full_width=\u00a0\u00bbstretch_row_content\u00a0\u00bb equal_height=\u00a0\u00bbyes\u00a0\u00bb margin_top=\u00a0\u00bb-65px\u00a0\u00bb type=\u00a0\u00bb2&Prime; el_class=\u00a0\u00bbpagina-pre\u00a0\u00bb][vc_column width=\u00a0\u00bb1\/6&Prime;][\/vc_column][vc_column width=\u00a0\u00bb4\/6&Prime; el_class=\u00a0\u00bbpagina-pre\u00a0\u00bb][vc_row_inner equal_height=\u00a0\u00bbyes\u00a0\u00bb][vc_column_inner el_class=\u00a0\u00bbpagina\u00a0\u00bb width=\u00a0\u00bb1\/2&Prime;][vc_empty_space height=\u00a0\u00bb40px\u00a0\u00bb][vc_column_text css_animation=\u00a0\u00bbfadeInDown\u00a0\u00bb css=\u00a0\u00bb.vc_custom_1683392249360{padding-top: 30px !important;padding-right: 30px !important;padding-bottom: 30px !important;padding-left: 30px !important;background-color: #fcfcfc !important;}\u00a0\u00bb] Un peu d\u00b4 histoire POSADA LOS \u00c1LAMOS OUVERT EN 1984, AVEC SEULEMENT 11 CHAMBRES En 1989 on disposait d\u00e9j\u00e0 de 66 chambres, parmi elles 2 suites. Il [&hellip;]\" \/>\n<meta property=\"og:url\" content=\"https:\/\/posadalosalamos.com\/fr\/qui-sommes-nous\/\" \/>\n<meta property=\"og:site_name\" content=\"Posada Los \u00c1lamos\" \/>\n<meta property=\"article:modified_time\" content=\"2024-08-14T16:38:39+00:00\" \/>\n<meta property=\"og:image\" content=\"https:\/\/posadalosalamos.com\/wp-content\/uploads\/2020\/08\/logo-2.png\" \/>\n\t<meta property=\"og:image:width\" content=\"130\" \/>\n\t<meta property=\"og:image:height\" content=\"100\" \/>\n\t<meta property=\"og:image:type\" content=\"image\/png\" \/>\n<meta name=\"twitter:card\" content=\"summary_large_image\" \/>\n<meta name=\"twitter:label1\" content=\"Dur\u00e9e de lecture estim\u00e9e\" \/>\n\t<meta name=\"twitter:data1\" content=\"8 minutes\" \/>\n<script type=\"application\/ld+json\" class=\"yoast-schema-graph\">{\"@context\":\"https:\\\/\\\/schema.org\",\"@graph\":[{\"@type\":\"WebPage\",\"@id\":\"https:\\\/\\\/posadalosalamos.com\\\/fr\\\/qui-sommes-nous\\\/\",\"url\":\"https:\\\/\\\/posadalosalamos.com\\\/fr\\\/qui-sommes-nous\\\/\",\"name\":\"QUI SOMMES-NOUS ? - Posada Los \u00c1lamos\",\"isPartOf\":{\"@id\":\"https:\\\/\\\/posadalosalamos.com\\\/#website\"},\"datePublished\":\"2020-08-28T02:07:36+00:00\",\"dateModified\":\"2024-08-14T16:38:39+00:00\",\"breadcrumb\":{\"@id\":\"https:\\\/\\\/posadalosalamos.com\\\/fr\\\/qui-sommes-nous\\\/#breadcrumb\"},\"inLanguage\":\"fr-FR\",\"potentialAction\":[{\"@type\":\"ReadAction\",\"target\":[\"https:\\\/\\\/posadalosalamos.com\\\/fr\\\/qui-sommes-nous\\\/\"]}]},{\"@type\":\"BreadcrumbList\",\"@id\":\"https:\\\/\\\/posadalosalamos.com\\\/fr\\\/qui-sommes-nous\\\/#breadcrumb\",\"itemListElement\":[{\"@type\":\"ListItem\",\"position\":1,\"name\":\"Portada\",\"item\":\"https:\\\/\\\/posadalosalamos.com\\\/fr\\\/\"},{\"@type\":\"ListItem\",\"position\":2,\"name\":\"QUI SOMMES-NOUS ?\"}]},{\"@type\":\"WebSite\",\"@id\":\"https:\\\/\\\/posadalosalamos.com\\\/#website\",\"url\":\"https:\\\/\\\/posadalosalamos.com\\\/\",\"name\":\"Posada Los \u00c1lamos\",\"description\":\"El Calafate, Patagonia, Argentina\",\"publisher\":{\"@id\":\"https:\\\/\\\/posadalosalamos.com\\\/#organization\"},\"alternateName\":\"Los \u00c1lamos\",\"potentialAction\":[{\"@type\":\"SearchAction\",\"target\":{\"@type\":\"EntryPoint\",\"urlTemplate\":\"https:\\\/\\\/posadalosalamos.com\\\/?s={search_term_string}\"},\"query-input\":{\"@type\":\"PropertyValueSpecification\",\"valueRequired\":true,\"valueName\":\"search_term_string\"}}],\"inLanguage\":\"fr-FR\"},{\"@type\":\"Organization\",\"@id\":\"https:\\\/\\\/posadalosalamos.com\\\/#organization\",\"name\":\"Hotel Posada Los \u00c1lamos\",\"url\":\"https:\\\/\\\/posadalosalamos.com\\\/\",\"logo\":{\"@type\":\"ImageObject\",\"inLanguage\":\"fr-FR\",\"@id\":\"https:\\\/\\\/posadalosalamos.com\\\/#\\\/schema\\\/logo\\\/image\\\/\",\"url\":\"https:\\\/\\\/posadalosalamos.com\\\/wp-content\\\/uploads\\\/2023\\\/04\\\/LOS-ALAMOS-logo-min.png\",\"contentUrl\":\"https:\\\/\\\/posadalosalamos.com\\\/wp-content\\\/uploads\\\/2023\\\/04\\\/LOS-ALAMOS-logo-min.png\",\"width\":1216,\"height\":853,\"caption\":\"Hotel Posada Los \u00c1lamos\"},\"image\":{\"@id\":\"https:\\\/\\\/posadalosalamos.com\\\/#\\\/schema\\\/logo\\\/image\\\/\"}}]}<\/script>\n<!-- \/ Yoast SEO plugin. -->","yoast_head_json":{"title":"QUI SOMMES-NOUS ? - Posada Los \u00c1lamos","robots":{"index":"index","follow":"follow","max-snippet":"max-snippet:-1","max-image-preview":"max-image-preview:large","max-video-preview":"max-video-preview:-1"},"canonical":"https:\/\/posadalosalamos.com\/fr\/qui-sommes-nous\/","og_locale":"fr_FR","og_type":"article","og_title":"QUI SOMMES-NOUS ? - Posada Los \u00c1lamos","og_description":"[vc_row css=\u00a0\u00bb.vc_custom_1681757524030{margin-top: -100px !important;}\u00a0\u00bb][vc_column][vc_empty_space][\/vc_column][\/vc_row][vc_row full_width=\u00a0\u00bbstretch_row_content\u00a0\u00bb equal_height=\u00a0\u00bbyes\u00a0\u00bb margin_top=\u00a0\u00bb-65px\u00a0\u00bb type=\u00a0\u00bb2&Prime; el_class=\u00a0\u00bbpagina-pre\u00a0\u00bb][vc_column width=\u00a0\u00bb1\/6&Prime;][\/vc_column][vc_column width=\u00a0\u00bb4\/6&Prime; el_class=\u00a0\u00bbpagina-pre\u00a0\u00bb][vc_row_inner equal_height=\u00a0\u00bbyes\u00a0\u00bb][vc_column_inner el_class=\u00a0\u00bbpagina\u00a0\u00bb width=\u00a0\u00bb1\/2&Prime;][vc_empty_space height=\u00a0\u00bb40px\u00a0\u00bb][vc_column_text css_animation=\u00a0\u00bbfadeInDown\u00a0\u00bb css=\u00a0\u00bb.vc_custom_1683392249360{padding-top: 30px !important;padding-right: 30px !important;padding-bottom: 30px !important;padding-left: 30px !important;background-color: #fcfcfc !important;}\u00a0\u00bb] Un peu d\u00b4 histoire POSADA LOS \u00c1LAMOS OUVERT EN 1984, AVEC SEULEMENT 11 CHAMBRES En 1989 on disposait d\u00e9j\u00e0 de 66 chambres, parmi elles 2 suites. Il [&hellip;]","og_url":"https:\/\/posadalosalamos.com\/fr\/qui-sommes-nous\/","og_site_name":"Posada Los \u00c1lamos","article_modified_time":"2024-08-14T16:38:39+00:00","og_image":[{"width":130,"height":100,"url":"https:\/\/posadalosalamos.com\/wp-content\/uploads\/2020\/08\/logo-2.png","type":"image\/png"}],"twitter_card":"summary_large_image","twitter_misc":{"Dur\u00e9e de lecture estim\u00e9e":"8 minutes"},"schema":{"@context":"https:\/\/schema.org","@graph":[{"@type":"WebPage","@id":"https:\/\/posadalosalamos.com\/fr\/qui-sommes-nous\/","url":"https:\/\/posadalosalamos.com\/fr\/qui-sommes-nous\/","name":"QUI SOMMES-NOUS ? - Posada Los \u00c1lamos","isPartOf":{"@id":"https:\/\/posadalosalamos.com\/#website"},"datePublished":"2020-08-28T02:07:36+00:00","dateModified":"2024-08-14T16:38:39+00:00","breadcrumb":{"@id":"https:\/\/posadalosalamos.com\/fr\/qui-sommes-nous\/#breadcrumb"},"inLanguage":"fr-FR","potentialAction":[{"@type":"ReadAction","target":["https:\/\/posadalosalamos.com\/fr\/qui-sommes-nous\/"]}]},{"@type":"BreadcrumbList","@id":"https:\/\/posadalosalamos.com\/fr\/qui-sommes-nous\/#breadcrumb","itemListElement":[{"@type":"ListItem","position":1,"name":"Portada","item":"https:\/\/posadalosalamos.com\/fr\/"},{"@type":"ListItem","position":2,"name":"QUI SOMMES-NOUS ?"}]},{"@type":"WebSite","@id":"https:\/\/posadalosalamos.com\/#website","url":"https:\/\/posadalosalamos.com\/","name":"Posada Los \u00c1lamos","description":"El Calafate, Patagonia, Argentina","publisher":{"@id":"https:\/\/posadalosalamos.com\/#organization"},"alternateName":"Los \u00c1lamos","potentialAction":[{"@type":"SearchAction","target":{"@type":"EntryPoint","urlTemplate":"https:\/\/posadalosalamos.com\/?s={search_term_string}"},"query-input":{"@type":"PropertyValueSpecification","valueRequired":true,"valueName":"search_term_string"}}],"inLanguage":"fr-FR"},{"@type":"Organization","@id":"https:\/\/posadalosalamos.com\/#organization","name":"Hotel Posada Los \u00c1lamos","url":"https:\/\/posadalosalamos.com\/","logo":{"@type":"ImageObject","inLanguage":"fr-FR","@id":"https:\/\/posadalosalamos.com\/#\/schema\/logo\/image\/","url":"https:\/\/posadalosalamos.com\/wp-content\/uploads\/2023\/04\/LOS-ALAMOS-logo-min.png","contentUrl":"https:\/\/posadalosalamos.com\/wp-content\/uploads\/2023\/04\/LOS-ALAMOS-logo-min.png","width":1216,"height":853,"caption":"Hotel Posada Los \u00c1lamos"},"image":{"@id":"https:\/\/posadalosalamos.com\/#\/schema\/logo\/image\/"}}]}},"_links":{"self":[{"href":"https:\/\/posadalosalamos.com\/fr\/wp-json\/wp\/v2\/pages\/6749","targetHints":{"allow":["GET"]}}],"collection":[{"href":"https:\/\/posadalosalamos.com\/fr\/wp-json\/wp\/v2\/pages"}],"about":[{"href":"https:\/\/posadalosalamos.com\/fr\/wp-json\/wp\/v2\/types\/page"}],"author":[{"embeddable":true,"href":"https:\/\/posadalosalamos.com\/fr\/wp-json\/wp\/v2\/users\/8"}],"replies":[{"embeddable":true,"href":"https:\/\/posadalosalamos.com\/fr\/wp-json\/wp\/v2\/comments?post=6749"}],"version-history":[{"count":10,"href":"https:\/\/posadalosalamos.com\/fr\/wp-json\/wp\/v2\/pages\/6749\/revisions"}],"predecessor-version":[{"id":11411,"href":"https:\/\/posadalosalamos.com\/fr\/wp-json\/wp\/v2\/pages\/6749\/revisions\/11411"}],"wp:attachment":[{"href":"https:\/\/posadalosalamos.com\/fr\/wp-json\/wp\/v2\/media?parent=6749"}],"curies":[{"name":"wp","href":"https:\/\/api.w.org\/{rel}","templated":true}]}}