{"id":6773,"date":"2020-09-09T22:30:20","date_gmt":"2020-09-10T01:30:20","guid":{"rendered":"https:\/\/posadalosalamos.com\/fr\/humus-cocktail-bar\/"},"modified":"2026-03-12T10:39:14","modified_gmt":"2026-03-12T13:39:14","slug":"humus-cocktail-bar","status":"publish","type":"page","link":"https:\/\/posadalosalamos.com\/fr\/humus-cocktail-bar\/","title":{"rendered":"Humus Resto Bar"},"content":{"rendered":"<section class=\"wpb-content-wrapper\"><p>[vc_row css=\u00a0\u00bb.vc_custom_1681755517730{margin-top: -100px !important;}\u00a0\u00bb][vc_column]\n\t\t\t<!-- START humus cocktail REVOLUTION SLIDER 6.6.16 --><p class=\"rs-p-wp-fix\"><\/p>\n\t\t\t<rs-module-wrap id=\"rev_slider_53_1_wrapper\" data-source=\"gallery\" style=\"visibility:hidden;background:transparent;padding:0;margin:0px auto;margin-top:0;margin-bottom:0;\">\n\t\t\t\t<rs-module id=\"rev_slider_53_1\" style=\"\" data-version=\"6.6.16\">\n\t\t\t\t\t<rs-slides style=\"overflow: hidden; position: absolute;\">\n\t\t\t\t\t\t<rs-slide style=\"position: absolute;\" data-key=\"rs-74\" data-title=\"Slide\" data-anim=\"ms:630;\" data-in=\"o:0;\" data-out=\"a:false;\">\n\t\t\t\t\t\t\t<img fetchpriority=\"high\" decoding=\"async\" src=\"\/\/posadalosalamos.com\/wp-content\/plugins\/revslider\/public\/assets\/assets\/dummy.png\" alt=\"\" title=\"humus bar\" width=\"1280\" height=\"854\" class=\"rev-slidebg tp-rs-img rs-lazyload\" data-lazyload=\"\/\/posadalosalamos.com\/wp-content\/uploads\/2024\/06\/humus-bar.jpg\" data-panzoom=\"d:14000ms;e:power0.in;ss:110%;se:100%;\" data-no-retina>\n<!---->\t\t\t\t\t\t<\/rs-slide>\n\t\t\t\t\t<\/rs-slides>\n\t\t\t\t<\/rs-module>\n\t\t\t\t<script>\n\t\t\t\t\tsetREVStartSize({c: 'rev_slider_53_1',rl:[1240,1240,1240,480],el:[600,600,600,720],gw:[1500,1500,1500,480],gh:[600,600,600,720],type:'standard',justify:'',layout:'fullwidth',mh:\"0\"});if (window.RS_MODULES!==undefined && window.RS_MODULES.modules!==undefined && window.RS_MODULES.modules[\"revslider531\"]!==undefined) {window.RS_MODULES.modules[\"revslider531\"].once = false;window.revapi53 = undefined;if (window.RS_MODULES.checkMinimal!==undefined) window.RS_MODULES.checkMinimal()}\n\t\t\t\t<\/script>\n\t\t\t<\/rs-module-wrap>\n\t\t\t<!-- END REVOLUTION SLIDER -->\n[vc_empty_space][\/vc_column][\/vc_row][vc_row full_width=\u00a0\u00bbstretch_row_content\u00a0\u00bb margin_top=\u00a0\u00bb-65px\u00a0\u00bb type=\u00a0\u00bb2&Prime; el_class=\u00a0\u00bbpagina-pre\u00a0\u00bb][vc_column width=\u00a0\u00bb1\/6&Prime;][\/vc_column][vc_column width=\u00a0\u00bb4\/6&Prime; el_class=\u00a0\u00bbpagina-pre\u00a0\u00bb][vc_row_inner equal_height=\u00a0\u00bbyes\u00a0\u00bb][vc_column_inner el_class=\u00a0\u00bbpagina\u00a0\u00bb width=\u00a0\u00bb2\/3&Prime; css=\u00a0\u00bb.vc_custom_1599700560866{background-color: #ffffff !important;}\u00a0\u00bb][vc_column_text css_animation=\u00a0\u00bbfadeInDown\u00a0\u00bb css=\u00a0\u00bb.vc_custom_1683390940076{padding-top: 30px !important;padding-right: 30px !important;padding-bottom: 30px !important;padding-left: 30px !important;background-color: #ffffff !important;}\u00a0\u00bb]<\/p>\n<h1 style=\"text-align: left;\">Humus Resto Bar<\/h1>\n<h6>LE LIEU IDE\u00c9AL POUR PROFITER.<\/h6>\n<p>Au coucher du soleil, le \u201cHumus Cocktail Bar\u201d c\u00b4est l\u00b4endroit id\u00e9al pour jouir de votre boisson ou cocktail pr\u00e9f\u00e9r\u00e9, de la bonne musique et des meilleures vues du golf \u00ab El Pinar \u00bb et la Cordill\u00e8re des Andes.[\/vc_column_text][vc_empty_space][\/vc_column_inner][vc_column_inner width=\u00a0\u00bb1\/3&Prime; css=\u00a0\u00bb.vc_custom_1723675319941{background-image: url(https:\/\/posadalosalamos.com\/wp-content\/uploads\/2024\/06\/Los-Alamos-0324-220.jpg?id=10993) !important;background-position: center !important;background-repeat: no-repeat !important;background-size: cover !important;}\u00a0\u00bb][\/vc_column_inner][\/vc_row_inner][\/vc_column][vc_column width=\u00a0\u00bb1\/6&Prime;][\/vc_column][\/vc_row][vc_row css_animation=\u00a0\u00bbfadeIn\u00a0\u00bb type=\u00a0\u00bb2&Prime;][vc_column][vc_empty_space height=\u00a0\u00bb62px\u00a0\u00bb][vc_row_inner equal_height=\u00a0\u00bbyes\u00a0\u00bb content_placement=\u00a0\u00bbmiddle\u00a0\u00bb][vc_column_inner el_class=\u00a0\u00bbizquierda\u00a0\u00bb width=\u00a0\u00bb2\/3&Prime; css=\u00a0\u00bb.vc_custom_1723675342444{background-image: url(https:\/\/posadalosalamos.com\/wp-content\/uploads\/2024\/06\/HUMUS-130-scaled.jpg?id=11049) !important;background-position: center !important;background-repeat: no-repeat !important;background-size: contain !important;}\u00a0\u00bb][vc_empty_space height=\u00a0\u00bb320px\u00a0\u00bb][\/vc_column_inner][vc_column_inner el_class=\u00a0\u00bbderecha\u00a0\u00bb width=\u00a0\u00bb1\/3&Prime; css=\u00a0\u00bb.vc_custom_1598572897864{margin-top: 40px !important;background-color: rgba(255,255,255,0.97) !important;*background-color: rgb(255,255,255) !important;}\u00a0\u00bb][vc_column_text css_animation=\u00a0\u00bbfadeInUp\u00a0\u00bb]<\/p>\n<h2>En savoir plus<\/h2>\n<p><span style=\"font-weight: 400;\">T\u00e9l\u00e9charger le menu du cocktail bar<\/span><\/p>\n<h6 style=\"text-align: center;\"><a href=\"https:\/\/posadalosalamos.com\/wp-content\/uploads\/2026\/03\/Menu-Humus-.pdf\" target=\"_blank\" rel=\"noopener noreferrer\"><b>T\u00c9L\u00c9CHARGER<\/b><\/a><\/h6>\n<p>[\/vc_column_text][vc_empty_space height=\u00a0\u00bb20px\u00a0\u00bb][\/vc_column_inner][\/vc_row_inner][vc_empty_space height=\u00a0\u00bb62px\u00a0\u00bb][\/vc_column][\/vc_row][vc_row margin_top=\u00a0\u00bb10px\u00a0\u00bb type=\u00a0\u00bb2&Prime; el_class=\u00a0\u00bbpagina-pre\u00a0\u00bb][vc_column][vc_media_grid element_width=\u00a0\u00bb3&Prime; gap=\u00a0\u00bb20&Prime; grid_id=\u00a0\u00bbvc_gid:1773322691306-d93baaac-94b8-2&Prime; include=\u00a0\u00bb11042,11006,11012,11018,11024,11030,11056,11225&Prime;][\/vc_column][\/vc_row]<\/p>\n<\/section>","protected":false},"excerpt":{"rendered":"<p>[vc_row css=\u00a0\u00bb.vc_custom_1681755517730{margin-top: -100px !important;}\u00a0\u00bb][vc_column][vc_empty_space][\/vc_column][\/vc_row][vc_row full_width=\u00a0\u00bbstretch_row_content\u00a0\u00bb margin_top=\u00a0\u00bb-65px\u00a0\u00bb type=\u00a0\u00bb2&Prime; el_class=\u00a0\u00bbpagina-pre\u00a0\u00bb][vc_column width=\u00a0\u00bb1\/6&Prime;][\/vc_column][vc_column width=\u00a0\u00bb4\/6&Prime; el_class=\u00a0\u00bbpagina-pre\u00a0\u00bb][vc_row_inner equal_height=\u00a0\u00bbyes\u00a0\u00bb][vc_column_inner el_class=\u00a0\u00bbpagina\u00a0\u00bb width=\u00a0\u00bb2\/3&Prime; css=\u00a0\u00bb.vc_custom_1599700560866{background-color: #ffffff !important;}\u00a0\u00bb][vc_column_text css_animation=\u00a0\u00bbfadeInDown\u00a0\u00bb css=\u00a0\u00bb.vc_custom_1683390940076{padding-top: 30px !important;padding-right: 30px !important;padding-bottom: 30px !important;padding-left: 30px !important;background-color: #ffffff !important;}\u00a0\u00bb] Humus Resto Bar LE LIEU IDE\u00c9AL POUR PROFITER. Au coucher du soleil, le \u201cHumus Cocktail Bar\u201d c\u00b4est l\u00b4endroit id\u00e9al pour jouir de votre boisson ou cocktail [&hellip;]<\/p>\n","protected":false},"author":8,"featured_media":0,"parent":0,"menu_order":0,"comment_status":"closed","ping_status":"closed","template":"","meta":{"site-sidebar-layout":"no-sidebar","site-content-layout":"plain-container","ast-site-content-layout":"normal-width-container","site-content-style":"unboxed","site-sidebar-style":"unboxed","ast-global-header-display":"","ast-banner-title-visibility":"","ast-main-header-display":"","ast-hfb-above-header-display":"","ast-hfb-below-header-display":"","ast-hfb-mobile-header-display":"","site-post-title":"disabled","ast-breadcrumbs-content":"","ast-featured-img":"disabled","footer-sml-layout":"","ast-disable-related-posts":"","theme-transparent-header-meta":"default","adv-header-id-meta":"","stick-header-meta":"default","header-above-stick-meta":"","header-main-stick-meta":"","header-below-stick-meta":"","astra-migrate-meta-layouts":"set","ast-page-background-enabled":"default","ast-page-background-meta":{"desktop":{"background-color":"var(--ast-global-color-4)","background-image":"","background-repeat":"repeat","background-position":"center center","background-size":"auto","background-attachment":"scroll","background-type":"","background-media":"","overlay-type":"","overlay-color":"","overlay-opacity":"","overlay-gradient":""},"tablet":{"background-color":"","background-image":"","background-repeat":"repeat","background-position":"center center","background-size":"auto","background-attachment":"scroll","background-type":"","background-media":"","overlay-type":"","overlay-color":"","overlay-opacity":"","overlay-gradient":""},"mobile":{"background-color":"","background-image":"","background-repeat":"repeat","background-position":"center center","background-size":"auto","background-attachment":"scroll","background-type":"","background-media":"","overlay-type":"","overlay-color":"","overlay-opacity":"","overlay-gradient":""}},"ast-content-background-meta":{"desktop":{"background-color":"var(--ast-global-color-5)","background-image":"","background-repeat":"repeat","background-position":"center center","background-size":"auto","background-attachment":"scroll","background-type":"","background-media":"","overlay-type":"","overlay-color":"","overlay-opacity":"","overlay-gradient":""},"tablet":{"background-color":"var(--ast-global-color-5)","background-image":"","background-repeat":"repeat","background-position":"center center","background-size":"auto","background-attachment":"scroll","background-type":"","background-media":"","overlay-type":"","overlay-color":"","overlay-opacity":"","overlay-gradient":""},"mobile":{"background-color":"var(--ast-global-color-5)","background-image":"","background-repeat":"repeat","background-position":"center center","background-size":"auto","background-attachment":"scroll","background-type":"","background-media":"","overlay-type":"","overlay-color":"","overlay-opacity":"","overlay-gradient":""}},"footnotes":""},"class_list":["post-6773","page","type-page","status-publish","hentry"],"yoast_head":"<!-- This site is optimized with the Yoast SEO plugin v27.5 - https:\/\/yoast.com\/product\/yoast-seo-wordpress\/ -->\n<title>Humus Resto Bar - Posada Los \u00c1lamos<\/title>\n<meta name=\"robots\" content=\"index, follow, max-snippet:-1, max-image-preview:large, max-video-preview:-1\" \/>\n<link rel=\"canonical\" href=\"https:\/\/posadalosalamos.com\/fr\/humus-cocktail-bar\/\" \/>\n<meta property=\"og:locale\" content=\"fr_FR\" \/>\n<meta property=\"og:type\" content=\"article\" \/>\n<meta property=\"og:title\" content=\"Humus Resto Bar - Posada Los \u00c1lamos\" \/>\n<meta property=\"og:description\" content=\"[vc_row css=\u00a0\u00bb.vc_custom_1681755517730{margin-top: -100px !important;}\u00a0\u00bb][vc_column][vc_empty_space][\/vc_column][\/vc_row][vc_row full_width=\u00a0\u00bbstretch_row_content\u00a0\u00bb margin_top=\u00a0\u00bb-65px\u00a0\u00bb type=\u00a0\u00bb2&Prime; el_class=\u00a0\u00bbpagina-pre\u00a0\u00bb][vc_column width=\u00a0\u00bb1\/6&Prime;][\/vc_column][vc_column width=\u00a0\u00bb4\/6&Prime; el_class=\u00a0\u00bbpagina-pre\u00a0\u00bb][vc_row_inner equal_height=\u00a0\u00bbyes\u00a0\u00bb][vc_column_inner el_class=\u00a0\u00bbpagina\u00a0\u00bb width=\u00a0\u00bb2\/3&Prime; css=\u00a0\u00bb.vc_custom_1599700560866{background-color: #ffffff !important;}\u00a0\u00bb][vc_column_text css_animation=\u00a0\u00bbfadeInDown\u00a0\u00bb css=\u00a0\u00bb.vc_custom_1683390940076{padding-top: 30px !important;padding-right: 30px !important;padding-bottom: 30px !important;padding-left: 30px !important;background-color: #ffffff !important;}\u00a0\u00bb] Humus Resto Bar LE LIEU IDE\u00c9AL POUR PROFITER. Au coucher du soleil, le \u201cHumus Cocktail Bar\u201d c\u00b4est l\u00b4endroit id\u00e9al pour jouir de votre boisson ou cocktail [&hellip;]\" \/>\n<meta property=\"og:url\" content=\"https:\/\/posadalosalamos.com\/fr\/humus-cocktail-bar\/\" \/>\n<meta property=\"og:site_name\" content=\"Posada Los \u00c1lamos\" \/>\n<meta property=\"article:modified_time\" content=\"2026-03-12T13:39:14+00:00\" \/>\n<meta property=\"og:image\" content=\"https:\/\/posadalosalamos.com\/wp-content\/uploads\/2020\/08\/logo-2.png\" \/>\n\t<meta property=\"og:image:width\" content=\"130\" \/>\n\t<meta property=\"og:image:height\" content=\"100\" \/>\n\t<meta property=\"og:image:type\" content=\"image\/png\" \/>\n<meta name=\"twitter:card\" content=\"summary_large_image\" \/>\n<meta name=\"twitter:label1\" content=\"Dur\u00e9e de lecture estim\u00e9e\" \/>\n\t<meta name=\"twitter:data1\" content=\"1 minute\" \/>\n<script type=\"application\/ld+json\" class=\"yoast-schema-graph\">{\"@context\":\"https:\\\/\\\/schema.org\",\"@graph\":[{\"@type\":\"WebPage\",\"@id\":\"https:\\\/\\\/posadalosalamos.com\\\/fr\\\/humus-cocktail-bar\\\/\",\"url\":\"https:\\\/\\\/posadalosalamos.com\\\/fr\\\/humus-cocktail-bar\\\/\",\"name\":\"Humus Resto Bar - Posada Los \u00c1lamos\",\"isPartOf\":{\"@id\":\"https:\\\/\\\/posadalosalamos.com\\\/#website\"},\"datePublished\":\"2020-09-10T01:30:20+00:00\",\"dateModified\":\"2026-03-12T13:39:14+00:00\",\"breadcrumb\":{\"@id\":\"https:\\\/\\\/posadalosalamos.com\\\/fr\\\/humus-cocktail-bar\\\/#breadcrumb\"},\"inLanguage\":\"fr-FR\",\"potentialAction\":[{\"@type\":\"ReadAction\",\"target\":[\"https:\\\/\\\/posadalosalamos.com\\\/fr\\\/humus-cocktail-bar\\\/\"]}]},{\"@type\":\"BreadcrumbList\",\"@id\":\"https:\\\/\\\/posadalosalamos.com\\\/fr\\\/humus-cocktail-bar\\\/#breadcrumb\",\"itemListElement\":[{\"@type\":\"ListItem\",\"position\":1,\"name\":\"Portada\",\"item\":\"https:\\\/\\\/posadalosalamos.com\\\/fr\\\/\"},{\"@type\":\"ListItem\",\"position\":2,\"name\":\"Humus Resto Bar\"}]},{\"@type\":\"WebSite\",\"@id\":\"https:\\\/\\\/posadalosalamos.com\\\/#website\",\"url\":\"https:\\\/\\\/posadalosalamos.com\\\/\",\"name\":\"Posada Los \u00c1lamos\",\"description\":\"El Calafate, Patagonia, Argentina\",\"publisher\":{\"@id\":\"https:\\\/\\\/posadalosalamos.com\\\/#organization\"},\"alternateName\":\"Los \u00c1lamos\",\"potentialAction\":[{\"@type\":\"SearchAction\",\"target\":{\"@type\":\"EntryPoint\",\"urlTemplate\":\"https:\\\/\\\/posadalosalamos.com\\\/?s={search_term_string}\"},\"query-input\":{\"@type\":\"PropertyValueSpecification\",\"valueRequired\":true,\"valueName\":\"search_term_string\"}}],\"inLanguage\":\"fr-FR\"},{\"@type\":\"Organization\",\"@id\":\"https:\\\/\\\/posadalosalamos.com\\\/#organization\",\"name\":\"Hotel Posada Los \u00c1lamos\",\"url\":\"https:\\\/\\\/posadalosalamos.com\\\/\",\"logo\":{\"@type\":\"ImageObject\",\"inLanguage\":\"fr-FR\",\"@id\":\"https:\\\/\\\/posadalosalamos.com\\\/#\\\/schema\\\/logo\\\/image\\\/\",\"url\":\"https:\\\/\\\/posadalosalamos.com\\\/wp-content\\\/uploads\\\/2023\\\/04\\\/LOS-ALAMOS-logo-min.png\",\"contentUrl\":\"https:\\\/\\\/posadalosalamos.com\\\/wp-content\\\/uploads\\\/2023\\\/04\\\/LOS-ALAMOS-logo-min.png\",\"width\":1216,\"height\":853,\"caption\":\"Hotel Posada Los \u00c1lamos\"},\"image\":{\"@id\":\"https:\\\/\\\/posadalosalamos.com\\\/#\\\/schema\\\/logo\\\/image\\\/\"}}]}<\/script>\n<!-- \/ Yoast SEO plugin. -->","yoast_head_json":{"title":"Humus Resto Bar - Posada Los \u00c1lamos","robots":{"index":"index","follow":"follow","max-snippet":"max-snippet:-1","max-image-preview":"max-image-preview:large","max-video-preview":"max-video-preview:-1"},"canonical":"https:\/\/posadalosalamos.com\/fr\/humus-cocktail-bar\/","og_locale":"fr_FR","og_type":"article","og_title":"Humus Resto Bar - Posada Los \u00c1lamos","og_description":"[vc_row css=\u00a0\u00bb.vc_custom_1681755517730{margin-top: -100px !important;}\u00a0\u00bb][vc_column][vc_empty_space][\/vc_column][\/vc_row][vc_row full_width=\u00a0\u00bbstretch_row_content\u00a0\u00bb margin_top=\u00a0\u00bb-65px\u00a0\u00bb type=\u00a0\u00bb2&Prime; el_class=\u00a0\u00bbpagina-pre\u00a0\u00bb][vc_column width=\u00a0\u00bb1\/6&Prime;][\/vc_column][vc_column width=\u00a0\u00bb4\/6&Prime; el_class=\u00a0\u00bbpagina-pre\u00a0\u00bb][vc_row_inner equal_height=\u00a0\u00bbyes\u00a0\u00bb][vc_column_inner el_class=\u00a0\u00bbpagina\u00a0\u00bb width=\u00a0\u00bb2\/3&Prime; css=\u00a0\u00bb.vc_custom_1599700560866{background-color: #ffffff !important;}\u00a0\u00bb][vc_column_text css_animation=\u00a0\u00bbfadeInDown\u00a0\u00bb css=\u00a0\u00bb.vc_custom_1683390940076{padding-top: 30px !important;padding-right: 30px !important;padding-bottom: 30px !important;padding-left: 30px !important;background-color: #ffffff !important;}\u00a0\u00bb] Humus Resto Bar LE LIEU IDE\u00c9AL POUR PROFITER. Au coucher du soleil, le \u201cHumus Cocktail Bar\u201d c\u00b4est l\u00b4endroit id\u00e9al pour jouir de votre boisson ou cocktail [&hellip;]","og_url":"https:\/\/posadalosalamos.com\/fr\/humus-cocktail-bar\/","og_site_name":"Posada Los \u00c1lamos","article_modified_time":"2026-03-12T13:39:14+00:00","og_image":[{"width":130,"height":100,"url":"https:\/\/posadalosalamos.com\/wp-content\/uploads\/2020\/08\/logo-2.png","type":"image\/png"}],"twitter_card":"summary_large_image","twitter_misc":{"Dur\u00e9e de lecture estim\u00e9e":"1 minute"},"schema":{"@context":"https:\/\/schema.org","@graph":[{"@type":"WebPage","@id":"https:\/\/posadalosalamos.com\/fr\/humus-cocktail-bar\/","url":"https:\/\/posadalosalamos.com\/fr\/humus-cocktail-bar\/","name":"Humus Resto Bar - Posada Los \u00c1lamos","isPartOf":{"@id":"https:\/\/posadalosalamos.com\/#website"},"datePublished":"2020-09-10T01:30:20+00:00","dateModified":"2026-03-12T13:39:14+00:00","breadcrumb":{"@id":"https:\/\/posadalosalamos.com\/fr\/humus-cocktail-bar\/#breadcrumb"},"inLanguage":"fr-FR","potentialAction":[{"@type":"ReadAction","target":["https:\/\/posadalosalamos.com\/fr\/humus-cocktail-bar\/"]}]},{"@type":"BreadcrumbList","@id":"https:\/\/posadalosalamos.com\/fr\/humus-cocktail-bar\/#breadcrumb","itemListElement":[{"@type":"ListItem","position":1,"name":"Portada","item":"https:\/\/posadalosalamos.com\/fr\/"},{"@type":"ListItem","position":2,"name":"Humus Resto Bar"}]},{"@type":"WebSite","@id":"https:\/\/posadalosalamos.com\/#website","url":"https:\/\/posadalosalamos.com\/","name":"Posada Los \u00c1lamos","description":"El Calafate, Patagonia, Argentina","publisher":{"@id":"https:\/\/posadalosalamos.com\/#organization"},"alternateName":"Los \u00c1lamos","potentialAction":[{"@type":"SearchAction","target":{"@type":"EntryPoint","urlTemplate":"https:\/\/posadalosalamos.com\/?s={search_term_string}"},"query-input":{"@type":"PropertyValueSpecification","valueRequired":true,"valueName":"search_term_string"}}],"inLanguage":"fr-FR"},{"@type":"Organization","@id":"https:\/\/posadalosalamos.com\/#organization","name":"Hotel Posada Los \u00c1lamos","url":"https:\/\/posadalosalamos.com\/","logo":{"@type":"ImageObject","inLanguage":"fr-FR","@id":"https:\/\/posadalosalamos.com\/#\/schema\/logo\/image\/","url":"https:\/\/posadalosalamos.com\/wp-content\/uploads\/2023\/04\/LOS-ALAMOS-logo-min.png","contentUrl":"https:\/\/posadalosalamos.com\/wp-content\/uploads\/2023\/04\/LOS-ALAMOS-logo-min.png","width":1216,"height":853,"caption":"Hotel Posada Los \u00c1lamos"},"image":{"@id":"https:\/\/posadalosalamos.com\/#\/schema\/logo\/image\/"}}]}},"_links":{"self":[{"href":"https:\/\/posadalosalamos.com\/fr\/wp-json\/wp\/v2\/pages\/6773","targetHints":{"allow":["GET"]}}],"collection":[{"href":"https:\/\/posadalosalamos.com\/fr\/wp-json\/wp\/v2\/pages"}],"about":[{"href":"https:\/\/posadalosalamos.com\/fr\/wp-json\/wp\/v2\/types\/page"}],"author":[{"embeddable":true,"href":"https:\/\/posadalosalamos.com\/fr\/wp-json\/wp\/v2\/users\/8"}],"replies":[{"embeddable":true,"href":"https:\/\/posadalosalamos.com\/fr\/wp-json\/wp\/v2\/comments?post=6773"}],"version-history":[{"count":29,"href":"https:\/\/posadalosalamos.com\/fr\/wp-json\/wp\/v2\/pages\/6773\/revisions"}],"predecessor-version":[{"id":12377,"href":"https:\/\/posadalosalamos.com\/fr\/wp-json\/wp\/v2\/pages\/6773\/revisions\/12377"}],"wp:attachment":[{"href":"https:\/\/posadalosalamos.com\/fr\/wp-json\/wp\/v2\/media?parent=6773"}],"curies":[{"name":"wp","href":"https:\/\/api.w.org\/{rel}","templated":true}]}}