{"id":6793,"date":"2020-09-28T22:55:07","date_gmt":"2020-09-29T01:55:07","guid":{"rendered":"https:\/\/posadalosalamos.com\/fr\/excursiones\/"},"modified":"2023-05-06T13:24:43","modified_gmt":"2023-05-06T16:24:43","slug":"excursions","status":"publish","type":"page","link":"https:\/\/posadalosalamos.com\/fr\/excursions\/","title":{"rendered":"Excursions"},"content":{"rendered":"<section class=\"wpb-content-wrapper\"><p>[vc_row css=\u00a0\u00bb.vc_custom_1681746928632{margin-top: -100px !important;}\u00a0\u00bb][vc_column]\n\t\t\t<!-- START excursiones REVOLUTION SLIDER 6.6.16 --><p class=\"rs-p-wp-fix\"><\/p>\n\t\t\t<rs-module-wrap id=\"rev_slider_56_1_wrapper\" data-source=\"gallery\" style=\"visibility:hidden;background:transparent;padding:0;margin:0px auto;margin-top:0;margin-bottom:0;\">\n\t\t\t\t<rs-module id=\"rev_slider_56_1\" style=\"\" data-version=\"6.6.16\">\n\t\t\t\t\t<rs-slides style=\"overflow: hidden; position: absolute;\">\n\t\t\t\t\t\t<rs-slide style=\"position: absolute;\" data-key=\"rs-77\" data-title=\"Slide\" data-anim=\"ms:630;r:0;\" data-in=\"o:0;\" data-out=\"a:false;\">\n\t\t\t\t\t\t\t<img decoding=\"async\" src=\"\/\/posadalosalamos.com\/wp-content\/plugins\/revslider\/public\/assets\/assets\/dummy.png\" alt=\"\" class=\"rev-slidebg tp-rs-img rs-lazyload\" data-lazyload=\"\/\/posadalosalamos.com\/wp-content\/uploads\/2020\/09\/excursiones.jpg\" data-bg=\"p:right center;\" data-panzoom=\"d:18000ms;e:power0.in;ss:120%;se:100%;\" data-no-retina>\n<!---->\t\t\t\t\t\t<\/rs-slide>\n\t\t\t\t\t<\/rs-slides>\n\t\t\t\t<\/rs-module>\n\t\t\t\t<script>\n\t\t\t\t\tsetREVStartSize({c: 'rev_slider_56_1',rl:[1240,1024,778,480],el:[600],gw:[1500],gh:[600],type:'standard',justify:'',layout:'fullwidth',mh:\"0\"});if (window.RS_MODULES!==undefined && window.RS_MODULES.modules!==undefined && window.RS_MODULES.modules[\"revslider561\"]!==undefined) {window.RS_MODULES.modules[\"revslider561\"].once = false;window.revapi56 = undefined;if (window.RS_MODULES.checkMinimal!==undefined) window.RS_MODULES.checkMinimal()}\n\t\t\t\t<\/script>\n\t\t\t<\/rs-module-wrap>\n\t\t\t<!-- END REVOLUTION SLIDER -->\n[vc_empty_space][\/vc_column][\/vc_row][vc_row full_width=\u00a0\u00bbstretch_row_content\u00a0\u00bb margin_top=\u00a0\u00bb-65px\u00a0\u00bb type=\u00a0\u00bb2&Prime; el_class=\u00a0\u00bbpagina-pre\u00a0\u00bb][vc_column width=\u00a0\u00bb1\/6&Prime;][\/vc_column][vc_column width=\u00a0\u00bb4\/6&Prime; el_class=\u00a0\u00bbpagina-pre\u00a0\u00bb][vc_row_inner equal_height=\u00a0\u00bbyes\u00a0\u00bb][vc_column_inner el_class=\u00a0\u00bbpagina\u00a0\u00bb width=\u00a0\u00bb2\/3&Prime; css=\u00a0\u00bb.vc_custom_1599695027397{background-color: #ffffff !important;}\u00a0\u00bb][vc_column_text css_animation=\u00a0\u00bbfadeInDown\u00a0\u00bb css=\u00a0\u00bb.vc_custom_1683390030655{padding-top: 30px !important;padding-right: 30px !important;padding-bottom: 30px !important;padding-left: 30px !important;background-color: #ffffff !important;}\u00a0\u00bb]<\/p>\n<h2>Glacier Perito Moreno Traditionnel<\/h2>\n<h6>TOUTE L\u00b4ANN\u00c9E<\/h6>\n<p>Le glacier Perito Moreno se situe \u00e0 85 km de El Calafate. Dans la route on va d\u00b4abord passer devant le Mont des Elephants, pour arriver \u00e0 48 km de la ville \u00e0 l\u00b4entr\u00e9e du Parc National des Glaciers. \u00c0 gauche, vous aurais le Bras Rico du Lac Argentin et vous commencerez \u00e0 voir la for\u00eat typique du coin compos\u00e9 par des lengas, embothrium et calafates, bien que \u00e7a faune autochtone qui se laisse voir de temps en temps.<\/p>\n<p>On peut arriver \u00e0 pied au front du glacier par les passerelles et belv\u00e9d\u00e8res, qui donnent la possibilit\u00e9 de contempler le glacier sous diff\u00e9rents angles, et voir les fa\u00e7ades nord, sud ou central, puis que les passerelles sont un system d\u00b4escaliers et balcons sur la pente de la montagne qui se trouve face au glacier, et qui compl\u00e8te une promenade de plus de 2 km.<\/p>\n<p><strong>Heure de d\u00e9part<\/strong> : \u00c0 partir de 9.00 heures<\/p>\n<p><strong>Heure de retour<\/strong> : environ 16 :30.<\/p>\n<p><strong>ADDITIONNEL<\/strong> : on peut faire le Safari Nautique, une heure de navigation pour s\u00b4approcher \u00e0 la fa\u00e7ade sud du Glacier Perito Moreno.[\/vc_column_text][vc_btn title=\u00a0\u00bbCONSULTER\u00a0\u00bb color=\u00a0\u00bbdefault\u00a0\u00bb css_animation=\u00a0\u00bbfadeInUp\u00a0\u00bb link=\u00a0\u00bburl:http%3A%2F%2Fposadalosalamos.com%2Ffr%2Fcontact|title:Contacto|target:%20_blank|\u00a0\u00bb el_class=\u00a0\u00bbboton\u00a0\u00bb][vc_empty_space height=\u00a0\u00bb22px\u00a0\u00bb][\/vc_column_inner][vc_column_inner width=\u00a0\u00bb1\/3&Prime; css=\u00a0\u00bb.vc_custom_1601348350989{background-image: url(https:\/\/posadalosalamos.com\/wp-content\/uploads\/2020\/09\/glaciar-moreno.jpg?id=5841) !important;background-position: center !important;background-repeat: no-repeat !important;background-size: cover !important;}\u00a0\u00bb][vc_empty_space height=\u00a0\u00bb300px\u00a0\u00bb][\/vc_column_inner][\/vc_row_inner][\/vc_column][vc_column width=\u00a0\u00bb1\/6&Prime;][\/vc_column][\/vc_row][vc_row full_width=\u00a0\u00bbstretch_row_content_no_spaces\u00a0\u00bb margin_top=\u00a0\u00bb30px\u00a0\u00bb type=\u00a0\u00bb2&Prime; el_class=\u00a0\u00bbpagina-pre\u00a0\u00bb][vc_column width=\u00a0\u00bb1\/6&Prime;][\/vc_column][vc_column width=\u00a0\u00bb4\/6&Prime; el_class=\u00a0\u00bbpagina-pre\u00a0\u00bb][\/vc_column][vc_column width=\u00a0\u00bb1\/6&Prime;][\/vc_column][\/vc_row][vc_row][vc_column][vc_empty_space height=\u00a0\u00bb50px\u00a0\u00bb][\/vc_column][\/vc_row][vc_row full_width=\u00a0\u00bbstretch_row_content\u00a0\u00bb margin_top=\u00a0\u00bb30px\u00a0\u00bb type=\u00a0\u00bb2&Prime; el_class=\u00a0\u00bbpagina-pre\u00a0\u00bb][vc_column width=\u00a0\u00bb1\/6&Prime;][\/vc_column][vc_column width=\u00a0\u00bb4\/6&Prime; el_class=\u00a0\u00bbpagina-pre\u00a0\u00bb][vc_row_inner equal_height=\u00a0\u00bbyes\u00a0\u00bb][vc_column_inner el_class=\u00a0\u00bbpagina\u00a0\u00bb width=\u00a0\u00bb2\/3&Prime; css=\u00a0\u00bb.vc_custom_1599695027397{background-color: #ffffff !important;}\u00a0\u00bb][vc_column_text css_animation=\u00a0\u00bbfadeInDown\u00a0\u00bb css=\u00a0\u00bb.vc_custom_1683390132124{padding-top: 30px !important;padding-right: 30px !important;padding-bottom: 30px !important;padding-left: 30px !important;background-color: #ffffff !important;}\u00a0\u00bb]<\/p>\n<h2>Navigation Tous les Glacier<\/h2>\n<h6><span style=\"font-weight: 400;\">FR\u00c9QUENCE\u00a0: quotidienne.<\/span><\/h6>\n<p><span style=\"font-weight: 400;\">\u00c0 7\u00a0:00 heures ils viennent vous chercher pour partir au Port de Punta Banderas (50 kilom\u00e8tres). Une fois-l\u00e0, il faudra payer l\u00b4entr\u00e9e au Parc National\u00a0<\/span><\/p>\n<p><span style=\"font-weight: 400;\">08.30 hs. &#8211; il commence l\u00b4embarquement pour partir \u00e0 9 heures.\u00a0<\/span><\/p>\n<p><span style=\"font-weight: 400;\">On navigue par le Lac Argentin pour entrer au Bras Nord et le Cana Upsala, o\u00f9 on naviguera parmi des immenses icebergs d\u00e9tach\u00e9s du front du Glacier Upsala. On continue apr\u00e8s vers les glacier Sec et Glacier Spegazzini, o\u00f9 on d\u00e9barquera \u00e0 la base du Spegazzini o\u00f9 il y a la possibilit\u00e9 de faire une randonn\u00e9 (difficult\u00e9 moyenne) ou bien visiter le refuge (encore en construction) pour d\u00e9jeuner et finalement entreprendre le retour au Port o\u00f9 l\u00b4arriv\u00e9e estim\u00e9 est vers 16\u00a0:00.\u00a0<\/span><\/p>\n<p><span style=\"font-weight: 400;\"><strong>Fr\u00e9quence<\/strong>: Quotidienne<\/span><\/p>\n<p><span style=\"font-weight: 400;\"><strong>Heure de D\u00e9part<\/strong>: \u00e0 partir de 7 :00 hs<\/span><\/p>\n<p><span style=\"font-weight: 400;\"><strong>Heure d\u00b4arriv\u00e9e \u00e0 l\u00b4h\u00f4tel<\/strong>: environs 17 :00\u00a0<\/span><\/p>\n<p><span style=\"font-weight: 400;\">*Additionnel, Captain\u00b4s Club (Salle VIP) \u00e7a comprend une salle \u00e0 l\u00b4\u00e9tage sup\u00e9rieur avec 30 places, des si\u00e8ges ergonomiques, service d\u2019h\u00f4tesse avec des bossions froides et chaudes inclues (avec et sans alcool), petit-d\u00e9jeuner, d\u00e9gustation de produits fum\u00e9s et p\u00e2t\u00e9s maison \u00e0 grignoter, bien qu\u2019un toast doux avec des truffes et du mousseux ou la liqueur de calafate.<\/span><\/p>\n<p><span style=\"font-weight: 400;\">*Ce service NE FONCTIONNE PAS le 25 D\u00e9cembre ni le 01 Janvier<\/span><\/p>\n<p><strong>L\u00b4entreprise Per\u00e7oit DES FRAIS D\u00b4ANNULATION OU MODIFICATION DE DATE DEPUIS LES 10 JOURS PR\u00c9C\u00c9DENTS LA DATE DU SERVICE.\u00a0<\/strong>[\/vc_column_text][vc_btn title=\u00a0\u00bbCONSULTER\u00a0\u00bb color=\u00a0\u00bbdefault\u00a0\u00bb css_animation=\u00a0\u00bbfadeInUp\u00a0\u00bb link=\u00a0\u00bburl:http%3A%2F%2Fposadalosalamos.com%2Ffr%2Fcontact|title:Contacto|target:%20_blank|\u00a0\u00bb el_class=\u00a0\u00bbboton\u00a0\u00bb][vc_empty_space height=\u00a0\u00bb22px\u00a0\u00bb][\/vc_column_inner][vc_column_inner width=\u00a0\u00bb1\/3&Prime; css=\u00a0\u00bb.vc_custom_1601348908601{background-image: url(https:\/\/posadalosalamos.com\/wp-content\/uploads\/2020\/09\/navegacion.jpg?id=5844) !important;background-position: center !important;background-repeat: no-repeat !important;background-size: cover !important;}\u00a0\u00bb][vc_empty_space height=\u00a0\u00bb300px\u00a0\u00bb][\/vc_column_inner][\/vc_row_inner][\/vc_column][vc_column width=\u00a0\u00bb1\/6&Prime;][\/vc_column][\/vc_row][vc_row][vc_column][vc_empty_space height=\u00a0\u00bb50px\u00a0\u00bb][\/vc_column][\/vc_row][vc_row full_width=\u00a0\u00bbstretch_row_content\u00a0\u00bb margin_top=\u00a0\u00bb30px\u00a0\u00bb type=\u00a0\u00bb2&Prime; el_class=\u00a0\u00bbpagina-pre\u00a0\u00bb][vc_column width=\u00a0\u00bb1\/6&Prime;][\/vc_column][vc_column width=\u00a0\u00bb4\/6&Prime; el_class=\u00a0\u00bbpagina-pre\u00a0\u00bb][vc_row_inner equal_height=\u00a0\u00bbyes\u00a0\u00bb][vc_column_inner el_class=\u00a0\u00bbpagina\u00a0\u00bb width=\u00a0\u00bb1\/3&Prime; css=\u00a0\u00bb.vc_custom_1681747100393{background: #ffffff url(https:\/\/posadalosalamos.com\/wp-content\/uploads\/2020\/09\/minitrekking.jpg?id=5845) !important;background-position: center !important;background-repeat: no-repeat !important;background-size: cover !important;}\u00a0\u00bb offset=\u00a0\u00bbvc_hidden-sm vc_hidden-xs\u00a0\u00bb][vc_empty_space height=\u00a0\u00bb300px\u00a0\u00bb][\/vc_column_inner][vc_column_inner width=\u00a0\u00bb2\/3&Prime; css=\u00a0\u00bb.vc_custom_1601346656917{background-color: #ffffff !important;}\u00a0\u00bb][vc_column_text css_animation=\u00a0\u00bbfadeInDown\u00a0\u00bb css=\u00a0\u00bb.vc_custom_1683390226845{padding-top: 30px !important;padding-right: 30px !important;padding-bottom: 30px !important;padding-left: 30px !important;background-color: #ffffff !important;}\u00a0\u00bb]<\/p>\n<h2>Mini-trekking sur le Glacier Perito Moreno<\/h2>\n<h6><span style=\"font-weight: 400;\">Le Minnitreking se fait depuis d\u00e9but Ao\u00fbt jusqu\u00b4\u00e0 la fin de Mai.\u00a0<\/span><\/h6>\n<p><span style=\"font-weight: 400;\">Apr\u00e8s 70 km. de route on arrive au Port Bajo La Sombra, o\u00f9 on monte sur un bateau pour traverser le Bras Rico du Lac Argentin. Une fois de l\u00b4autre c\u00f4t\u00e9 on commence une randonn\u00e9 de 40 minutes jusqu\u00b4\u00e0 la base du glacier avec les guides. Y del\u00e0 on met les crampons pour commencer le mini-trekking sur la glace, d\u00b4une dur\u00e9e d\u00b4environ 2 heures.\u00a0<\/span><\/p>\n<p><span style=\"font-weight: 400;\">\u00c0 la fin il y aura du temps libre pour d\u00e9jeuner et visiter le front des passerelles (01 heure)<\/span><\/p>\n<p><span style=\"font-weight: 400;\">Il est important de pr\u00e9voir un panier repas ou lunch box, des chaussures de sport ou de montagne, des v\u00eatements chauds et la cr\u00e8me solaire.\u00a0<\/span><\/p>\n<p><span style=\"font-weight: 400;\"><strong>Heure de d\u00e9part<\/strong>: \u00c0 partir de 7 heures, \u00e0 confirmer par l\u00b4agence.\u00a0<\/span><\/p>\n<p><span style=\"font-weight: 400;\"><strong>Heure de retour<\/strong>: environ 18 heures.\u00a0<\/span><\/p>\n<p><span style=\"font-weight: 400;\">\u00a0<strong>\u00c2ge<\/strong>: De 8 \u00e0 65 ans.<\/span><\/p>\n<p><span style=\"font-weight: 400;\">*Les mineurs de 8 \u00e0 15 ans payent les transferts complets et un 20% de r\u00e9duction sur l\u00b4excursion.\u00a0<\/span><\/p>\n<p><strong>**D\u00e9conseill\u00e9 pour des femmes enceintes, des cardiaques, hypertendus ou des personnes avec un certain degr\u00e9 de d\u00e9ficience motrice.<\/strong>[\/vc_column_text][vc_btn title=\u00a0\u00bbCONSULTER\u00a0\u00bb color=\u00a0\u00bbdefault\u00a0\u00bb css_animation=\u00a0\u00bbfadeInUp\u00a0\u00bb link=\u00a0\u00bburl:http%3A%2F%2Fposadalosalamos.com%2Ffr%2Fcontact|title:Contacto|target:%20_blank|\u00a0\u00bb el_class=\u00a0\u00bbboton\u00a0\u00bb][vc_empty_space height=\u00a0\u00bb22px\u00a0\u00bb][\/vc_column_inner][\/vc_row_inner][\/vc_column][vc_column width=\u00a0\u00bb1\/6&Prime;][\/vc_column][\/vc_row][vc_row][vc_column][vc_empty_space height=\u00a0\u00bb52px\u00a0\u00bb][\/vc_column][\/vc_row][vc_row][vc_column][\/vc_column][\/vc_row]<\/p>\n<\/section>","protected":false},"excerpt":{"rendered":"<p>[vc_row css=\u00a0\u00bb.vc_custom_1681746928632{margin-top: -100px !important;}\u00a0\u00bb][vc_column][vc_empty_space][\/vc_column][\/vc_row][vc_row full_width=\u00a0\u00bbstretch_row_content\u00a0\u00bb margin_top=\u00a0\u00bb-65px\u00a0\u00bb type=\u00a0\u00bb2&Prime; el_class=\u00a0\u00bbpagina-pre\u00a0\u00bb][vc_column width=\u00a0\u00bb1\/6&Prime;][\/vc_column][vc_column width=\u00a0\u00bb4\/6&Prime; el_class=\u00a0\u00bbpagina-pre\u00a0\u00bb][vc_row_inner equal_height=\u00a0\u00bbyes\u00a0\u00bb][vc_column_inner el_class=\u00a0\u00bbpagina\u00a0\u00bb width=\u00a0\u00bb2\/3&Prime; css=\u00a0\u00bb.vc_custom_1599695027397{background-color: #ffffff !important;}\u00a0\u00bb][vc_column_text css_animation=\u00a0\u00bbfadeInDown\u00a0\u00bb css=\u00a0\u00bb.vc_custom_1683390030655{padding-top: 30px !important;padding-right: 30px !important;padding-bottom: 30px !important;padding-left: 30px !important;background-color: #ffffff !important;}\u00a0\u00bb] Glacier Perito Moreno Traditionnel TOUTE L\u00b4ANN\u00c9E Le glacier Perito Moreno se situe \u00e0 85 km de El Calafate. Dans la route on va d\u00b4abord passer devant [&hellip;]<\/p>\n","protected":false},"author":8,"featured_media":0,"parent":0,"menu_order":0,"comment_status":"closed","ping_status":"closed","template":"","meta":{"site-sidebar-layout":"no-sidebar","site-content-layout":"plain-container","ast-site-content-layout":"default","site-content-style":"default","site-sidebar-style":"default","ast-global-header-display":"","ast-banner-title-visibility":"","ast-main-header-display":"","ast-hfb-above-header-display":"","ast-hfb-below-header-display":"","ast-hfb-mobile-header-display":"","site-post-title":"disabled","ast-breadcrumbs-content":"","ast-featured-img":"disabled","footer-sml-layout":"","ast-disable-related-posts":"","theme-transparent-header-meta":"default","adv-header-id-meta":"","stick-header-meta":"default","header-above-stick-meta":"","header-main-stick-meta":"","header-below-stick-meta":"","astra-migrate-meta-layouts":"default","ast-page-background-enabled":"default","ast-page-background-meta":{"desktop":{"background-color":"var(--ast-global-color-4)","background-image":"","background-repeat":"repeat","background-position":"center center","background-size":"auto","background-attachment":"scroll","background-type":"","background-media":"","overlay-type":"","overlay-color":"","overlay-opacity":"","overlay-gradient":""},"tablet":{"background-color":"","background-image":"","background-repeat":"repeat","background-position":"center center","background-size":"auto","background-attachment":"scroll","background-type":"","background-media":"","overlay-type":"","overlay-color":"","overlay-opacity":"","overlay-gradient":""},"mobile":{"background-color":"","background-image":"","background-repeat":"repeat","background-position":"center center","background-size":"auto","background-attachment":"scroll","background-type":"","background-media":"","overlay-type":"","overlay-color":"","overlay-opacity":"","overlay-gradient":""}},"ast-content-background-meta":{"desktop":{"background-color":"var(--ast-global-color-5)","background-image":"","background-repeat":"repeat","background-position":"center center","background-size":"auto","background-attachment":"scroll","background-type":"","background-media":"","overlay-type":"","overlay-color":"","overlay-opacity":"","overlay-gradient":""},"tablet":{"background-color":"var(--ast-global-color-5)","background-image":"","background-repeat":"repeat","background-position":"center center","background-size":"auto","background-attachment":"scroll","background-type":"","background-media":"","overlay-type":"","overlay-color":"","overlay-opacity":"","overlay-gradient":""},"mobile":{"background-color":"var(--ast-global-color-5)","background-image":"","background-repeat":"repeat","background-position":"center center","background-size":"auto","background-attachment":"scroll","background-type":"","background-media":"","overlay-type":"","overlay-color":"","overlay-opacity":"","overlay-gradient":""}},"footnotes":""},"class_list":["post-6793","page","type-page","status-publish","hentry"],"yoast_head":"<!-- This site is optimized with the Yoast SEO plugin v27.5 - https:\/\/yoast.com\/product\/yoast-seo-wordpress\/ -->\n<title>Excursions - Posada Los \u00c1lamos<\/title>\n<meta name=\"robots\" content=\"index, follow, max-snippet:-1, max-image-preview:large, max-video-preview:-1\" \/>\n<link rel=\"canonical\" href=\"https:\/\/posadalosalamos.com\/fr\/excursions\/\" \/>\n<meta property=\"og:locale\" content=\"fr_FR\" \/>\n<meta property=\"og:type\" content=\"article\" \/>\n<meta property=\"og:title\" content=\"Excursions - Posada Los \u00c1lamos\" \/>\n<meta property=\"og:description\" content=\"[vc_row css=\u00a0\u00bb.vc_custom_1681746928632{margin-top: -100px !important;}\u00a0\u00bb][vc_column][vc_empty_space][\/vc_column][\/vc_row][vc_row full_width=\u00a0\u00bbstretch_row_content\u00a0\u00bb margin_top=\u00a0\u00bb-65px\u00a0\u00bb type=\u00a0\u00bb2&Prime; el_class=\u00a0\u00bbpagina-pre\u00a0\u00bb][vc_column width=\u00a0\u00bb1\/6&Prime;][\/vc_column][vc_column width=\u00a0\u00bb4\/6&Prime; el_class=\u00a0\u00bbpagina-pre\u00a0\u00bb][vc_row_inner equal_height=\u00a0\u00bbyes\u00a0\u00bb][vc_column_inner el_class=\u00a0\u00bbpagina\u00a0\u00bb width=\u00a0\u00bb2\/3&Prime; css=\u00a0\u00bb.vc_custom_1599695027397{background-color: #ffffff !important;}\u00a0\u00bb][vc_column_text css_animation=\u00a0\u00bbfadeInDown\u00a0\u00bb css=\u00a0\u00bb.vc_custom_1683390030655{padding-top: 30px !important;padding-right: 30px !important;padding-bottom: 30px !important;padding-left: 30px !important;background-color: #ffffff !important;}\u00a0\u00bb] Glacier Perito Moreno Traditionnel TOUTE L\u00b4ANN\u00c9E Le glacier Perito Moreno se situe \u00e0 85 km de El Calafate. Dans la route on va d\u00b4abord passer devant [&hellip;]\" \/>\n<meta property=\"og:url\" content=\"https:\/\/posadalosalamos.com\/fr\/excursions\/\" \/>\n<meta property=\"og:site_name\" content=\"Posada Los \u00c1lamos\" \/>\n<meta property=\"article:modified_time\" content=\"2023-05-06T16:24:43+00:00\" \/>\n<meta property=\"og:image\" content=\"https:\/\/posadalosalamos.com\/wp-content\/uploads\/2020\/08\/logo-2.png\" \/>\n\t<meta property=\"og:image:width\" content=\"130\" \/>\n\t<meta property=\"og:image:height\" content=\"100\" \/>\n\t<meta property=\"og:image:type\" content=\"image\/png\" \/>\n<meta name=\"twitter:card\" content=\"summary_large_image\" \/>\n<meta name=\"twitter:label1\" content=\"Dur\u00e9e de lecture estim\u00e9e\" \/>\n\t<meta name=\"twitter:data1\" content=\"4 minutes\" \/>\n<script type=\"application\/ld+json\" class=\"yoast-schema-graph\">{\"@context\":\"https:\\\/\\\/schema.org\",\"@graph\":[{\"@type\":\"WebPage\",\"@id\":\"https:\\\/\\\/posadalosalamos.com\\\/fr\\\/excursions\\\/\",\"url\":\"https:\\\/\\\/posadalosalamos.com\\\/fr\\\/excursions\\\/\",\"name\":\"Excursions - Posada Los \u00c1lamos\",\"isPartOf\":{\"@id\":\"https:\\\/\\\/posadalosalamos.com\\\/#website\"},\"datePublished\":\"2020-09-29T01:55:07+00:00\",\"dateModified\":\"2023-05-06T16:24:43+00:00\",\"breadcrumb\":{\"@id\":\"https:\\\/\\\/posadalosalamos.com\\\/fr\\\/excursions\\\/#breadcrumb\"},\"inLanguage\":\"fr-FR\",\"potentialAction\":[{\"@type\":\"ReadAction\",\"target\":[\"https:\\\/\\\/posadalosalamos.com\\\/fr\\\/excursions\\\/\"]}]},{\"@type\":\"BreadcrumbList\",\"@id\":\"https:\\\/\\\/posadalosalamos.com\\\/fr\\\/excursions\\\/#breadcrumb\",\"itemListElement\":[{\"@type\":\"ListItem\",\"position\":1,\"name\":\"Portada\",\"item\":\"https:\\\/\\\/posadalosalamos.com\\\/fr\\\/\"},{\"@type\":\"ListItem\",\"position\":2,\"name\":\"Excursions\"}]},{\"@type\":\"WebSite\",\"@id\":\"https:\\\/\\\/posadalosalamos.com\\\/#website\",\"url\":\"https:\\\/\\\/posadalosalamos.com\\\/\",\"name\":\"Posada Los \u00c1lamos\",\"description\":\"El Calafate, Patagonia, Argentina\",\"publisher\":{\"@id\":\"https:\\\/\\\/posadalosalamos.com\\\/#organization\"},\"alternateName\":\"Los \u00c1lamos\",\"potentialAction\":[{\"@type\":\"SearchAction\",\"target\":{\"@type\":\"EntryPoint\",\"urlTemplate\":\"https:\\\/\\\/posadalosalamos.com\\\/?s={search_term_string}\"},\"query-input\":{\"@type\":\"PropertyValueSpecification\",\"valueRequired\":true,\"valueName\":\"search_term_string\"}}],\"inLanguage\":\"fr-FR\"},{\"@type\":\"Organization\",\"@id\":\"https:\\\/\\\/posadalosalamos.com\\\/#organization\",\"name\":\"Hotel Posada Los \u00c1lamos\",\"url\":\"https:\\\/\\\/posadalosalamos.com\\\/\",\"logo\":{\"@type\":\"ImageObject\",\"inLanguage\":\"fr-FR\",\"@id\":\"https:\\\/\\\/posadalosalamos.com\\\/#\\\/schema\\\/logo\\\/image\\\/\",\"url\":\"https:\\\/\\\/posadalosalamos.com\\\/wp-content\\\/uploads\\\/2023\\\/04\\\/LOS-ALAMOS-logo-min.png\",\"contentUrl\":\"https:\\\/\\\/posadalosalamos.com\\\/wp-content\\\/uploads\\\/2023\\\/04\\\/LOS-ALAMOS-logo-min.png\",\"width\":1216,\"height\":853,\"caption\":\"Hotel Posada Los \u00c1lamos\"},\"image\":{\"@id\":\"https:\\\/\\\/posadalosalamos.com\\\/#\\\/schema\\\/logo\\\/image\\\/\"}}]}<\/script>\n<!-- \/ Yoast SEO plugin. -->","yoast_head_json":{"title":"Excursions - Posada Los \u00c1lamos","robots":{"index":"index","follow":"follow","max-snippet":"max-snippet:-1","max-image-preview":"max-image-preview:large","max-video-preview":"max-video-preview:-1"},"canonical":"https:\/\/posadalosalamos.com\/fr\/excursions\/","og_locale":"fr_FR","og_type":"article","og_title":"Excursions - Posada Los \u00c1lamos","og_description":"[vc_row css=\u00a0\u00bb.vc_custom_1681746928632{margin-top: -100px !important;}\u00a0\u00bb][vc_column][vc_empty_space][\/vc_column][\/vc_row][vc_row full_width=\u00a0\u00bbstretch_row_content\u00a0\u00bb margin_top=\u00a0\u00bb-65px\u00a0\u00bb type=\u00a0\u00bb2&Prime; el_class=\u00a0\u00bbpagina-pre\u00a0\u00bb][vc_column width=\u00a0\u00bb1\/6&Prime;][\/vc_column][vc_column width=\u00a0\u00bb4\/6&Prime; el_class=\u00a0\u00bbpagina-pre\u00a0\u00bb][vc_row_inner equal_height=\u00a0\u00bbyes\u00a0\u00bb][vc_column_inner el_class=\u00a0\u00bbpagina\u00a0\u00bb width=\u00a0\u00bb2\/3&Prime; css=\u00a0\u00bb.vc_custom_1599695027397{background-color: #ffffff !important;}\u00a0\u00bb][vc_column_text css_animation=\u00a0\u00bbfadeInDown\u00a0\u00bb css=\u00a0\u00bb.vc_custom_1683390030655{padding-top: 30px !important;padding-right: 30px !important;padding-bottom: 30px !important;padding-left: 30px !important;background-color: #ffffff !important;}\u00a0\u00bb] Glacier Perito Moreno Traditionnel TOUTE L\u00b4ANN\u00c9E Le glacier Perito Moreno se situe \u00e0 85 km de El Calafate. Dans la route on va d\u00b4abord passer devant [&hellip;]","og_url":"https:\/\/posadalosalamos.com\/fr\/excursions\/","og_site_name":"Posada Los \u00c1lamos","article_modified_time":"2023-05-06T16:24:43+00:00","og_image":[{"width":130,"height":100,"url":"https:\/\/posadalosalamos.com\/wp-content\/uploads\/2020\/08\/logo-2.png","type":"image\/png"}],"twitter_card":"summary_large_image","twitter_misc":{"Dur\u00e9e de lecture estim\u00e9e":"4 minutes"},"schema":{"@context":"https:\/\/schema.org","@graph":[{"@type":"WebPage","@id":"https:\/\/posadalosalamos.com\/fr\/excursions\/","url":"https:\/\/posadalosalamos.com\/fr\/excursions\/","name":"Excursions - Posada Los \u00c1lamos","isPartOf":{"@id":"https:\/\/posadalosalamos.com\/#website"},"datePublished":"2020-09-29T01:55:07+00:00","dateModified":"2023-05-06T16:24:43+00:00","breadcrumb":{"@id":"https:\/\/posadalosalamos.com\/fr\/excursions\/#breadcrumb"},"inLanguage":"fr-FR","potentialAction":[{"@type":"ReadAction","target":["https:\/\/posadalosalamos.com\/fr\/excursions\/"]}]},{"@type":"BreadcrumbList","@id":"https:\/\/posadalosalamos.com\/fr\/excursions\/#breadcrumb","itemListElement":[{"@type":"ListItem","position":1,"name":"Portada","item":"https:\/\/posadalosalamos.com\/fr\/"},{"@type":"ListItem","position":2,"name":"Excursions"}]},{"@type":"WebSite","@id":"https:\/\/posadalosalamos.com\/#website","url":"https:\/\/posadalosalamos.com\/","name":"Posada Los \u00c1lamos","description":"El Calafate, Patagonia, Argentina","publisher":{"@id":"https:\/\/posadalosalamos.com\/#organization"},"alternateName":"Los \u00c1lamos","potentialAction":[{"@type":"SearchAction","target":{"@type":"EntryPoint","urlTemplate":"https:\/\/posadalosalamos.com\/?s={search_term_string}"},"query-input":{"@type":"PropertyValueSpecification","valueRequired":true,"valueName":"search_term_string"}}],"inLanguage":"fr-FR"},{"@type":"Organization","@id":"https:\/\/posadalosalamos.com\/#organization","name":"Hotel Posada Los \u00c1lamos","url":"https:\/\/posadalosalamos.com\/","logo":{"@type":"ImageObject","inLanguage":"fr-FR","@id":"https:\/\/posadalosalamos.com\/#\/schema\/logo\/image\/","url":"https:\/\/posadalosalamos.com\/wp-content\/uploads\/2023\/04\/LOS-ALAMOS-logo-min.png","contentUrl":"https:\/\/posadalosalamos.com\/wp-content\/uploads\/2023\/04\/LOS-ALAMOS-logo-min.png","width":1216,"height":853,"caption":"Hotel Posada Los \u00c1lamos"},"image":{"@id":"https:\/\/posadalosalamos.com\/#\/schema\/logo\/image\/"}}]}},"_links":{"self":[{"href":"https:\/\/posadalosalamos.com\/fr\/wp-json\/wp\/v2\/pages\/6793","targetHints":{"allow":["GET"]}}],"collection":[{"href":"https:\/\/posadalosalamos.com\/fr\/wp-json\/wp\/v2\/pages"}],"about":[{"href":"https:\/\/posadalosalamos.com\/fr\/wp-json\/wp\/v2\/types\/page"}],"author":[{"embeddable":true,"href":"https:\/\/posadalosalamos.com\/fr\/wp-json\/wp\/v2\/users\/8"}],"replies":[{"embeddable":true,"href":"https:\/\/posadalosalamos.com\/fr\/wp-json\/wp\/v2\/comments?post=6793"}],"version-history":[{"count":3,"href":"https:\/\/posadalosalamos.com\/fr\/wp-json\/wp\/v2\/pages\/6793\/revisions"}],"predecessor-version":[{"id":7822,"href":"https:\/\/posadalosalamos.com\/fr\/wp-json\/wp\/v2\/pages\/6793\/revisions\/7822"}],"wp:attachment":[{"href":"https:\/\/posadalosalamos.com\/fr\/wp-json\/wp\/v2\/media?parent=6793"}],"curies":[{"name":"wp","href":"https:\/\/api.w.org\/{rel}","templated":true}]}}