{"id":6829,"date":"2020-08-28T00:22:06","date_gmt":"2020-08-28T03:22:06","guid":{"rendered":"https:\/\/posadalosalamos.com\/fr\/habitaciones\/"},"modified":"2025-06-03T20:05:38","modified_gmt":"2025-06-03T23:05:38","slug":"chambres","status":"publish","type":"page","link":"https:\/\/posadalosalamos.com\/fr\/chambres\/","title":{"rendered":"Chambres"},"content":{"rendered":"<section class=\"wpb-content-wrapper\"><p>[vc_row css=\u00a0\u00bb.vc_custom_1681749788204{margin-top: -100px !important;}\u00a0\u00bb][vc_column]\n\t\t\t<!-- START habitacion REVOLUTION SLIDER 6.6.16 --><p class=\"rs-p-wp-fix\"><\/p>\n\t\t\t<rs-module-wrap id=\"rev_slider_57_1_wrapper\" data-source=\"gallery\" style=\"visibility:hidden;background:transparent;padding:0;margin:0px auto;margin-top:0;margin-bottom:0;\">\n\t\t\t\t<rs-module id=\"rev_slider_57_1\" style=\"\" data-version=\"6.6.16\">\n\t\t\t\t\t<rs-slides style=\"overflow: hidden; position: absolute;\">\n\t\t\t\t\t\t<rs-slide style=\"position: absolute;\" data-key=\"rs-78\" data-title=\"Slide\" data-anim=\"ms:630;\" data-in=\"o:0;\" data-out=\"a:false;\">\n\t\t\t\t\t\t\t<img decoding=\"async\" src=\"\/\/posadalosalamos.com\/wp-content\/plugins\/revslider\/public\/assets\/assets\/dummy.png\" alt=\"\" class=\"rev-slidebg tp-rs-img rs-lazyload\" data-lazyload=\"\/\/posadalosalamos.com\/wp-content\/uploads\/2023\/07\/Habitaciones.jpg\" data-bg=\"p:right center;\" data-panzoom=\"d:14000ms;e:power0.in;ss:110%;se:100%;\" data-no-retina>\n<!---->\t\t\t\t\t\t<\/rs-slide>\n\t\t\t\t\t<\/rs-slides>\n\t\t\t\t<\/rs-module>\n\t\t\t\t<script>\n\t\t\t\t\tsetREVStartSize({c: 'rev_slider_57_1',rl:[1240,1240,1240,480],el:[600,600,600,720],gw:[1500,1500,1500,480],gh:[600,600,600,720],type:'standard',justify:'',layout:'fullwidth',mh:\"0\"});if (window.RS_MODULES!==undefined && window.RS_MODULES.modules!==undefined && window.RS_MODULES.modules[\"revslider571\"]!==undefined) {window.RS_MODULES.modules[\"revslider571\"].once = false;window.revapi57 = undefined;if (window.RS_MODULES.checkMinimal!==undefined) window.RS_MODULES.checkMinimal()}\n\t\t\t\t<\/script>\n\t\t\t<\/rs-module-wrap>\n\t\t\t<!-- END REVOLUTION SLIDER -->\n[vc_empty_space][\/vc_column][\/vc_row][vc_row full_width=\u00a0\u00bbstretch_row_content\u00a0\u00bb equal_height=\u00a0\u00bbyes\u00a0\u00bb content_placement=\u00a0\u00bbtop\u00a0\u00bb margin_top=\u00a0\u00bb-40px\u00a0\u00bb margin_bottom=\u00a0\u00bb20px\u00a0\u00bb type=\u00a0\u00bb2&Prime; css=\u00a0\u00bb.vc_custom_1680383317357{margin-bottom: 20px !important;padding-right: 0px !important;padding-left: 0px !important;}\u00a0\u00bb][vc_column width=\u00a0\u00bb1\/6&Prime;][\/vc_column][vc_column width=\u00a0\u00bb4\/6&Prime; el_class=\u00a0\u00bbpagina-pre\u00a0\u00bb][vc_row_inner][vc_column_inner width=\u00a0\u00bb1\/2&Prime; offset=\u00a0\u00bbvc_hidden-sm vc_hidden-xs\u00a0\u00bb][vc_single_image image=\u00a0\u00bb11284&Prime; img_size=\u00a0\u00bbfull\u00a0\u00bb alignment=\u00a0\u00bbcenter\u00a0\u00bb css_animation=\u00a0\u00bbfadeIn\u00a0\u00bb el_class=\u00a0\u00bbimagenhome\u00a0\u00bb][vc_column_text css_animation=\u00a0\u00bbfadeInUp\u00a0\u00bb css=\u00a0\u00bb.vc_custom_1683388329797{margin-top: -40px !important;padding-top: 12px !important;padding-right: 12px !important;padding-bottom: 32px !important;padding-left: 12px !important;background-color: #ffffff !important;}\u00a0\u00bb el_class=\u00a0\u00bbhabitacion\u00a0\u00bb]<\/p>\n<h2>Standard<\/h2>\n<h6>CHAMBRE SIMPLE, DOUBLE MATRIMONALE, JUMEAUX OU TRIPLE.<\/h6>\n<p>Des chambres confortables, exclusivement d\u00e9cor\u00e9es, qui offrent des vues soit sur nos jardins ou la ville.<\/p>\n<h6 style=\"text-align: center;\"><strong><a href=\"https:\/\/posadalosalamos.com\/fr\/chambres-standards\">EN SAVOIR PLUS<\/a><\/strong><\/h6>\n<p>[\/vc_column_text][vc_empty_space height=\u00a0\u00bb20px\u00a0\u00bb][\/vc_column_inner][vc_column_inner width=\u00a0\u00bb1\/2&Prime; offset=\u00a0\u00bbvc_hidden-sm vc_hidden-xs\u00a0\u00bb][vc_single_image image=\u00a0\u00bb11291&Prime; img_size=\u00a0\u00bbfull\u00a0\u00bb alignment=\u00a0\u00bbcenter\u00a0\u00bb css_animation=\u00a0\u00bbfadeIn\u00a0\u00bb el_class=\u00a0\u00bbimagenhome\u00a0\u00bb][vc_column_text css_animation=\u00a0\u00bbfadeInUp\u00a0\u00bb css=\u00a0\u00bb.vc_custom_1683388102761{margin-top: -40px !important;padding-top: 12px !important;padding-right: 12px !important;padding-bottom: 32px !important;padding-left: 12px !important;background-color: #ffffff !important;}\u00a0\u00bb el_class=\u00a0\u00bbhabitacion\u00a0\u00bb]<\/p>\n<h2>Studio<\/h2>\n<h6>UN ESPACE MODERN ET EXCLUSIF<\/h6>\n<p><span style=\"font-weight: 400;\">Des chambres confortables de 26 m\u00b2, exclusivement d\u00e9cor\u00e9es, avec vues sur nos jardins avec lit King Size.<\/span><\/p>\n<h6 style=\"text-align: center;\"><a href=\"https:\/\/posadalosalamos.com\/fr\/studio\"><b>EN SAVOIR PLUS<\/b><\/a><\/h6>\n<p>[\/vc_column_text][vc_empty_space height=\u00a0\u00bb20px\u00a0\u00bb][\/vc_column_inner][\/vc_row_inner][\/vc_column][vc_column width=\u00a0\u00bb1\/6&Prime;][\/vc_column][\/vc_row][vc_row full_width=\u00a0\u00bbstretch_row_content\u00a0\u00bb equal_height=\u00a0\u00bbyes\u00a0\u00bb content_placement=\u00a0\u00bbtop\u00a0\u00bb margin_top=\u00a0\u00bb20px\u00a0\u00bb margin_bottom=\u00a0\u00bb20px\u00a0\u00bb type=\u00a0\u00bb2&Prime; css=\u00a0\u00bb.vc_custom_1680383299116{margin-bottom: 20px !important;padding-right: 0px !important;padding-left: 0px !important;}\u00a0\u00bb][vc_column width=\u00a0\u00bb1\/6&Prime;][\/vc_column][vc_column width=\u00a0\u00bb4\/6&Prime; el_class=\u00a0\u00bbpagina-pre\u00a0\u00bb][vc_row_inner][vc_column_inner width=\u00a0\u00bb1\/2&Prime; offset=\u00a0\u00bbvc_hidden-sm vc_hidden-xs\u00a0\u00bb][vc_single_image image=\u00a0\u00bb11424&Prime; img_size=\u00a0\u00bbfull\u00a0\u00bb alignment=\u00a0\u00bbcenter\u00a0\u00bb css_animation=\u00a0\u00bbfadeIn\u00a0\u00bb el_class=\u00a0\u00bbimagenhome\u00a0\u00bb][vc_column_text css_animation=\u00a0\u00bbfadeInUp\u00a0\u00bb css=\u00a0\u00bb.vc_custom_1683388168708{margin-top: -40px !important;padding-top: 12px !important;padding-right: 12px !important;padding-bottom: 32px !important;padding-left: 12px !important;background-color: #ffffff !important;}\u00a0\u00bb el_class=\u00a0\u00bbhabitacion\u00a0\u00bb]<\/p>\n<h2>Junior Suite<\/h2>\n<h6><span style=\"font-weight: 400;\">CONFORT TRADITIONNEL<\/span><\/h6>\n<p><span style=\"font-weight: 400;\">Chambre confortable de 27 m\u00b2, exclusivement d\u00e9cor\u00e9e avec vue sur nos jardins., dot\u00e9e d\u00b4une lit double Queen size.<\/span><\/p>\n<h6 style=\"text-align: center;\"><a href=\"https:\/\/posadalosalamos.com\/fr\/junior-suite\"><b>EN SAVOIR PLUS<\/b><\/a><\/h6>\n<p>[\/vc_column_text][vc_empty_space height=\u00a0\u00bb20px\u00a0\u00bb][\/vc_column_inner][vc_column_inner width=\u00a0\u00bb1\/2&Prime; offset=\u00a0\u00bbvc_hidden-sm vc_hidden-xs\u00a0\u00bb][vc_single_image image=\u00a0\u00bb11418&Prime; img_size=\u00a0\u00bbfull\u00a0\u00bb alignment=\u00a0\u00bbcenter\u00a0\u00bb css_animation=\u00a0\u00bbfadeIn\u00a0\u00bb el_class=\u00a0\u00bbimagenhome\u00a0\u00bb][vc_column_text css_animation=\u00a0\u00bbfadeInUp\u00a0\u00bb css=\u00a0\u00bb.vc_custom_1683388251291{margin-top: -40px !important;padding-top: 12px !important;padding-right: 12px !important;padding-bottom: 32px !important;padding-left: 12px !important;background-color: #ffffff !important;}\u00a0\u00bb el_class=\u00a0\u00bbhabitacion\u00a0\u00bb]<\/p>\n<h2>Suite Royale<\/h2>\n<h6><span style=\"font-weight: 400;\">MAXIMUM D\u00b4ESPACE ET CONFORT<\/span><\/h6>\n<p><span style=\"font-weight: 400;\">Chambre deux pi\u00e8ces de 33 m\u00b2. Chambre confortable, exclusivement d\u00e9cor\u00e9e avec vue sur nos jardins. Une lit King size ou deux jumeaux.\u00a0<\/span><\/p>\n<h6 style=\"text-align: center;\"><a href=\"https:\/\/posadalosalamos.com\/fr\/suite-royale\"><b>EN SAVOIR PLUS<\/b><\/a><\/h6>\n<p>[\/vc_column_text][vc_empty_space height=\u00a0\u00bb20px\u00a0\u00bb][\/vc_column_inner][\/vc_row_inner][\/vc_column][vc_column width=\u00a0\u00bb1\/6&Prime;][\/vc_column][\/vc_row][vc_row][vc_column offset=\u00a0\u00bbvc_hidden-lg vc_hidden-md\u00a0\u00bb][vc_single_image image=\u00a0\u00bb11284&Prime; img_size=\u00a0\u00bbfull\u00a0\u00bb][vc_column_text css_animation=\u00a0\u00bbfadeInUp\u00a0\u00bb css=\u00a0\u00bb.vc_custom_1683388336293{margin-top: -40px !important;padding-top: 12px !important;padding-right: 12px !important;padding-bottom: 32px !important;padding-left: 12px !important;background-color: #ffffff !important;}\u00a0\u00bb el_class=\u00a0\u00bbhomemobile\u00a0\u00bb]<\/p>\n<h2>Standard<\/h2>\n<h6>CHAMBRE SIMPLE, DOUBLE MATRIMONALE, JUMEAUX OU TRIPLE.<\/h6>\n<p>Des chambres confortables, exclusivement d\u00e9cor\u00e9es, qui offrent des vues soit sur nos jardins ou la ville.<\/p>\n<h6 style=\"text-align: center;\"><strong><a href=\"https:\/\/posadalosalamos.com\/fr\/chambres-standards\">EN SAVOIR PLUS<\/a><\/strong><\/h6>\n<p>[\/vc_column_text][\/vc_column][\/vc_row][vc_row][vc_column offset=\u00a0\u00bbvc_hidden-lg vc_hidden-md\u00a0\u00bb][vc_single_image image=\u00a0\u00bb11291&Prime; img_size=\u00a0\u00bbfull\u00a0\u00bb][vc_column_text css_animation=\u00a0\u00bbfadeInUp\u00a0\u00bb css=\u00a0\u00bb.vc_custom_1683388111553{margin-top: -40px !important;padding-top: 12px !important;padding-right: 12px !important;padding-bottom: 32px !important;padding-left: 12px !important;background-color: #ffffff !important;}\u00a0\u00bb el_class=\u00a0\u00bbhomemobile\u00a0\u00bb]<\/p>\n<h2>Studio<\/h2>\n<h6>UN ESPACE MODERN ET EXCLUSIF<\/h6>\n<p><span style=\"font-weight: 400;\">Des chambres confortables de 26 m\u00b2, exclusivement d\u00e9cor\u00e9es, avec vues sur nos jardins avec lit King Size.<\/span><\/p>\n<h6 style=\"text-align: center;\"><a href=\"https:\/\/posadalosalamos.com\/fr\/studio\"><b>EN SAVOIR PLUS<\/b><\/a><\/h6>\n<p>[\/vc_column_text][\/vc_column][\/vc_row][vc_row][vc_column offset=\u00a0\u00bbvc_hidden-lg vc_hidden-md\u00a0\u00bb][vc_single_image image=\u00a0\u00bb11424&Prime; img_size=\u00a0\u00bbfull\u00a0\u00bb][vc_column_text css_animation=\u00a0\u00bbfadeInUp\u00a0\u00bb css=\u00a0\u00bb.vc_custom_1683388177105{margin-top: -40px !important;padding-top: 12px !important;padding-right: 12px !important;padding-bottom: 32px !important;padding-left: 12px !important;background-color: #ffffff !important;}\u00a0\u00bb el_class=\u00a0\u00bbhomemobile\u00a0\u00bb]<\/p>\n<h2>Junior Suite<\/h2>\n<h6><span style=\"font-weight: 400;\">CONFORT TRADITIONNEL<\/span><\/h6>\n<p><span style=\"font-weight: 400;\">Chambre confortable de 27 m\u00b2, exclusivement d\u00e9cor\u00e9e avec vue sur nos jardins., dot\u00e9e d\u00b4une lit double Queen size.<\/span><\/p>\n<h6 style=\"text-align: center;\"><a href=\"https:\/\/posadalosalamos.com\/fr\/junior-suite\"><b>EN SAVOIR PLUS<\/b><\/a><\/h6>\n<p>[\/vc_column_text][\/vc_column][\/vc_row][vc_row][vc_column offset=\u00a0\u00bbvc_hidden-lg vc_hidden-md\u00a0\u00bb][vc_single_image image=\u00a0\u00bb11418&Prime; img_size=\u00a0\u00bbfull\u00a0\u00bb][vc_column_text css_animation=\u00a0\u00bbfadeInUp\u00a0\u00bb css=\u00a0\u00bb.vc_custom_1683388261308{margin-top: -40px !important;padding-top: 12px !important;padding-right: 12px !important;padding-bottom: 32px !important;padding-left: 12px !important;background-color: #ffffff !important;}\u00a0\u00bb el_class=\u00a0\u00bbhomemobile\u00a0\u00bb]<\/p>\n<h2>Suite Royale<\/h2>\n<h6><span style=\"font-weight: 400;\">MAXIMUM D\u00b4ESPACE ET CONFORT<\/span><\/h6>\n<p><span style=\"font-weight: 400;\">Chambre deux pi\u00e8ces de 33 m\u00b2. Chambre confortable, exclusivement d\u00e9cor\u00e9e avec vue sur nos jardins. Une lit King size ou deux jumeaux.\u00a0<\/span><\/p>\n<h6 style=\"text-align: center;\"><a href=\"https:\/\/posadalosalamos.com\/fr\/suite-royale\"><b>EN SAVOIR PLUS<\/b><\/a><\/h6>\n<p>[\/vc_column_text][\/vc_column][\/vc_row]<\/p>\n<\/section>","protected":false},"excerpt":{"rendered":"<p>[vc_row css=\u00a0\u00bb.vc_custom_1681749788204{margin-top: -100px !important;}\u00a0\u00bb][vc_column][vc_empty_space][\/vc_column][\/vc_row][vc_row full_width=\u00a0\u00bbstretch_row_content\u00a0\u00bb equal_height=\u00a0\u00bbyes\u00a0\u00bb content_placement=\u00a0\u00bbtop\u00a0\u00bb margin_top=\u00a0\u00bb-40px\u00a0\u00bb margin_bottom=\u00a0\u00bb20px\u00a0\u00bb type=\u00a0\u00bb2&Prime; css=\u00a0\u00bb.vc_custom_1680383317357{margin-bottom: 20px !important;padding-right: 0px !important;padding-left: 0px !important;}\u00a0\u00bb][vc_column width=\u00a0\u00bb1\/6&Prime;][\/vc_column][vc_column width=\u00a0\u00bb4\/6&Prime; el_class=\u00a0\u00bbpagina-pre\u00a0\u00bb][vc_row_inner][vc_column_inner width=\u00a0\u00bb1\/2&Prime; offset=\u00a0\u00bbvc_hidden-sm vc_hidden-xs\u00a0\u00bb][vc_single_image image=\u00a0\u00bb11284&Prime; img_size=\u00a0\u00bbfull\u00a0\u00bb alignment=\u00a0\u00bbcenter\u00a0\u00bb css_animation=\u00a0\u00bbfadeIn\u00a0\u00bb el_class=\u00a0\u00bbimagenhome\u00a0\u00bb][vc_column_text css_animation=\u00a0\u00bbfadeInUp\u00a0\u00bb css=\u00a0\u00bb.vc_custom_1683388329797{margin-top: -40px !important;padding-top: 12px !important;padding-right: 12px !important;padding-bottom: 32px !important;padding-left: 12px !important;background-color: #ffffff !important;}\u00a0\u00bb el_class=\u00a0\u00bbhabitacion\u00a0\u00bb] Standard CHAMBRE SIMPLE, DOUBLE MATRIMONALE, JUMEAUX OU TRIPLE. Des chambres confortables, exclusivement [&hellip;]<\/p>\n","protected":false},"author":8,"featured_media":0,"parent":0,"menu_order":0,"comment_status":"closed","ping_status":"closed","template":"","meta":{"site-sidebar-layout":"no-sidebar","site-content-layout":"plain-container","ast-site-content-layout":"normal-width-container","site-content-style":"unboxed","site-sidebar-style":"unboxed","ast-global-header-display":"","ast-banner-title-visibility":"","ast-main-header-display":"","ast-hfb-above-header-display":"","ast-hfb-below-header-display":"","ast-hfb-mobile-header-display":"","site-post-title":"disabled","ast-breadcrumbs-content":"","ast-featured-img":"disabled","footer-sml-layout":"","ast-disable-related-posts":"","theme-transparent-header-meta":"default","adv-header-id-meta":"","stick-header-meta":"default","header-above-stick-meta":"","header-main-stick-meta":"","header-below-stick-meta":"","astra-migrate-meta-layouts":"set","ast-page-background-enabled":"default","ast-page-background-meta":{"desktop":{"background-color":"var(--ast-global-color-4)","background-image":"","background-repeat":"repeat","background-position":"center center","background-size":"auto","background-attachment":"scroll","background-type":"","background-media":"","overlay-type":"","overlay-color":"","overlay-opacity":"","overlay-gradient":""},"tablet":{"background-color":"","background-image":"","background-repeat":"repeat","background-position":"center center","background-size":"auto","background-attachment":"scroll","background-type":"","background-media":"","overlay-type":"","overlay-color":"","overlay-opacity":"","overlay-gradient":""},"mobile":{"background-color":"","background-image":"","background-repeat":"repeat","background-position":"center center","background-size":"auto","background-attachment":"scroll","background-type":"","background-media":"","overlay-type":"","overlay-color":"","overlay-opacity":"","overlay-gradient":""}},"ast-content-background-meta":{"desktop":{"background-color":"var(--ast-global-color-5)","background-image":"","background-repeat":"repeat","background-position":"center center","background-size":"auto","background-attachment":"scroll","background-type":"","background-media":"","overlay-type":"","overlay-color":"","overlay-opacity":"","overlay-gradient":""},"tablet":{"background-color":"var(--ast-global-color-5)","background-image":"","background-repeat":"repeat","background-position":"center center","background-size":"auto","background-attachment":"scroll","background-type":"","background-media":"","overlay-type":"","overlay-color":"","overlay-opacity":"","overlay-gradient":""},"mobile":{"background-color":"var(--ast-global-color-5)","background-image":"","background-repeat":"repeat","background-position":"center center","background-size":"auto","background-attachment":"scroll","background-type":"","background-media":"","overlay-type":"","overlay-color":"","overlay-opacity":"","overlay-gradient":""}},"footnotes":""},"class_list":["post-6829","page","type-page","status-publish","hentry"],"yoast_head":"<!-- This site is optimized with the Yoast SEO plugin v27.3 - https:\/\/yoast.com\/product\/yoast-seo-wordpress\/ -->\n<title>Chambres - Posada Los \u00c1lamos<\/title>\n<meta name=\"robots\" content=\"index, follow, max-snippet:-1, max-image-preview:large, max-video-preview:-1\" \/>\n<link rel=\"canonical\" href=\"https:\/\/posadalosalamos.com\/fr\/chambres\/\" \/>\n<meta property=\"og:locale\" content=\"fr_FR\" \/>\n<meta property=\"og:type\" content=\"article\" \/>\n<meta property=\"og:title\" content=\"Chambres - Posada Los \u00c1lamos\" \/>\n<meta property=\"og:description\" content=\"[vc_row css=\u00a0\u00bb.vc_custom_1681749788204{margin-top: -100px !important;}\u00a0\u00bb][vc_column][vc_empty_space][\/vc_column][\/vc_row][vc_row full_width=\u00a0\u00bbstretch_row_content\u00a0\u00bb equal_height=\u00a0\u00bbyes\u00a0\u00bb content_placement=\u00a0\u00bbtop\u00a0\u00bb margin_top=\u00a0\u00bb-40px\u00a0\u00bb margin_bottom=\u00a0\u00bb20px\u00a0\u00bb type=\u00a0\u00bb2&Prime; css=\u00a0\u00bb.vc_custom_1680383317357{margin-bottom: 20px !important;padding-right: 0px !important;padding-left: 0px !important;}\u00a0\u00bb][vc_column width=\u00a0\u00bb1\/6&Prime;][\/vc_column][vc_column width=\u00a0\u00bb4\/6&Prime; el_class=\u00a0\u00bbpagina-pre\u00a0\u00bb][vc_row_inner][vc_column_inner width=\u00a0\u00bb1\/2&Prime; offset=\u00a0\u00bbvc_hidden-sm vc_hidden-xs\u00a0\u00bb][vc_single_image image=\u00a0\u00bb11284&Prime; img_size=\u00a0\u00bbfull\u00a0\u00bb alignment=\u00a0\u00bbcenter\u00a0\u00bb css_animation=\u00a0\u00bbfadeIn\u00a0\u00bb el_class=\u00a0\u00bbimagenhome\u00a0\u00bb][vc_column_text css_animation=\u00a0\u00bbfadeInUp\u00a0\u00bb css=\u00a0\u00bb.vc_custom_1683388329797{margin-top: -40px !important;padding-top: 12px !important;padding-right: 12px !important;padding-bottom: 32px !important;padding-left: 12px !important;background-color: #ffffff !important;}\u00a0\u00bb el_class=\u00a0\u00bbhabitacion\u00a0\u00bb] Standard CHAMBRE SIMPLE, DOUBLE MATRIMONALE, JUMEAUX OU TRIPLE. Des chambres confortables, exclusivement [&hellip;]\" \/>\n<meta property=\"og:url\" content=\"https:\/\/posadalosalamos.com\/fr\/chambres\/\" \/>\n<meta property=\"og:site_name\" content=\"Posada Los \u00c1lamos\" \/>\n<meta property=\"article:modified_time\" content=\"2025-06-03T23:05:38+00:00\" \/>\n<meta property=\"og:image\" content=\"https:\/\/posadalosalamos.com\/wp-content\/uploads\/2020\/08\/logo-2.png\" \/>\n\t<meta property=\"og:image:width\" content=\"130\" \/>\n\t<meta property=\"og:image:height\" content=\"100\" \/>\n\t<meta property=\"og:image:type\" content=\"image\/png\" \/>\n<meta name=\"twitter:card\" content=\"summary_large_image\" \/>\n<meta name=\"twitter:label1\" content=\"Dur\u00e9e de lecture estim\u00e9e\" \/>\n\t<meta name=\"twitter:data1\" content=\"3 minutes\" \/>\n<script type=\"application\/ld+json\" class=\"yoast-schema-graph\">{\"@context\":\"https:\\\/\\\/schema.org\",\"@graph\":[{\"@type\":\"WebPage\",\"@id\":\"https:\\\/\\\/posadalosalamos.com\\\/fr\\\/chambres\\\/\",\"url\":\"https:\\\/\\\/posadalosalamos.com\\\/fr\\\/chambres\\\/\",\"name\":\"Chambres - Posada Los \u00c1lamos\",\"isPartOf\":{\"@id\":\"https:\\\/\\\/posadalosalamos.com\\\/#website\"},\"datePublished\":\"2020-08-28T03:22:06+00:00\",\"dateModified\":\"2025-06-03T23:05:38+00:00\",\"breadcrumb\":{\"@id\":\"https:\\\/\\\/posadalosalamos.com\\\/fr\\\/chambres\\\/#breadcrumb\"},\"inLanguage\":\"fr-FR\",\"potentialAction\":[{\"@type\":\"ReadAction\",\"target\":[\"https:\\\/\\\/posadalosalamos.com\\\/fr\\\/chambres\\\/\"]}]},{\"@type\":\"BreadcrumbList\",\"@id\":\"https:\\\/\\\/posadalosalamos.com\\\/fr\\\/chambres\\\/#breadcrumb\",\"itemListElement\":[{\"@type\":\"ListItem\",\"position\":1,\"name\":\"Portada\",\"item\":\"https:\\\/\\\/posadalosalamos.com\\\/fr\\\/\"},{\"@type\":\"ListItem\",\"position\":2,\"name\":\"Chambres\"}]},{\"@type\":\"WebSite\",\"@id\":\"https:\\\/\\\/posadalosalamos.com\\\/#website\",\"url\":\"https:\\\/\\\/posadalosalamos.com\\\/\",\"name\":\"Posada Los \u00c1lamos\",\"description\":\"El Calafate, Patagonia, Argentina\",\"publisher\":{\"@id\":\"https:\\\/\\\/posadalosalamos.com\\\/#organization\"},\"alternateName\":\"Los \u00c1lamos\",\"potentialAction\":[{\"@type\":\"SearchAction\",\"target\":{\"@type\":\"EntryPoint\",\"urlTemplate\":\"https:\\\/\\\/posadalosalamos.com\\\/?s={search_term_string}\"},\"query-input\":{\"@type\":\"PropertyValueSpecification\",\"valueRequired\":true,\"valueName\":\"search_term_string\"}}],\"inLanguage\":\"fr-FR\"},{\"@type\":\"Organization\",\"@id\":\"https:\\\/\\\/posadalosalamos.com\\\/#organization\",\"name\":\"Hotel Posada Los \u00c1lamos\",\"url\":\"https:\\\/\\\/posadalosalamos.com\\\/\",\"logo\":{\"@type\":\"ImageObject\",\"inLanguage\":\"fr-FR\",\"@id\":\"https:\\\/\\\/posadalosalamos.com\\\/#\\\/schema\\\/logo\\\/image\\\/\",\"url\":\"https:\\\/\\\/posadalosalamos.com\\\/wp-content\\\/uploads\\\/2023\\\/04\\\/LOS-ALAMOS-logo-min.png\",\"contentUrl\":\"https:\\\/\\\/posadalosalamos.com\\\/wp-content\\\/uploads\\\/2023\\\/04\\\/LOS-ALAMOS-logo-min.png\",\"width\":1216,\"height\":853,\"caption\":\"Hotel Posada Los \u00c1lamos\"},\"image\":{\"@id\":\"https:\\\/\\\/posadalosalamos.com\\\/#\\\/schema\\\/logo\\\/image\\\/\"}}]}<\/script>\n<!-- \/ Yoast SEO plugin. -->","yoast_head_json":{"title":"Chambres - Posada Los \u00c1lamos","robots":{"index":"index","follow":"follow","max-snippet":"max-snippet:-1","max-image-preview":"max-image-preview:large","max-video-preview":"max-video-preview:-1"},"canonical":"https:\/\/posadalosalamos.com\/fr\/chambres\/","og_locale":"fr_FR","og_type":"article","og_title":"Chambres - Posada Los \u00c1lamos","og_description":"[vc_row css=\u00a0\u00bb.vc_custom_1681749788204{margin-top: -100px !important;}\u00a0\u00bb][vc_column][vc_empty_space][\/vc_column][\/vc_row][vc_row full_width=\u00a0\u00bbstretch_row_content\u00a0\u00bb equal_height=\u00a0\u00bbyes\u00a0\u00bb content_placement=\u00a0\u00bbtop\u00a0\u00bb margin_top=\u00a0\u00bb-40px\u00a0\u00bb margin_bottom=\u00a0\u00bb20px\u00a0\u00bb type=\u00a0\u00bb2&Prime; css=\u00a0\u00bb.vc_custom_1680383317357{margin-bottom: 20px !important;padding-right: 0px !important;padding-left: 0px !important;}\u00a0\u00bb][vc_column width=\u00a0\u00bb1\/6&Prime;][\/vc_column][vc_column width=\u00a0\u00bb4\/6&Prime; el_class=\u00a0\u00bbpagina-pre\u00a0\u00bb][vc_row_inner][vc_column_inner width=\u00a0\u00bb1\/2&Prime; offset=\u00a0\u00bbvc_hidden-sm vc_hidden-xs\u00a0\u00bb][vc_single_image image=\u00a0\u00bb11284&Prime; img_size=\u00a0\u00bbfull\u00a0\u00bb alignment=\u00a0\u00bbcenter\u00a0\u00bb css_animation=\u00a0\u00bbfadeIn\u00a0\u00bb el_class=\u00a0\u00bbimagenhome\u00a0\u00bb][vc_column_text css_animation=\u00a0\u00bbfadeInUp\u00a0\u00bb css=\u00a0\u00bb.vc_custom_1683388329797{margin-top: -40px !important;padding-top: 12px !important;padding-right: 12px !important;padding-bottom: 32px !important;padding-left: 12px !important;background-color: #ffffff !important;}\u00a0\u00bb el_class=\u00a0\u00bbhabitacion\u00a0\u00bb] Standard CHAMBRE SIMPLE, DOUBLE MATRIMONALE, JUMEAUX OU TRIPLE. Des chambres confortables, exclusivement [&hellip;]","og_url":"https:\/\/posadalosalamos.com\/fr\/chambres\/","og_site_name":"Posada Los \u00c1lamos","article_modified_time":"2025-06-03T23:05:38+00:00","og_image":[{"width":130,"height":100,"url":"https:\/\/posadalosalamos.com\/wp-content\/uploads\/2020\/08\/logo-2.png","type":"image\/png"}],"twitter_card":"summary_large_image","twitter_misc":{"Dur\u00e9e de lecture estim\u00e9e":"3 minutes"},"schema":{"@context":"https:\/\/schema.org","@graph":[{"@type":"WebPage","@id":"https:\/\/posadalosalamos.com\/fr\/chambres\/","url":"https:\/\/posadalosalamos.com\/fr\/chambres\/","name":"Chambres - Posada Los \u00c1lamos","isPartOf":{"@id":"https:\/\/posadalosalamos.com\/#website"},"datePublished":"2020-08-28T03:22:06+00:00","dateModified":"2025-06-03T23:05:38+00:00","breadcrumb":{"@id":"https:\/\/posadalosalamos.com\/fr\/chambres\/#breadcrumb"},"inLanguage":"fr-FR","potentialAction":[{"@type":"ReadAction","target":["https:\/\/posadalosalamos.com\/fr\/chambres\/"]}]},{"@type":"BreadcrumbList","@id":"https:\/\/posadalosalamos.com\/fr\/chambres\/#breadcrumb","itemListElement":[{"@type":"ListItem","position":1,"name":"Portada","item":"https:\/\/posadalosalamos.com\/fr\/"},{"@type":"ListItem","position":2,"name":"Chambres"}]},{"@type":"WebSite","@id":"https:\/\/posadalosalamos.com\/#website","url":"https:\/\/posadalosalamos.com\/","name":"Posada Los \u00c1lamos","description":"El Calafate, Patagonia, Argentina","publisher":{"@id":"https:\/\/posadalosalamos.com\/#organization"},"alternateName":"Los \u00c1lamos","potentialAction":[{"@type":"SearchAction","target":{"@type":"EntryPoint","urlTemplate":"https:\/\/posadalosalamos.com\/?s={search_term_string}"},"query-input":{"@type":"PropertyValueSpecification","valueRequired":true,"valueName":"search_term_string"}}],"inLanguage":"fr-FR"},{"@type":"Organization","@id":"https:\/\/posadalosalamos.com\/#organization","name":"Hotel Posada Los \u00c1lamos","url":"https:\/\/posadalosalamos.com\/","logo":{"@type":"ImageObject","inLanguage":"fr-FR","@id":"https:\/\/posadalosalamos.com\/#\/schema\/logo\/image\/","url":"https:\/\/posadalosalamos.com\/wp-content\/uploads\/2023\/04\/LOS-ALAMOS-logo-min.png","contentUrl":"https:\/\/posadalosalamos.com\/wp-content\/uploads\/2023\/04\/LOS-ALAMOS-logo-min.png","width":1216,"height":853,"caption":"Hotel Posada Los \u00c1lamos"},"image":{"@id":"https:\/\/posadalosalamos.com\/#\/schema\/logo\/image\/"}}]}},"_links":{"self":[{"href":"https:\/\/posadalosalamos.com\/fr\/wp-json\/wp\/v2\/pages\/6829","targetHints":{"allow":["GET"]}}],"collection":[{"href":"https:\/\/posadalosalamos.com\/fr\/wp-json\/wp\/v2\/pages"}],"about":[{"href":"https:\/\/posadalosalamos.com\/fr\/wp-json\/wp\/v2\/types\/page"}],"author":[{"embeddable":true,"href":"https:\/\/posadalosalamos.com\/fr\/wp-json\/wp\/v2\/users\/8"}],"replies":[{"embeddable":true,"href":"https:\/\/posadalosalamos.com\/fr\/wp-json\/wp\/v2\/comments?post=6829"}],"version-history":[{"count":7,"href":"https:\/\/posadalosalamos.com\/fr\/wp-json\/wp\/v2\/pages\/6829\/revisions"}],"predecessor-version":[{"id":11837,"href":"https:\/\/posadalosalamos.com\/fr\/wp-json\/wp\/v2\/pages\/6829\/revisions\/11837"}],"wp:attachment":[{"href":"https:\/\/posadalosalamos.com\/fr\/wp-json\/wp\/v2\/media?parent=6829"}],"curies":[{"name":"wp","href":"https:\/\/api.w.org\/{rel}","templated":true}]}}