{"id":8111,"date":"2023-05-08T08:41:05","date_gmt":"2023-05-08T11:41:05","guid":{"rendered":"https:\/\/posadalosalamos.com\/it\/?page_id=8111"},"modified":"2024-08-14T13:40:48","modified_gmt":"2024-08-14T16:40:48","slug":"chi-siamo","status":"publish","type":"page","link":"https:\/\/posadalosalamos.com\/it\/chi-siamo\/","title":{"rendered":"Chi siamo"},"content":{"rendered":"<section class=\"wpb-content-wrapper\"><p>[vc_row css=&#8221;.vc_custom_1681757524030{margin-top: -100px !important;}&#8221;][vc_column]\n\t\t\t<!-- START el hotel REVOLUTION SLIDER 6.6.16 --><p class=\"rs-p-wp-fix\"><\/p>\n\t\t\t<rs-module-wrap id=\"rev_slider_61_1_wrapper\" data-source=\"gallery\" style=\"visibility:hidden;background:transparent;padding:0;margin:0px auto;margin-top:0;margin-bottom:0;\">\n\t\t\t\t<rs-module id=\"rev_slider_61_1\" style=\"\" data-version=\"6.6.16\">\n\t\t\t\t\t<rs-slides style=\"overflow: hidden; position: absolute;\">\n\t\t\t\t\t\t<rs-slide style=\"position: absolute;\" data-key=\"rs-84\" data-title=\"Slide\" data-anim=\"ms:760;r:0;\" data-in=\"o:0;\" data-out=\"a:false;\">\n\t\t\t\t\t\t\t<img decoding=\"async\" src=\"\/\/posadalosalamos.com\/wp-content\/plugins\/revslider\/public\/assets\/assets\/dummy.png\" alt=\"\" class=\"rev-slidebg tp-rs-img rs-lazyload\" data-lazyload=\"\/\/posadalosalamos.com\/wp-content\/uploads\/2020\/10\/foto-aerea-de-posada-I-en-construccion.jpg\" data-bg=\"p:left bottom;\" data-panzoom=\"d:10000;ss:120%;se:100%;\" data-no-retina>\n<!---->\t\t\t\t\t\t<\/rs-slide>\n\t\t\t\t\t<\/rs-slides>\n\t\t\t\t<\/rs-module>\n\t\t\t\t<script>\n\t\t\t\t\tsetREVStartSize({c: 'rev_slider_61_1',rl:[1240,1240,1240,480],el:[600,600,600,720],gw:[1500,1500,1500,480],gh:[600,600,600,720],type:'standard',justify:'',layout:'fullwidth',mh:\"0\"});if (window.RS_MODULES!==undefined && window.RS_MODULES.modules!==undefined && window.RS_MODULES.modules[\"revslider611\"]!==undefined) {window.RS_MODULES.modules[\"revslider611\"].once = false;window.revapi61 = undefined;if (window.RS_MODULES.checkMinimal!==undefined) window.RS_MODULES.checkMinimal()}\n\t\t\t\t<\/script>\n\t\t\t<\/rs-module-wrap>\n\t\t\t<!-- END REVOLUTION SLIDER -->\n[vc_empty_space][\/vc_column][\/vc_row][vc_row full_width=&#8221;stretch_row_content&#8221; equal_height=&#8221;yes&#8221; margin_top=&#8221;-65px&#8221; type=&#8221;2&#8243; el_class=&#8221;pagina-pre&#8221;][vc_column width=&#8221;1\/6&#8243;][\/vc_column][vc_column width=&#8221;4\/6&#8243; el_class=&#8221;pagina-pre&#8221;][vc_row_inner equal_height=&#8221;yes&#8221;][vc_column_inner el_class=&#8221;pagina&#8221; width=&#8221;1\/2&#8243;][vc_empty_space height=&#8221;40px&#8221;][vc_column_text css_animation=&#8221;fadeInDown&#8221; css=&#8221;.vc_custom_1683545734201{padding-top: 30px !important;padding-right: 30px !important;padding-bottom: 30px !important;padding-left: 30px !important;background-color: #fcfcfc !important;}&#8221;]<\/p>\n<h2>Un po&#8217; di storia<\/h2>\n<h6>LA POSADA LOS \u00c1LAMOS HA APERTO NEL 1984, CON SOLO 11 CAMERE<\/h6>\n<p>Nel 1989 disponeva gi\u00e0 di 66 camere, di cui 2 suite. Sono stati costruiti il \u200b\u200bbar per la colazione El Aljibe e una nuova reception.<\/p>\n<p>Senza perdere di vista il calore e la cordialit\u00e0 della nostra gente. Negli anni successivi la nostra crescita \u00e8 rimasta costante, aumentando le infrastrutture, il comfort ei servizi offerti.<\/p>\n<p>Oggi, Los Alamos dispone di 144 camere che offrono ai suoi ospiti momenti indimenticabili in mezzo a un clima caldo e cordiale nella migliore cornice del mondo.[\/vc_column_text][vc_empty_space height=&#8221;62px&#8221;][\/vc_column_inner][vc_column_inner width=&#8221;1\/2&#8243; css=&#8221;.vc_custom_1603726432833{background-position: center !important;background-repeat: no-repeat !important;background-size: cover !important;}&#8221;][vc_empty_space height=&#8221;20px&#8221;][vc_video link=&#8221;https:\/\/www.youtube.com\/watch?v=tCD2z4LcJHY&#8221; align=&#8221;center&#8221;][\/vc_column_inner][\/vc_row_inner][\/vc_column][vc_column width=&#8221;1\/6&#8243;][\/vc_column][\/vc_row][vc_row][vc_column][vc_empty_space][\/vc_column][\/vc_row][vc_row full_width=&#8221;stretch_row_content&#8221; margin_top=&#8221;25px&#8221; type=&#8221;2&#8243; el_class=&#8221;pagina-pre&#8221;][vc_column width=&#8221;1\/6&#8243;][\/vc_column][vc_column width=&#8221;4\/6&#8243; el_class=&#8221;pagina-pre&#8221;][vc_row_inner equal_height=&#8221;yes&#8221;][vc_column_inner el_class=&#8221;pagina&#8221; width=&#8221;2\/3&#8243;][vc_column_text css_animation=&#8221;fadeInDown&#8221; css=&#8221;.vc_custom_1683545846603{padding-top: 30px !important;padding-right: 30px !important;padding-bottom: 30px !important;padding-left: 30px !important;background-color: #fcfcfc !important;}&#8221;]<\/p>\n<h2>Una vera storia d&#8217;amore<\/h2>\n<h6>DI ANGELA GIROMETTI DE GUATTI \u2013 SOCIO FONDATORE HOTEL POSADA LOS \u00c1LAMOS<\/h6>\n<div class=\"flex_column av_two_third flex_column_div av-zero-column-padding avia-builder-el-13 el_after_av_one_third el_before_av_heading \">\n<section class=\"av_textblock_section\">\n<div class=\"avia_textblock \">\n<p>Come se la vita gli avesse detto che non sarebbe stato sempre al mio fianco, un giorno H\u00e9ctor Mario mi disse:<br \/>\n\u2013 Cosa vorresti dover gestire da solo?<br \/>\n\u2013 Un alberghetto, fammi un alberghetto \u2013 risposi.<br \/>\nCorreva l&#8217;anno 1982, Maxi era entrato nella nostra vita familiare gi\u00e0 formato da Mauro Pablo e Mario Piero.<br \/>\n\u2013 Questo \u00e8 l&#8217;ultimo pezzo di terra che vi mostro, nessuno lo vuole perch\u00e9 si allaga \u2013 gli ha detto preoccupato Pocho Ramos, sindaco del comune.<br \/>\nEra un pomeriggio di Pasqua del 1983. Abitavamo nell&#8217;officina Esuco, oggi vicina alla stazione degli autobus. L&#8217;ho visto risalire il pendio, facendo rotolare un grosso cerchio di ferro. \u00c8 venuto felice, sereno, sicuro.<br \/>\n&#8211; Venire! Vedremo un pezzo di terra che sembra un piccolo paradiso &#8211; mi disse.<br \/>\nLa strada finiva l\u00ec, davanti alla casa di Bautista Maldonado, a sinistra, e di Barrag\u00e1n Rolando, a destra. Il sentierino ci introdusse in un folto tappeto di cicuta alto quasi quanto noi. I nostri sguardi all&#8217;incontro sancivano il concetto di &#8220;piccolo paradiso&#8221; circondato anche da pioppi secolari piantati, come abbiamo poi scoperto, dai Parchi Nazionali. Proprio in quel momento era iniziata l&#8217;azione del fare.<br \/>\nIl &#8220;piccolo albergo&#8221; aveva trovato il suo posto. Nell&#8217;ottobre 1984 abbiamo aperto la Posada Los \u00c1lamos con 11 camere, di propriet\u00e0 dell&#8217;ingegner H\u00e9ctor Mario Guatti e Mariangela Girometti. Durante la sua costruzione non \u00e8 stato gettato alcun pioppo.<br \/>\nAbbiamo costruito per otto anni senza fermarci. Abbiamo costantemente cercato di arricchire ci\u00f2 che avevamo fatto. Questo ci ha posizionato nel concetto di HOTEL POSADA LOS \u00c1LAMOS ****. Correva l&#8217;anno 1991. Un giorno, lungo il sentiero di pietra che collegava l&#8217;albergo alla baita, guardandosi indietro e vedendo l&#8217;intero albergo con le sue 84 camere rifinite, il Ristorante La Posta illuminato, il campo da tennis, il paddle, il ripieno che stavamo gi\u00e0 iniziando a dirigerci verso il piccolo campo da golf, mi ha detto: &#8220;&#8230;facendo questo, costruendo questo, ero l&#8217;uomo pi\u00f9 felice del mondo&#8230;&#8221;<br \/>\nIl 6 novembre 1993, circondato dai suoi due figli maggiori, ora professionisti, e da molti amici, Dio lo condusse in un&#8217;altra missione in un altro mondo.<br \/>\nIl suo esempio di tenacia di fronte alle mille avversit\u00e0 che ha dovuto affrontare durante la sua breve vita ci ha permesso di andare avanti senza mai pensare.<br \/>\nE continuiamo a costruire.<br \/>\nOggi abbiamo 144 camere. I miei figli, che sono i miei pilastri in questa impresa, le mie nuore e i miei nipoti Mateo, Mora, Martina, Santina, Matias, Paz, Marcos e Maitena, vi racconteranno quando sar\u00e0 necessario l&#8217;altra storia che hanno saputo costruire .<\/p>\n<\/div>\n<\/section>\n<\/div>\n<p>[\/vc_column_text][\/vc_column_inner][vc_column_inner width=&#8221;1\/3&#8243; css=&#8221;.vc_custom_1723653638063{background-image: url(https:\/\/posadalosalamos.com\/wp-content\/uploads\/2024\/06\/HAB-2-scaled.jpg?id=11150) !important;background-position: center !important;background-repeat: no-repeat !important;background-size: cover !important;}&#8221; offset=&#8221;vc_hidden-sm vc_hidden-xs&#8221;][\/vc_column_inner][\/vc_row_inner][\/vc_column][vc_column width=&#8221;1\/6&#8243;][\/vc_column][\/vc_row][vc_row][vc_column][vc_empty_space height=&#8221;52px&#8221;][\/vc_column][\/vc_row][vc_row margin_top=&#8221;10px&#8221; type=&#8221;2&#8243; el_class=&#8221;pagina-pre&#8221;][vc_column][vc_media_grid element_width=&#8221;2&#8243; gap=&#8221;20&#8243; grid_id=&#8221;vc_gid:1723653586328-3dff84f7-85e6-6&#8243; include=&#8221;350,349,348,347,346,345,344,343,342,341,340,339,338,337,336,333,332,330,329,328,327,326&#8243;][\/vc_column][\/vc_row][vc_row][vc_column][vc_empty_space height=&#8221;52px&#8221;][\/vc_column][\/vc_row]<\/p>\n<\/section>","protected":false},"excerpt":{"rendered":"<p>[vc_row css=&#8221;.vc_custom_1681757524030{margin-top: -100px !important;}&#8221;][vc_column][vc_empty_space][\/vc_column][\/vc_row][vc_row full_width=&#8221;stretch_row_content&#8221; equal_height=&#8221;yes&#8221; margin_top=&#8221;-65px&#8221; type=&#8221;2&#8243; el_class=&#8221;pagina-pre&#8221;][vc_column width=&#8221;1\/6&#8243;][\/vc_column][vc_column width=&#8221;4\/6&#8243; el_class=&#8221;pagina-pre&#8221;][vc_row_inner equal_height=&#8221;yes&#8221;][vc_column_inner el_class=&#8221;pagina&#8221; width=&#8221;1\/2&#8243;][vc_empty_space height=&#8221;40px&#8221;][vc_column_text css_animation=&#8221;fadeInDown&#8221; css=&#8221;.vc_custom_1683545734201{padding-top: 30px !important;padding-right: 30px !important;padding-bottom: 30px !important;padding-left: 30px !important;background-color: #fcfcfc !important;}&#8221;] Un po&#8217; di storia LA POSADA LOS \u00c1LAMOS HA APERTO NEL 1984, CON SOLO 11 CAMERE Nel 1989 disponeva gi\u00e0 di 66 camere, di cui 2 suite. [&hellip;]<\/p>\n","protected":false},"author":8,"featured_media":0,"parent":0,"menu_order":0,"comment_status":"closed","ping_status":"closed","template":"","meta":{"site-sidebar-layout":"no-sidebar","site-content-layout":"plain-container","ast-site-content-layout":"normal-width-container","site-content-style":"unboxed","site-sidebar-style":"unboxed","ast-global-header-display":"","ast-banner-title-visibility":"","ast-main-header-display":"","ast-hfb-above-header-display":"","ast-hfb-below-header-display":"","ast-hfb-mobile-header-display":"","site-post-title":"disabled","ast-breadcrumbs-content":"","ast-featured-img":"disabled","footer-sml-layout":"","ast-disable-related-posts":"","theme-transparent-header-meta":"default","adv-header-id-meta":"","stick-header-meta":"default","header-above-stick-meta":"","header-main-stick-meta":"","header-below-stick-meta":"","astra-migrate-meta-layouts":"set","ast-page-background-enabled":"default","ast-page-background-meta":{"desktop":{"background-color":"var(--ast-global-color-4)","background-image":"","background-repeat":"repeat","background-position":"center center","background-size":"auto","background-attachment":"scroll","background-type":"","background-media":"","overlay-type":"","overlay-color":"","overlay-opacity":"","overlay-gradient":""},"tablet":{"background-color":"","background-image":"","background-repeat":"repeat","background-position":"center center","background-size":"auto","background-attachment":"scroll","background-type":"","background-media":"","overlay-type":"","overlay-color":"","overlay-opacity":"","overlay-gradient":""},"mobile":{"background-color":"","background-image":"","background-repeat":"repeat","background-position":"center center","background-size":"auto","background-attachment":"scroll","background-type":"","background-media":"","overlay-type":"","overlay-color":"","overlay-opacity":"","overlay-gradient":""}},"ast-content-background-meta":{"desktop":{"background-color":"var(--ast-global-color-5)","background-image":"","background-repeat":"repeat","background-position":"center center","background-size":"auto","background-attachment":"scroll","background-type":"","background-media":"","overlay-type":"","overlay-color":"","overlay-opacity":"","overlay-gradient":""},"tablet":{"background-color":"var(--ast-global-color-5)","background-image":"","background-repeat":"repeat","background-position":"center center","background-size":"auto","background-attachment":"scroll","background-type":"","background-media":"","overlay-type":"","overlay-color":"","overlay-opacity":"","overlay-gradient":""},"mobile":{"background-color":"var(--ast-global-color-5)","background-image":"","background-repeat":"repeat","background-position":"center center","background-size":"auto","background-attachment":"scroll","background-type":"","background-media":"","overlay-type":"","overlay-color":"","overlay-opacity":"","overlay-gradient":""}},"footnotes":""},"class_list":["post-8111","page","type-page","status-publish","hentry"],"yoast_head":"<!-- This site is optimized with the Yoast SEO plugin v27.3 - https:\/\/yoast.com\/product\/yoast-seo-wordpress\/ -->\n<title>Chi siamo - Posada Los \u00c1lamos<\/title>\n<meta name=\"robots\" content=\"index, follow, max-snippet:-1, max-image-preview:large, max-video-preview:-1\" \/>\n<link rel=\"canonical\" href=\"https:\/\/posadalosalamos.com\/it\/chi-siamo\/\" \/>\n<meta property=\"og:locale\" content=\"it_IT\" \/>\n<meta property=\"og:type\" content=\"article\" \/>\n<meta property=\"og:title\" content=\"Chi siamo - Posada Los \u00c1lamos\" \/>\n<meta property=\"og:description\" content=\"[vc_row css=&#8221;.vc_custom_1681757524030{margin-top: -100px !important;}&#8221;][vc_column][vc_empty_space][\/vc_column][\/vc_row][vc_row full_width=&#8221;stretch_row_content&#8221; equal_height=&#8221;yes&#8221; margin_top=&#8221;-65px&#8221; type=&#8221;2&#8243; el_class=&#8221;pagina-pre&#8221;][vc_column width=&#8221;1\/6&#8243;][\/vc_column][vc_column width=&#8221;4\/6&#8243; el_class=&#8221;pagina-pre&#8221;][vc_row_inner equal_height=&#8221;yes&#8221;][vc_column_inner el_class=&#8221;pagina&#8221; width=&#8221;1\/2&#8243;][vc_empty_space height=&#8221;40px&#8221;][vc_column_text css_animation=&#8221;fadeInDown&#8221; css=&#8221;.vc_custom_1683545734201{padding-top: 30px !important;padding-right: 30px !important;padding-bottom: 30px !important;padding-left: 30px !important;background-color: #fcfcfc !important;}&#8221;] Un po&#8217; di storia LA POSADA LOS \u00c1LAMOS HA APERTO NEL 1984, CON SOLO 11 CAMERE Nel 1989 disponeva gi\u00e0 di 66 camere, di cui 2 suite. [&hellip;]\" \/>\n<meta property=\"og:url\" content=\"https:\/\/posadalosalamos.com\/it\/chi-siamo\/\" \/>\n<meta property=\"og:site_name\" content=\"Posada Los \u00c1lamos\" \/>\n<meta property=\"article:modified_time\" content=\"2024-08-14T16:40:48+00:00\" \/>\n<meta property=\"og:image\" content=\"https:\/\/posadalosalamos.com\/wp-content\/uploads\/2020\/08\/logo-2.png\" \/>\n\t<meta property=\"og:image:width\" content=\"130\" \/>\n\t<meta property=\"og:image:height\" content=\"100\" \/>\n\t<meta property=\"og:image:type\" content=\"image\/png\" \/>\n<meta name=\"twitter:card\" content=\"summary_large_image\" \/>\n<meta name=\"twitter:label1\" content=\"Tempo di lettura stimato\" \/>\n\t<meta name=\"twitter:data1\" content=\"10 minuti\" \/>\n<script type=\"application\/ld+json\" class=\"yoast-schema-graph\">{\"@context\":\"https:\\\/\\\/schema.org\",\"@graph\":[{\"@type\":\"WebPage\",\"@id\":\"https:\\\/\\\/posadalosalamos.com\\\/it\\\/chi-siamo\\\/\",\"url\":\"https:\\\/\\\/posadalosalamos.com\\\/it\\\/chi-siamo\\\/\",\"name\":\"Chi siamo - Posada Los \u00c1lamos\",\"isPartOf\":{\"@id\":\"https:\\\/\\\/posadalosalamos.com\\\/#website\"},\"datePublished\":\"2023-05-08T11:41:05+00:00\",\"dateModified\":\"2024-08-14T16:40:48+00:00\",\"breadcrumb\":{\"@id\":\"https:\\\/\\\/posadalosalamos.com\\\/it\\\/chi-siamo\\\/#breadcrumb\"},\"inLanguage\":\"it-IT\",\"potentialAction\":[{\"@type\":\"ReadAction\",\"target\":[\"https:\\\/\\\/posadalosalamos.com\\\/it\\\/chi-siamo\\\/\"]}]},{\"@type\":\"BreadcrumbList\",\"@id\":\"https:\\\/\\\/posadalosalamos.com\\\/it\\\/chi-siamo\\\/#breadcrumb\",\"itemListElement\":[{\"@type\":\"ListItem\",\"position\":1,\"name\":\"Portada\",\"item\":\"https:\\\/\\\/posadalosalamos.com\\\/it\\\/\"},{\"@type\":\"ListItem\",\"position\":2,\"name\":\"Chi siamo\"}]},{\"@type\":\"WebSite\",\"@id\":\"https:\\\/\\\/posadalosalamos.com\\\/#website\",\"url\":\"https:\\\/\\\/posadalosalamos.com\\\/\",\"name\":\"Posada Los \u00c1lamos\",\"description\":\"El Calafate, Patagonia, Argentina\",\"publisher\":{\"@id\":\"https:\\\/\\\/posadalosalamos.com\\\/#organization\"},\"alternateName\":\"Los \u00c1lamos\",\"potentialAction\":[{\"@type\":\"SearchAction\",\"target\":{\"@type\":\"EntryPoint\",\"urlTemplate\":\"https:\\\/\\\/posadalosalamos.com\\\/?s={search_term_string}\"},\"query-input\":{\"@type\":\"PropertyValueSpecification\",\"valueRequired\":true,\"valueName\":\"search_term_string\"}}],\"inLanguage\":\"it-IT\"},{\"@type\":\"Organization\",\"@id\":\"https:\\\/\\\/posadalosalamos.com\\\/#organization\",\"name\":\"Hotel Posada Los \u00c1lamos\",\"url\":\"https:\\\/\\\/posadalosalamos.com\\\/\",\"logo\":{\"@type\":\"ImageObject\",\"inLanguage\":\"it-IT\",\"@id\":\"https:\\\/\\\/posadalosalamos.com\\\/#\\\/schema\\\/logo\\\/image\\\/\",\"url\":\"https:\\\/\\\/posadalosalamos.com\\\/wp-content\\\/uploads\\\/2023\\\/04\\\/LOS-ALAMOS-logo-min.png\",\"contentUrl\":\"https:\\\/\\\/posadalosalamos.com\\\/wp-content\\\/uploads\\\/2023\\\/04\\\/LOS-ALAMOS-logo-min.png\",\"width\":1216,\"height\":853,\"caption\":\"Hotel Posada Los \u00c1lamos\"},\"image\":{\"@id\":\"https:\\\/\\\/posadalosalamos.com\\\/#\\\/schema\\\/logo\\\/image\\\/\"}}]}<\/script>\n<!-- \/ Yoast SEO plugin. -->","yoast_head_json":{"title":"Chi siamo - Posada Los \u00c1lamos","robots":{"index":"index","follow":"follow","max-snippet":"max-snippet:-1","max-image-preview":"max-image-preview:large","max-video-preview":"max-video-preview:-1"},"canonical":"https:\/\/posadalosalamos.com\/it\/chi-siamo\/","og_locale":"it_IT","og_type":"article","og_title":"Chi siamo - Posada Los \u00c1lamos","og_description":"[vc_row css=&#8221;.vc_custom_1681757524030{margin-top: -100px !important;}&#8221;][vc_column][vc_empty_space][\/vc_column][\/vc_row][vc_row full_width=&#8221;stretch_row_content&#8221; equal_height=&#8221;yes&#8221; margin_top=&#8221;-65px&#8221; type=&#8221;2&#8243; el_class=&#8221;pagina-pre&#8221;][vc_column width=&#8221;1\/6&#8243;][\/vc_column][vc_column width=&#8221;4\/6&#8243; el_class=&#8221;pagina-pre&#8221;][vc_row_inner equal_height=&#8221;yes&#8221;][vc_column_inner el_class=&#8221;pagina&#8221; width=&#8221;1\/2&#8243;][vc_empty_space height=&#8221;40px&#8221;][vc_column_text css_animation=&#8221;fadeInDown&#8221; css=&#8221;.vc_custom_1683545734201{padding-top: 30px !important;padding-right: 30px !important;padding-bottom: 30px !important;padding-left: 30px !important;background-color: #fcfcfc !important;}&#8221;] Un po&#8217; di storia LA POSADA LOS \u00c1LAMOS HA APERTO NEL 1984, CON SOLO 11 CAMERE Nel 1989 disponeva gi\u00e0 di 66 camere, di cui 2 suite. [&hellip;]","og_url":"https:\/\/posadalosalamos.com\/it\/chi-siamo\/","og_site_name":"Posada Los \u00c1lamos","article_modified_time":"2024-08-14T16:40:48+00:00","og_image":[{"width":130,"height":100,"url":"https:\/\/posadalosalamos.com\/wp-content\/uploads\/2020\/08\/logo-2.png","type":"image\/png"}],"twitter_card":"summary_large_image","twitter_misc":{"Tempo di lettura stimato":"10 minuti"},"schema":{"@context":"https:\/\/schema.org","@graph":[{"@type":"WebPage","@id":"https:\/\/posadalosalamos.com\/it\/chi-siamo\/","url":"https:\/\/posadalosalamos.com\/it\/chi-siamo\/","name":"Chi siamo - Posada Los \u00c1lamos","isPartOf":{"@id":"https:\/\/posadalosalamos.com\/#website"},"datePublished":"2023-05-08T11:41:05+00:00","dateModified":"2024-08-14T16:40:48+00:00","breadcrumb":{"@id":"https:\/\/posadalosalamos.com\/it\/chi-siamo\/#breadcrumb"},"inLanguage":"it-IT","potentialAction":[{"@type":"ReadAction","target":["https:\/\/posadalosalamos.com\/it\/chi-siamo\/"]}]},{"@type":"BreadcrumbList","@id":"https:\/\/posadalosalamos.com\/it\/chi-siamo\/#breadcrumb","itemListElement":[{"@type":"ListItem","position":1,"name":"Portada","item":"https:\/\/posadalosalamos.com\/it\/"},{"@type":"ListItem","position":2,"name":"Chi siamo"}]},{"@type":"WebSite","@id":"https:\/\/posadalosalamos.com\/#website","url":"https:\/\/posadalosalamos.com\/","name":"Posada Los \u00c1lamos","description":"El Calafate, Patagonia, Argentina","publisher":{"@id":"https:\/\/posadalosalamos.com\/#organization"},"alternateName":"Los \u00c1lamos","potentialAction":[{"@type":"SearchAction","target":{"@type":"EntryPoint","urlTemplate":"https:\/\/posadalosalamos.com\/?s={search_term_string}"},"query-input":{"@type":"PropertyValueSpecification","valueRequired":true,"valueName":"search_term_string"}}],"inLanguage":"it-IT"},{"@type":"Organization","@id":"https:\/\/posadalosalamos.com\/#organization","name":"Hotel Posada Los \u00c1lamos","url":"https:\/\/posadalosalamos.com\/","logo":{"@type":"ImageObject","inLanguage":"it-IT","@id":"https:\/\/posadalosalamos.com\/#\/schema\/logo\/image\/","url":"https:\/\/posadalosalamos.com\/wp-content\/uploads\/2023\/04\/LOS-ALAMOS-logo-min.png","contentUrl":"https:\/\/posadalosalamos.com\/wp-content\/uploads\/2023\/04\/LOS-ALAMOS-logo-min.png","width":1216,"height":853,"caption":"Hotel Posada Los \u00c1lamos"},"image":{"@id":"https:\/\/posadalosalamos.com\/#\/schema\/logo\/image\/"}}]}},"_links":{"self":[{"href":"https:\/\/posadalosalamos.com\/it\/wp-json\/wp\/v2\/pages\/8111","targetHints":{"allow":["GET"]}}],"collection":[{"href":"https:\/\/posadalosalamos.com\/it\/wp-json\/wp\/v2\/pages"}],"about":[{"href":"https:\/\/posadalosalamos.com\/it\/wp-json\/wp\/v2\/types\/page"}],"author":[{"embeddable":true,"href":"https:\/\/posadalosalamos.com\/it\/wp-json\/wp\/v2\/users\/8"}],"replies":[{"embeddable":true,"href":"https:\/\/posadalosalamos.com\/it\/wp-json\/wp\/v2\/comments?post=8111"}],"version-history":[{"count":3,"href":"https:\/\/posadalosalamos.com\/it\/wp-json\/wp\/v2\/pages\/8111\/revisions"}],"predecessor-version":[{"id":11413,"href":"https:\/\/posadalosalamos.com\/it\/wp-json\/wp\/v2\/pages\/8111\/revisions\/11413"}],"wp:attachment":[{"href":"https:\/\/posadalosalamos.com\/it\/wp-json\/wp\/v2\/media?parent=8111"}],"curies":[{"name":"wp","href":"https:\/\/api.w.org\/{rel}","templated":true}]}}