{"id":12264,"date":"2025-12-01T11:22:21","date_gmt":"2025-12-01T14:22:21","guid":{"rendered":"https:\/\/posadalosalamos.com\/?page_id=12264"},"modified":"2025-12-01T11:23:51","modified_gmt":"2025-12-01T14:23:51","slug":"taxa-de-cambio-do-dolar","status":"publish","type":"page","link":"https:\/\/posadalosalamos.com\/pt-br\/taxa-de-cambio-do-dolar\/","title":{"rendered":"Taxa de c\u00e2mbio do d\u00f3lar"},"content":{"rendered":"\t\t<div data-elementor-type=\"wp-page\" data-elementor-id=\"12264\" class=\"elementor elementor-12264\" data-elementor-post-type=\"page\">\n\t\t\t\t\t\t<section class=\"elementor-section elementor-top-section elementor-element elementor-element-1bd64c7 elementor-section-full_width elementor-section-stretched elementor-section-height-default elementor-section-height-default\" data-id=\"1bd64c7\" data-element_type=\"section\" data-e-type=\"section\" data-settings=\"{&quot;stretch_section&quot;:&quot;section-stretched&quot;,&quot;background_background&quot;:&quot;classic&quot;}\">\n\t\t\t\t\t\t<div class=\"elementor-container elementor-column-gap-default\">\n\t\t\t\t\t<div class=\"elementor-column elementor-col-100 elementor-top-column elementor-element elementor-element-fa08163\" data-id=\"fa08163\" data-element_type=\"column\" data-e-type=\"column\">\n\t\t\t<div class=\"elementor-widget-wrap\">\n\t\t\t\t\t\t\t<\/div>\n\t\t<\/div>\n\t\t\t\t\t<\/div>\n\t\t<\/section>\n\t\t\t\t<section class=\"elementor-section elementor-top-section elementor-element elementor-element-b6b2eed elementor-section-boxed elementor-section-height-default elementor-section-height-default\" data-id=\"b6b2eed\" data-element_type=\"section\" data-e-type=\"section\">\n\t\t\t\t\t\t<div class=\"elementor-container elementor-column-gap-default\">\n\t\t\t\t\t<div class=\"elementor-column elementor-col-50 elementor-top-column elementor-element elementor-element-43ef5ba\" data-id=\"43ef5ba\" data-element_type=\"column\" data-e-type=\"column\" data-settings=\"{&quot;background_background&quot;:&quot;classic&quot;}\">\n\t\t\t<div class=\"elementor-widget-wrap elementor-element-populated\">\n\t\t\t\t\t\t<div class=\"elementor-element elementor-element-e3f0bc2 elementor-widget elementor-widget-heading\" data-id=\"e3f0bc2\" data-element_type=\"widget\" data-e-type=\"widget\" data-widget_type=\"heading.default\">\n\t\t\t\t<div class=\"elementor-widget-container\">\n\t\t\t\t\t<h1 class=\"elementor-heading-title elementor-size-default\">Pre\u00e7o<\/h1>\t\t\t\t<\/div>\n\t\t\t\t<\/div>\n\t\t\t\t<div class=\"elementor-element elementor-element-90769c6 elementor-widget elementor-widget-text-editor\" data-id=\"90769c6\" data-element_type=\"widget\" data-e-type=\"widget\" data-widget_type=\"text-editor.default\">\n\t\t\t\t<div class=\"elementor-widget-container\">\n\t\t\t\t\t\t\t\t\t<h6 style=\"text-align: left;\">Taxa de c\u00e2mbio<\/h6>\t\t\t\t\t\t\t\t<\/div>\n\t\t\t\t<\/div>\n\t\t\t\t<div class=\"elementor-element elementor-element-2be4b8b elementor-widget elementor-widget-text-editor\" data-id=\"2be4b8b\" data-element_type=\"widget\" data-e-type=\"widget\" data-widget_type=\"text-editor.default\">\n\t\t\t\t<div class=\"elementor-widget-container\">\n\t\t\t\t\t\t\t\t\t<p>Informamos a taxa de c\u00e2mbio atual para notas de d\u00f3lar americano hoje:<\/p>\t\t\t\t\t\t\t\t<\/div>\n\t\t\t\t<\/div>\n\t\t\t\t<div class=\"elementor-element elementor-element-a650603 elementor-widget elementor-widget-text-editor\" data-id=\"a650603\" data-element_type=\"widget\" data-e-type=\"widget\" data-widget_type=\"text-editor.default\">\n\t\t\t\t<div class=\"elementor-widget-container\">\n\t\t\t\t\t\t\t\t\t<p><strong>$ XXXX<\/strong><\/p>\t\t\t\t\t\t\t\t<\/div>\n\t\t\t\t<\/div>\n\t\t\t\t<div class=\"elementor-element elementor-element-b80e746 elementor-widget elementor-widget-text-editor\" data-id=\"b80e746\" data-element_type=\"widget\" data-e-type=\"widget\" data-widget_type=\"text-editor.default\">\n\t\t\t\t<div class=\"elementor-widget-container\">\n\t\t\t\t\t\t\t\t\t<p>Estar\u00e1 ativo at\u00e9 amanh\u00e3 \u00e0s 11h (exceto por varia\u00e7\u00f5es de +\/- 3%).<\/p>\t\t\t\t\t\t\t\t<\/div>\n\t\t\t\t<\/div>\n\t\t\t\t<div class=\"elementor-element elementor-element-5230729 elementor-widget elementor-widget-text-editor\" data-id=\"5230729\" data-element_type=\"widget\" data-e-type=\"widget\" data-widget_type=\"text-editor.default\">\n\t\t\t\t<div class=\"elementor-widget-container\">\n\t\t\t\t\t\t\t\t\t<div class=\"col-sm-8\"><p class=\"small\">Fonte: Banco de la Naci\u00f3n Argentina, Taxa de C\u00e2mbio do D\u00f3lar (Nota do Vendedor).<\/p><\/div>\t\t\t\t\t\t\t\t<\/div>\n\t\t\t\t<\/div>\n\t\t\t\t<div class=\"elementor-element elementor-element-d147407 elementor-widget elementor-widget-heading\" data-id=\"d147407\" data-element_type=\"widget\" data-e-type=\"widget\" data-widget_type=\"heading.default\">\n\t\t\t\t<div class=\"elementor-widget-container\">\n\t\t\t\t\t<h1 class=\"elementor-heading-title elementor-size-default\">12:09<\/h1>\t\t\t\t<\/div>\n\t\t\t\t<\/div>\n\t\t\t\t\t<\/div>\n\t\t<\/div>\n\t\t\t\t<div class=\"elementor-column elementor-col-50 elementor-top-column elementor-element elementor-element-2fc7595\" data-id=\"2fc7595\" data-element_type=\"column\" data-e-type=\"column\" data-settings=\"{&quot;background_background&quot;:&quot;classic&quot;}\">\n\t\t\t<div class=\"elementor-widget-wrap elementor-element-populated\">\n\t\t\t\t\t\t<div class=\"elementor-element elementor-element-0800cde elementor-hidden-tablet elementor-hidden-mobile elementor-widget elementor-widget-image\" data-id=\"0800cde\" data-element_type=\"widget\" data-e-type=\"widget\" data-widget_type=\"image.default\">\n\t\t\t\t<div class=\"elementor-widget-container\">\n\t\t\t\t\t\t\t\t\t\t\t\t\t\t\t<img fetchpriority=\"high\" decoding=\"async\" width=\"770\" height=\"1024\" src=\"https:\/\/posadalosalamos.com\/wp-content\/uploads\/2025\/12\/ALAMOS-HAB-119-scaled-1-770x1024.jpg\" class=\"attachment-large size-large wp-image-12244\" alt=\"\" srcset=\"https:\/\/posadalosalamos.com\/wp-content\/uploads\/2025\/12\/ALAMOS-HAB-119-scaled-1-770x1024.jpg 770w, https:\/\/posadalosalamos.com\/wp-content\/uploads\/2025\/12\/ALAMOS-HAB-119-scaled-1-226x300.jpg 226w, https:\/\/posadalosalamos.com\/wp-content\/uploads\/2025\/12\/ALAMOS-HAB-119-scaled-1-768x1021.jpg 768w, https:\/\/posadalosalamos.com\/wp-content\/uploads\/2025\/12\/ALAMOS-HAB-119-scaled-1-1155x1536.jpg 1155w, https:\/\/posadalosalamos.com\/wp-content\/uploads\/2025\/12\/ALAMOS-HAB-119-scaled-1-1540x2048.jpg 1540w, https:\/\/posadalosalamos.com\/wp-content\/uploads\/2025\/12\/ALAMOS-HAB-119-scaled-1.jpg 1925w\" sizes=\"(max-width: 770px) 100vw, 770px\" \/>\t\t\t\t\t\t\t\t\t\t\t\t\t\t\t<\/div>\n\t\t\t\t<\/div>\n\t\t\t\t\t<\/div>\n\t\t<\/div>\n\t\t\t\t\t<\/div>\n\t\t<\/section>\n\t\t\t\t<\/div>\n\t\t","protected":false},"excerpt":{"rendered":"<p>Pre\u00e7o Taxa de c\u00e2mbio Informamos a taxa de c\u00e2mbio atual para notas de d\u00f3lar americano hoje: $ XXXX Estar\u00e1 ativo at\u00e9 amanh\u00e3 \u00e0s 11h (exceto por varia\u00e7\u00f5es de +\/- 3%). Fonte: Banco de la Naci\u00f3n Argentina, Taxa de C\u00e2mbio do D\u00f3lar (Nota do Vendedor). 12:09<\/p>\n","protected":false},"author":8,"featured_media":0,"parent":0,"menu_order":0,"comment_status":"closed","ping_status":"closed","template":"","meta":{"site-sidebar-layout":"no-sidebar","site-content-layout":"page-builder","ast-site-content-layout":"full-width-container","site-content-style":"default","site-sidebar-style":"default","ast-global-header-display":"","ast-banner-title-visibility":"","ast-main-header-display":"","ast-hfb-above-header-display":"","ast-hfb-below-header-display":"","ast-hfb-mobile-header-display":"","site-post-title":"disabled","ast-breadcrumbs-content":"","ast-featured-img":"disabled","footer-sml-layout":"","ast-disable-related-posts":"","theme-transparent-header-meta":"","adv-header-id-meta":"","stick-header-meta":"","header-above-stick-meta":"","header-main-stick-meta":"","header-below-stick-meta":"","astra-migrate-meta-layouts":"set","ast-page-background-enabled":"default","ast-page-background-meta":{"desktop":{"background-color":"var(--ast-global-color-4)","background-image":"","background-repeat":"repeat","background-position":"center center","background-size":"auto","background-attachment":"scroll","background-type":"","background-media":"","overlay-type":"","overlay-color":"","overlay-opacity":"","overlay-gradient":""},"tablet":{"background-color":"","background-image":"","background-repeat":"repeat","background-position":"center center","background-size":"auto","background-attachment":"scroll","background-type":"","background-media":"","overlay-type":"","overlay-color":"","overlay-opacity":"","overlay-gradient":""},"mobile":{"background-color":"","background-image":"","background-repeat":"repeat","background-position":"center center","background-size":"auto","background-attachment":"scroll","background-type":"","background-media":"","overlay-type":"","overlay-color":"","overlay-opacity":"","overlay-gradient":""}},"ast-content-background-meta":{"desktop":{"background-color":"var(--ast-global-color-5)","background-image":"","background-repeat":"repeat","background-position":"center center","background-size":"auto","background-attachment":"scroll","background-type":"","background-media":"","overlay-type":"","overlay-color":"","overlay-opacity":"","overlay-gradient":""},"tablet":{"background-color":"var(--ast-global-color-5)","background-image":"","background-repeat":"repeat","background-position":"center center","background-size":"auto","background-attachment":"scroll","background-type":"","background-media":"","overlay-type":"","overlay-color":"","overlay-opacity":"","overlay-gradient":""},"mobile":{"background-color":"var(--ast-global-color-5)","background-image":"","background-repeat":"repeat","background-position":"center center","background-size":"auto","background-attachment":"scroll","background-type":"","background-media":"","overlay-type":"","overlay-color":"","overlay-opacity":"","overlay-gradient":""}},"footnotes":""},"class_list":["post-12264","page","type-page","status-publish","hentry"],"yoast_head":"<!-- This site is optimized with the Yoast SEO plugin v27.3 - https:\/\/yoast.com\/product\/yoast-seo-wordpress\/ -->\n<title>Taxa de c\u00e2mbio do d\u00f3lar - Posada Los \u00c1lamos<\/title>\n<meta name=\"robots\" content=\"index, follow, max-snippet:-1, max-image-preview:large, max-video-preview:-1\" \/>\n<link rel=\"canonical\" href=\"https:\/\/posadalosalamos.com\/pt-br\/taxa-de-cambio-do-dolar\/\" \/>\n<meta property=\"og:locale\" content=\"pt_BR\" \/>\n<meta property=\"og:type\" content=\"article\" \/>\n<meta property=\"og:title\" content=\"Taxa de c\u00e2mbio do d\u00f3lar - Posada Los \u00c1lamos\" \/>\n<meta property=\"og:description\" content=\"Pre\u00e7o Taxa de c\u00e2mbio Informamos a taxa de c\u00e2mbio atual para notas de d\u00f3lar americano hoje: $ XXXX Estar\u00e1 ativo at\u00e9 amanh\u00e3 \u00e0s 11h (exceto por varia\u00e7\u00f5es de +\/- 3%). Fonte: Banco de la Naci\u00f3n Argentina, Taxa de C\u00e2mbio do D\u00f3lar (Nota do Vendedor). 12:09\" \/>\n<meta property=\"og:url\" content=\"https:\/\/posadalosalamos.com\/pt-br\/taxa-de-cambio-do-dolar\/\" \/>\n<meta property=\"og:site_name\" content=\"Posada Los \u00c1lamos\" \/>\n<meta property=\"article:modified_time\" content=\"2025-12-01T14:23:51+00:00\" \/>\n<meta property=\"og:image\" content=\"https:\/\/posadalosalamos.com\/wp-content\/uploads\/2025\/12\/ALAMOS-HAB-119-scaled-1.jpg\" \/>\n\t<meta property=\"og:image:width\" content=\"1925\" \/>\n\t<meta property=\"og:image:height\" content=\"2560\" \/>\n\t<meta property=\"og:image:type\" content=\"image\/jpeg\" \/>\n<meta name=\"twitter:card\" content=\"summary_large_image\" \/>\n<meta name=\"twitter:label1\" content=\"Est. tempo de leitura\" \/>\n\t<meta name=\"twitter:data1\" content=\"1 minuto\" \/>\n<script type=\"application\/ld+json\" class=\"yoast-schema-graph\">{\"@context\":\"https:\\\/\\\/schema.org\",\"@graph\":[{\"@type\":\"WebPage\",\"@id\":\"https:\\\/\\\/posadalosalamos.com\\\/pt-br\\\/taxa-de-cambio-do-dolar\\\/\",\"url\":\"https:\\\/\\\/posadalosalamos.com\\\/pt-br\\\/taxa-de-cambio-do-dolar\\\/\",\"name\":\"Taxa de c\u00e2mbio do d\u00f3lar - Posada Los \u00c1lamos\",\"isPartOf\":{\"@id\":\"https:\\\/\\\/posadalosalamos.com\\\/#website\"},\"primaryImageOfPage\":{\"@id\":\"https:\\\/\\\/posadalosalamos.com\\\/pt-br\\\/taxa-de-cambio-do-dolar\\\/#primaryimage\"},\"image\":{\"@id\":\"https:\\\/\\\/posadalosalamos.com\\\/pt-br\\\/taxa-de-cambio-do-dolar\\\/#primaryimage\"},\"thumbnailUrl\":\"https:\\\/\\\/posadalosalamos.com\\\/wp-content\\\/uploads\\\/2025\\\/12\\\/ALAMOS-HAB-119-scaled-1-770x1024.jpg\",\"datePublished\":\"2025-12-01T14:22:21+00:00\",\"dateModified\":\"2025-12-01T14:23:51+00:00\",\"breadcrumb\":{\"@id\":\"https:\\\/\\\/posadalosalamos.com\\\/pt-br\\\/taxa-de-cambio-do-dolar\\\/#breadcrumb\"},\"inLanguage\":\"pt-BR\",\"potentialAction\":[{\"@type\":\"ReadAction\",\"target\":[\"https:\\\/\\\/posadalosalamos.com\\\/pt-br\\\/taxa-de-cambio-do-dolar\\\/\"]}]},{\"@type\":\"ImageObject\",\"inLanguage\":\"pt-BR\",\"@id\":\"https:\\\/\\\/posadalosalamos.com\\\/pt-br\\\/taxa-de-cambio-do-dolar\\\/#primaryimage\",\"url\":\"https:\\\/\\\/posadalosalamos.com\\\/wp-content\\\/uploads\\\/2025\\\/12\\\/ALAMOS-HAB-119-scaled-1-770x1024.jpg\",\"contentUrl\":\"https:\\\/\\\/posadalosalamos.com\\\/wp-content\\\/uploads\\\/2025\\\/12\\\/ALAMOS-HAB-119-scaled-1-770x1024.jpg\"},{\"@type\":\"BreadcrumbList\",\"@id\":\"https:\\\/\\\/posadalosalamos.com\\\/pt-br\\\/taxa-de-cambio-do-dolar\\\/#breadcrumb\",\"itemListElement\":[{\"@type\":\"ListItem\",\"position\":1,\"name\":\"Portada\",\"item\":\"https:\\\/\\\/posadalosalamos.com\\\/pt-br\\\/\"},{\"@type\":\"ListItem\",\"position\":2,\"name\":\"Taxa de c\u00e2mbio do d\u00f3lar\"}]},{\"@type\":\"WebSite\",\"@id\":\"https:\\\/\\\/posadalosalamos.com\\\/#website\",\"url\":\"https:\\\/\\\/posadalosalamos.com\\\/\",\"name\":\"Posada Los \u00c1lamos\",\"description\":\"El Calafate, Patagonia, Argentina\",\"publisher\":{\"@id\":\"https:\\\/\\\/posadalosalamos.com\\\/#organization\"},\"alternateName\":\"Los \u00c1lamos\",\"potentialAction\":[{\"@type\":\"SearchAction\",\"target\":{\"@type\":\"EntryPoint\",\"urlTemplate\":\"https:\\\/\\\/posadalosalamos.com\\\/?s={search_term_string}\"},\"query-input\":{\"@type\":\"PropertyValueSpecification\",\"valueRequired\":true,\"valueName\":\"search_term_string\"}}],\"inLanguage\":\"pt-BR\"},{\"@type\":\"Organization\",\"@id\":\"https:\\\/\\\/posadalosalamos.com\\\/#organization\",\"name\":\"Hotel Posada Los \u00c1lamos\",\"url\":\"https:\\\/\\\/posadalosalamos.com\\\/\",\"logo\":{\"@type\":\"ImageObject\",\"inLanguage\":\"pt-BR\",\"@id\":\"https:\\\/\\\/posadalosalamos.com\\\/#\\\/schema\\\/logo\\\/image\\\/\",\"url\":\"https:\\\/\\\/posadalosalamos.com\\\/wp-content\\\/uploads\\\/2023\\\/04\\\/LOS-ALAMOS-logo-min.png\",\"contentUrl\":\"https:\\\/\\\/posadalosalamos.com\\\/wp-content\\\/uploads\\\/2023\\\/04\\\/LOS-ALAMOS-logo-min.png\",\"width\":1216,\"height\":853,\"caption\":\"Hotel Posada Los \u00c1lamos\"},\"image\":{\"@id\":\"https:\\\/\\\/posadalosalamos.com\\\/#\\\/schema\\\/logo\\\/image\\\/\"}}]}<\/script>\n<!-- \/ Yoast SEO plugin. -->","yoast_head_json":{"title":"Taxa de c\u00e2mbio do d\u00f3lar - Posada Los \u00c1lamos","robots":{"index":"index","follow":"follow","max-snippet":"max-snippet:-1","max-image-preview":"max-image-preview:large","max-video-preview":"max-video-preview:-1"},"canonical":"https:\/\/posadalosalamos.com\/pt-br\/taxa-de-cambio-do-dolar\/","og_locale":"pt_BR","og_type":"article","og_title":"Taxa de c\u00e2mbio do d\u00f3lar - Posada Los \u00c1lamos","og_description":"Pre\u00e7o Taxa de c\u00e2mbio Informamos a taxa de c\u00e2mbio atual para notas de d\u00f3lar americano hoje: $ XXXX Estar\u00e1 ativo at\u00e9 amanh\u00e3 \u00e0s 11h (exceto por varia\u00e7\u00f5es de +\/- 3%). Fonte: Banco de la Naci\u00f3n Argentina, Taxa de C\u00e2mbio do D\u00f3lar (Nota do Vendedor). 12:09","og_url":"https:\/\/posadalosalamos.com\/pt-br\/taxa-de-cambio-do-dolar\/","og_site_name":"Posada Los \u00c1lamos","article_modified_time":"2025-12-01T14:23:51+00:00","og_image":[{"width":1925,"height":2560,"url":"https:\/\/posadalosalamos.com\/wp-content\/uploads\/2025\/12\/ALAMOS-HAB-119-scaled-1.jpg","type":"image\/jpeg"}],"twitter_card":"summary_large_image","twitter_misc":{"Est. tempo de leitura":"1 minuto"},"schema":{"@context":"https:\/\/schema.org","@graph":[{"@type":"WebPage","@id":"https:\/\/posadalosalamos.com\/pt-br\/taxa-de-cambio-do-dolar\/","url":"https:\/\/posadalosalamos.com\/pt-br\/taxa-de-cambio-do-dolar\/","name":"Taxa de c\u00e2mbio do d\u00f3lar - Posada Los \u00c1lamos","isPartOf":{"@id":"https:\/\/posadalosalamos.com\/#website"},"primaryImageOfPage":{"@id":"https:\/\/posadalosalamos.com\/pt-br\/taxa-de-cambio-do-dolar\/#primaryimage"},"image":{"@id":"https:\/\/posadalosalamos.com\/pt-br\/taxa-de-cambio-do-dolar\/#primaryimage"},"thumbnailUrl":"https:\/\/posadalosalamos.com\/wp-content\/uploads\/2025\/12\/ALAMOS-HAB-119-scaled-1-770x1024.jpg","datePublished":"2025-12-01T14:22:21+00:00","dateModified":"2025-12-01T14:23:51+00:00","breadcrumb":{"@id":"https:\/\/posadalosalamos.com\/pt-br\/taxa-de-cambio-do-dolar\/#breadcrumb"},"inLanguage":"pt-BR","potentialAction":[{"@type":"ReadAction","target":["https:\/\/posadalosalamos.com\/pt-br\/taxa-de-cambio-do-dolar\/"]}]},{"@type":"ImageObject","inLanguage":"pt-BR","@id":"https:\/\/posadalosalamos.com\/pt-br\/taxa-de-cambio-do-dolar\/#primaryimage","url":"https:\/\/posadalosalamos.com\/wp-content\/uploads\/2025\/12\/ALAMOS-HAB-119-scaled-1-770x1024.jpg","contentUrl":"https:\/\/posadalosalamos.com\/wp-content\/uploads\/2025\/12\/ALAMOS-HAB-119-scaled-1-770x1024.jpg"},{"@type":"BreadcrumbList","@id":"https:\/\/posadalosalamos.com\/pt-br\/taxa-de-cambio-do-dolar\/#breadcrumb","itemListElement":[{"@type":"ListItem","position":1,"name":"Portada","item":"https:\/\/posadalosalamos.com\/pt-br\/"},{"@type":"ListItem","position":2,"name":"Taxa de c\u00e2mbio do d\u00f3lar"}]},{"@type":"WebSite","@id":"https:\/\/posadalosalamos.com\/#website","url":"https:\/\/posadalosalamos.com\/","name":"Posada Los \u00c1lamos","description":"El Calafate, Patagonia, Argentina","publisher":{"@id":"https:\/\/posadalosalamos.com\/#organization"},"alternateName":"Los \u00c1lamos","potentialAction":[{"@type":"SearchAction","target":{"@type":"EntryPoint","urlTemplate":"https:\/\/posadalosalamos.com\/?s={search_term_string}"},"query-input":{"@type":"PropertyValueSpecification","valueRequired":true,"valueName":"search_term_string"}}],"inLanguage":"pt-BR"},{"@type":"Organization","@id":"https:\/\/posadalosalamos.com\/#organization","name":"Hotel Posada Los \u00c1lamos","url":"https:\/\/posadalosalamos.com\/","logo":{"@type":"ImageObject","inLanguage":"pt-BR","@id":"https:\/\/posadalosalamos.com\/#\/schema\/logo\/image\/","url":"https:\/\/posadalosalamos.com\/wp-content\/uploads\/2023\/04\/LOS-ALAMOS-logo-min.png","contentUrl":"https:\/\/posadalosalamos.com\/wp-content\/uploads\/2023\/04\/LOS-ALAMOS-logo-min.png","width":1216,"height":853,"caption":"Hotel Posada Los \u00c1lamos"},"image":{"@id":"https:\/\/posadalosalamos.com\/#\/schema\/logo\/image\/"}}]}},"_links":{"self":[{"href":"https:\/\/posadalosalamos.com\/pt-br\/wp-json\/wp\/v2\/pages\/12264","targetHints":{"allow":["GET"]}}],"collection":[{"href":"https:\/\/posadalosalamos.com\/pt-br\/wp-json\/wp\/v2\/pages"}],"about":[{"href":"https:\/\/posadalosalamos.com\/pt-br\/wp-json\/wp\/v2\/types\/page"}],"author":[{"embeddable":true,"href":"https:\/\/posadalosalamos.com\/pt-br\/wp-json\/wp\/v2\/users\/8"}],"replies":[{"embeddable":true,"href":"https:\/\/posadalosalamos.com\/pt-br\/wp-json\/wp\/v2\/comments?post=12264"}],"version-history":[{"count":4,"href":"https:\/\/posadalosalamos.com\/pt-br\/wp-json\/wp\/v2\/pages\/12264\/revisions"}],"predecessor-version":[{"id":12268,"href":"https:\/\/posadalosalamos.com\/pt-br\/wp-json\/wp\/v2\/pages\/12264\/revisions\/12268"}],"wp:attachment":[{"href":"https:\/\/posadalosalamos.com\/pt-br\/wp-json\/wp\/v2\/media?parent=12264"}],"curies":[{"name":"wp","href":"https:\/\/api.w.org\/{rel}","templated":true}]}}