{"id":6418,"date":"2020-08-27T23:07:36","date_gmt":"2020-08-28T02:07:36","guid":{"rendered":"https:\/\/posadalosalamos.com\/pt-br\/quienes-somos\/"},"modified":"2024-08-14T13:43:42","modified_gmt":"2024-08-14T16:43:42","slug":"quem-somos","status":"publish","type":"page","link":"https:\/\/posadalosalamos.com\/pt-br\/quem-somos\/","title":{"rendered":"Quem Somos"},"content":{"rendered":"<section class=\"wpb-content-wrapper\"><p>[vc_row css=&#8221;.vc_custom_1681757524030{margin-top: -100px !important;}&#8221;][vc_column]\n\t\t\t<!-- START el hotel REVOLUTION SLIDER 6.6.16 --><p class=\"rs-p-wp-fix\"><\/p>\n\t\t\t<rs-module-wrap id=\"rev_slider_61_1_wrapper\" data-source=\"gallery\" style=\"visibility:hidden;background:transparent;padding:0;margin:0px auto;margin-top:0;margin-bottom:0;\">\n\t\t\t\t<rs-module id=\"rev_slider_61_1\" style=\"\" data-version=\"6.6.16\">\n\t\t\t\t\t<rs-slides style=\"overflow: hidden; position: absolute;\">\n\t\t\t\t\t\t<rs-slide style=\"position: absolute;\" data-key=\"rs-84\" data-title=\"Slide\" data-anim=\"ms:760;r:0;\" data-in=\"o:0;\" data-out=\"a:false;\">\n\t\t\t\t\t\t\t<img decoding=\"async\" src=\"\/\/posadalosalamos.com\/wp-content\/plugins\/revslider\/public\/assets\/assets\/dummy.png\" alt=\"\" class=\"rev-slidebg tp-rs-img rs-lazyload\" data-lazyload=\"\/\/posadalosalamos.com\/wp-content\/uploads\/2020\/10\/foto-aerea-de-posada-I-en-construccion.jpg\" data-bg=\"p:left bottom;\" data-panzoom=\"d:10000;ss:120%;se:100%;\" data-no-retina>\n<!---->\t\t\t\t\t\t<\/rs-slide>\n\t\t\t\t\t<\/rs-slides>\n\t\t\t\t<\/rs-module>\n\t\t\t\t<script>\n\t\t\t\t\tsetREVStartSize({c: 'rev_slider_61_1',rl:[1240,1240,1240,480],el:[600,600,600,720],gw:[1500,1500,1500,480],gh:[600,600,600,720],type:'standard',justify:'',layout:'fullwidth',mh:\"0\"});if (window.RS_MODULES!==undefined && window.RS_MODULES.modules!==undefined && window.RS_MODULES.modules[\"revslider611\"]!==undefined) {window.RS_MODULES.modules[\"revslider611\"].once = false;window.revapi61 = undefined;if (window.RS_MODULES.checkMinimal!==undefined) window.RS_MODULES.checkMinimal()}\n\t\t\t\t<\/script>\n\t\t\t<\/rs-module-wrap>\n\t\t\t<!-- END REVOLUTION SLIDER -->\n[vc_empty_space][\/vc_column][\/vc_row][vc_row full_width=&#8221;stretch_row_content&#8221; equal_height=&#8221;yes&#8221; margin_top=&#8221;-65px&#8221; type=&#8221;2&#8243; el_class=&#8221;pagina-pre&#8221;][vc_column width=&#8221;1\/6&#8243;][\/vc_column][vc_column width=&#8221;4\/6&#8243; el_class=&#8221;pagina-pre&#8221;][vc_row_inner equal_height=&#8221;yes&#8221;][vc_column_inner el_class=&#8221;pagina&#8221; width=&#8221;1\/2&#8243;][vc_empty_space height=&#8221;40px&#8221;][vc_column_text css_animation=&#8221;fadeInDown&#8221; css=&#8221;.vc_custom_1682091178087{padding-top: 30px !important;padding-right: 30px !important;padding-bottom: 30px !important;padding-left: 30px !important;background-color: #fcfcfc !important;}&#8221;]<\/p>\n<h2 style=\"text-align: left;\">Um pouco de hist\u00f3ria<\/h2>\n<h6><span style=\"font-weight: 400;\">Posada Los Alamos foi aberta no ano 1984, com 11 quartos.<\/span><\/h6>\n<p><span style=\"font-weight: 400;\">Em 1989 j\u00e1 tinha 66 quartos com 2 su\u00edtes. Foi constru\u00eddo o Bar El Aljibe e uma nova recep\u00e7\u00e3o.<\/span><\/p>\n<p><span style=\"font-weight: 400;\">Sem perder de vista a qualidade e amabilidade de nossa gente, o crescimento foi continuo, melhorando a infraestrutura, o conforto e os servi\u00e7os.<\/span><\/p>\n<p><span style=\"font-weight: 400;\">Hoje, Los Alamos tem 144 quartos que brindam aos h\u00f3spedes momentos inesquec\u00edveis num clima c\u00e1lido e cordial no melhor cen\u00e1rio do mundo.<\/span><\/p>\n<p>Hoy, Los Alamos cuenta con 144 habitaciones que entregan a sus hu\u00e9spedes momentos inolvidables en medio de un clima c\u00e1lido y cordial en el mejor escenario del mundo.[\/vc_column_text][vc_empty_space height=&#8221;62px&#8221;][\/vc_column_inner][vc_column_inner width=&#8221;1\/2&#8243; css=&#8221;.vc_custom_1603726432833{background-position: center !important;background-repeat: no-repeat !important;background-size: cover !important;}&#8221;][vc_empty_space height=&#8221;20px&#8221;][vc_video link=&#8221;https:\/\/www.youtube.com\/watch?v=tCD2z4LcJHY&#8221; align=&#8221;center&#8221;][\/vc_column_inner][\/vc_row_inner][\/vc_column][vc_column width=&#8221;1\/6&#8243;][\/vc_column][\/vc_row][vc_row][vc_column][vc_empty_space][\/vc_column][\/vc_row][vc_row full_width=&#8221;stretch_row_content&#8221; margin_top=&#8221;25px&#8221; type=&#8221;2&#8243; el_class=&#8221;pagina-pre&#8221;][vc_column width=&#8221;1\/6&#8243;][\/vc_column][vc_column width=&#8221;4\/6&#8243; el_class=&#8221;pagina-pre&#8221;][vc_row_inner equal_height=&#8221;yes&#8221;][vc_column_inner el_class=&#8221;pagina&#8221; width=&#8221;2\/3&#8243;][vc_column_text css_animation=&#8221;fadeInDown&#8221; css=&#8221;.vc_custom_1682091206377{padding-top: 30px !important;padding-right: 30px !important;padding-bottom: 30px !important;padding-left: 30px !important;background-color: #fcfcfc !important;}&#8221;]<\/p>\n<h2><span style=\"font-weight: 400;\">UMA VERDADEIRA HISTORIA DE AMOR<\/span><\/h2>\n<h6><span style=\"font-weight: 400;\">Por Angela Girometti de Guatti. S\u00f3cia fundadora do Hotel Posada Los Alamos.<\/span><\/h6>\n<p><span style=\"font-weight: 400;\">Como se a vida tivesse dito que n\u00e3o ia estar sempre ao meu lado, um dia, Hector, disse para mim:<\/span><\/p>\n<p><span style=\"font-weight: 400;\">&#8211; Que voc\u00ea gostaria de ter para administrar sozinha?.<\/span><\/p>\n<p><span style=\"font-weight: 400;\">&#8211; Um pequeno hotel, pode-me fazer um pequeno hotel! &#8211; respondi.<\/span><\/p>\n<p><span style=\"font-weight: 400;\">No ano 1982, Maxi tinha chegado a nossa vida familiar j\u00e1 formada por Mauro Pablo e Mario Piero.<\/span><\/p>\n<p><span style=\"font-weight: 400;\">&#8211; Esta \u00e9 a \u00faltima por\u00e7\u00e3o de terra que eu vou te mostrar, ningu\u00e9m gosta porque \u00e9 uma terra baixa. -disse o prefeito Pocho Ramos.<\/span><\/p>\n<p><span style=\"font-weight: 400;\">Numa tarde de Pascoa de 1983, mor\u00e1vamos numa oficina perto hoje ao Ponto de \u00f4nibus. O vi subir a encosta com um anel de ferro. Veia feliz, tranquilo e seguro.<\/span><\/p>\n<p><span style=\"font-weight: 400;\">&#8211; Vem! Vamos ver uma por\u00e7\u00e3o de terra que \u00e9 um pequeno para\u00edso. -disse para mim.<\/span><\/p>\n<p><span style=\"font-weight: 400;\">O caminho chegava at\u00e9 a casa de Bautista Maldonado \u00e0 esquerda e Barrag\u00e0n Rolando \u00e0 direita. A pequena trilha levou at\u00e9 um tapete de cicuta t\u00e3o alto como n\u00f3s. &#8220;Era o pequeno para\u00edso&#8221; com muitos alamos plantados. Ali come\u00e7ou a a\u00e7\u00e3o.<\/span><\/p>\n<p><span style=\"font-weight: 400;\">O &#8220;pequeno hotel&#8221; tinha seu lugar. Em outubro de 1984 abrimos com 11 quartos Posada Los Alamos do Engenheiro Mario Guatti e Mariangela Girometti. Na constru\u00e7\u00e3o n\u00e3o derrubaram nenhum \u00e1lamo.<\/span><\/p>\n<p><span style=\"font-weight: 400;\">Estiveram construindo 8 anos sem parar. Constantemente tent\u00e1vamos melhorar o feito.<\/span><\/p>\n<p><span style=\"font-weight: 400;\">Era o ano 1991. Um dia, na trilha de pedras que unia o hotel com a cabana, olhando para atr\u00e1s e vendo o hotel com seus 84 quartos, o restaurante La Posta iluminado, a quadra de t\u00eanis, de paddle, o enchimento de terra que come\u00e7amos fazer para o campo de golfe, disse Mario para mim: -&#8220;&#8230;fazendo isto, construindo isto, fui o homem mais feliz do mundo&#8230;&#8221;.<\/span><\/p>\n<p><span style=\"font-weight: 400;\">O 6 de novembro de 1993, com seus dois filhos maiores j\u00e1 profissionais e muitos amigos, Deus levou para cumprir outra miss\u00e3o no outro mundo.<\/span><\/p>\n<p><span style=\"font-weight: 400;\">Seu exemplo de tenacidade frente \u00e0 adversidade que enfrentou na sua curta vida, nos permitiu continuar sem hesitar nunca.<\/span><\/p>\n<p><span style=\"font-weight: 400;\">E continuamos construindo.<\/span><\/p>\n<p><span style=\"font-weight: 400;\">Hoje contamos com 144 quartos. Meus filhos s\u00e3o meus pilares neste empreendimento, minhas noras e meus netos Mateo, Mora, Martina, Santina, Matias; Paz, Marcos e Maitena, v\u00e3o lhes contar a hist\u00f3ria que eles puderam construir.<\/span>[\/vc_column_text][\/vc_column_inner][vc_column_inner width=&#8221;1\/3&#8243; css=&#8221;.vc_custom_1723653810552{background-image: url(https:\/\/posadalosalamos.com\/wp-content\/uploads\/2024\/06\/HAB-2-scaled.jpg?id=11151) !important;background-position: center !important;background-repeat: no-repeat !important;background-size: cover !important;}&#8221; offset=&#8221;vc_hidden-sm vc_hidden-xs&#8221;][\/vc_column_inner][\/vc_row_inner][\/vc_column][vc_column width=&#8221;1\/6&#8243;][\/vc_column][\/vc_row][vc_row][vc_column][vc_empty_space height=&#8221;52px&#8221;][\/vc_column][\/vc_row][vc_row margin_top=&#8221;10px&#8221; type=&#8221;2&#8243; el_class=&#8221;pagina-pre&#8221;][vc_column][vc_media_grid element_width=&#8221;2&#8243; gap=&#8221;20&#8243; grid_id=&#8221;vc_gid:1723653780608-d9082035-f464-8&#8243; include=&#8221;350,349,348,347,346,345,344,343,342,341,340,339,338,337,336,333,332,330,329,328,327,326&#8243;][\/vc_column][\/vc_row][vc_row][vc_column][vc_empty_space height=&#8221;52px&#8221;][\/vc_column][\/vc_row]<\/p>\n<\/section>","protected":false},"excerpt":{"rendered":"<p>[vc_row css=&#8221;.vc_custom_1681757524030{margin-top: -100px !important;}&#8221;][vc_column][vc_empty_space][\/vc_column][\/vc_row][vc_row full_width=&#8221;stretch_row_content&#8221; equal_height=&#8221;yes&#8221; margin_top=&#8221;-65px&#8221; type=&#8221;2&#8243; el_class=&#8221;pagina-pre&#8221;][vc_column width=&#8221;1\/6&#8243;][\/vc_column][vc_column width=&#8221;4\/6&#8243; el_class=&#8221;pagina-pre&#8221;][vc_row_inner equal_height=&#8221;yes&#8221;][vc_column_inner el_class=&#8221;pagina&#8221; width=&#8221;1\/2&#8243;][vc_empty_space height=&#8221;40px&#8221;][vc_column_text css_animation=&#8221;fadeInDown&#8221; css=&#8221;.vc_custom_1682091178087{padding-top: 30px !important;padding-right: 30px !important;padding-bottom: 30px !important;padding-left: 30px !important;background-color: #fcfcfc !important;}&#8221;] Um pouco de hist\u00f3ria Posada Los Alamos foi aberta no ano 1984, com 11 quartos. Em 1989 j\u00e1 tinha 66 quartos com 2 su\u00edtes. Foi constru\u00eddo o [&hellip;]<\/p>\n","protected":false},"author":8,"featured_media":0,"parent":0,"menu_order":0,"comment_status":"closed","ping_status":"closed","template":"","meta":{"site-sidebar-layout":"no-sidebar","site-content-layout":"plain-container","ast-site-content-layout":"normal-width-container","site-content-style":"unboxed","site-sidebar-style":"unboxed","ast-global-header-display":"","ast-banner-title-visibility":"","ast-main-header-display":"","ast-hfb-above-header-display":"","ast-hfb-below-header-display":"","ast-hfb-mobile-header-display":"","site-post-title":"disabled","ast-breadcrumbs-content":"","ast-featured-img":"disabled","footer-sml-layout":"","ast-disable-related-posts":"","theme-transparent-header-meta":"default","adv-header-id-meta":"","stick-header-meta":"default","header-above-stick-meta":"","header-main-stick-meta":"","header-below-stick-meta":"","astra-migrate-meta-layouts":"set","ast-page-background-enabled":"default","ast-page-background-meta":{"desktop":{"background-color":"var(--ast-global-color-4)","background-image":"","background-repeat":"repeat","background-position":"center center","background-size":"auto","background-attachment":"scroll","background-type":"","background-media":"","overlay-type":"","overlay-color":"","overlay-opacity":"","overlay-gradient":""},"tablet":{"background-color":"","background-image":"","background-repeat":"repeat","background-position":"center center","background-size":"auto","background-attachment":"scroll","background-type":"","background-media":"","overlay-type":"","overlay-color":"","overlay-opacity":"","overlay-gradient":""},"mobile":{"background-color":"","background-image":"","background-repeat":"repeat","background-position":"center center","background-size":"auto","background-attachment":"scroll","background-type":"","background-media":"","overlay-type":"","overlay-color":"","overlay-opacity":"","overlay-gradient":""}},"ast-content-background-meta":{"desktop":{"background-color":"var(--ast-global-color-5)","background-image":"","background-repeat":"repeat","background-position":"center center","background-size":"auto","background-attachment":"scroll","background-type":"","background-media":"","overlay-type":"","overlay-color":"","overlay-opacity":"","overlay-gradient":""},"tablet":{"background-color":"var(--ast-global-color-5)","background-image":"","background-repeat":"repeat","background-position":"center center","background-size":"auto","background-attachment":"scroll","background-type":"","background-media":"","overlay-type":"","overlay-color":"","overlay-opacity":"","overlay-gradient":""},"mobile":{"background-color":"var(--ast-global-color-5)","background-image":"","background-repeat":"repeat","background-position":"center center","background-size":"auto","background-attachment":"scroll","background-type":"","background-media":"","overlay-type":"","overlay-color":"","overlay-opacity":"","overlay-gradient":""}},"footnotes":""},"class_list":["post-6418","page","type-page","status-publish","hentry"],"yoast_head":"<!-- This site is optimized with the Yoast SEO plugin v27.3 - https:\/\/yoast.com\/product\/yoast-seo-wordpress\/ -->\n<title>Quem Somos - Posada Los \u00c1lamos<\/title>\n<meta name=\"robots\" content=\"index, follow, max-snippet:-1, max-image-preview:large, max-video-preview:-1\" \/>\n<link rel=\"canonical\" href=\"https:\/\/posadalosalamos.com\/pt-br\/quem-somos\/\" \/>\n<meta property=\"og:locale\" content=\"pt_BR\" \/>\n<meta property=\"og:type\" content=\"article\" \/>\n<meta property=\"og:title\" content=\"Quem Somos - Posada Los \u00c1lamos\" \/>\n<meta property=\"og:description\" content=\"[vc_row css=&#8221;.vc_custom_1681757524030{margin-top: -100px !important;}&#8221;][vc_column][vc_empty_space][\/vc_column][\/vc_row][vc_row full_width=&#8221;stretch_row_content&#8221; equal_height=&#8221;yes&#8221; margin_top=&#8221;-65px&#8221; type=&#8221;2&#8243; el_class=&#8221;pagina-pre&#8221;][vc_column width=&#8221;1\/6&#8243;][\/vc_column][vc_column width=&#8221;4\/6&#8243; el_class=&#8221;pagina-pre&#8221;][vc_row_inner equal_height=&#8221;yes&#8221;][vc_column_inner el_class=&#8221;pagina&#8221; width=&#8221;1\/2&#8243;][vc_empty_space height=&#8221;40px&#8221;][vc_column_text css_animation=&#8221;fadeInDown&#8221; css=&#8221;.vc_custom_1682091178087{padding-top: 30px !important;padding-right: 30px !important;padding-bottom: 30px !important;padding-left: 30px !important;background-color: #fcfcfc !important;}&#8221;] Um pouco de hist\u00f3ria Posada Los Alamos foi aberta no ano 1984, com 11 quartos. Em 1989 j\u00e1 tinha 66 quartos com 2 su\u00edtes. Foi constru\u00eddo o [&hellip;]\" \/>\n<meta property=\"og:url\" content=\"https:\/\/posadalosalamos.com\/pt-br\/quem-somos\/\" \/>\n<meta property=\"og:site_name\" content=\"Posada Los \u00c1lamos\" \/>\n<meta property=\"article:modified_time\" content=\"2024-08-14T16:43:42+00:00\" \/>\n<meta property=\"og:image\" content=\"https:\/\/posadalosalamos.com\/wp-content\/uploads\/2020\/08\/logo-2.png\" \/>\n\t<meta property=\"og:image:width\" content=\"130\" \/>\n\t<meta property=\"og:image:height\" content=\"100\" \/>\n\t<meta property=\"og:image:type\" content=\"image\/png\" \/>\n<meta name=\"twitter:card\" content=\"summary_large_image\" \/>\n<meta name=\"twitter:label1\" content=\"Est. tempo de leitura\" \/>\n\t<meta name=\"twitter:data1\" content=\"10 minutos\" \/>\n<script type=\"application\/ld+json\" class=\"yoast-schema-graph\">{\"@context\":\"https:\\\/\\\/schema.org\",\"@graph\":[{\"@type\":\"WebPage\",\"@id\":\"https:\\\/\\\/posadalosalamos.com\\\/pt-br\\\/quem-somos\\\/\",\"url\":\"https:\\\/\\\/posadalosalamos.com\\\/pt-br\\\/quem-somos\\\/\",\"name\":\"Quem Somos - Posada Los \u00c1lamos\",\"isPartOf\":{\"@id\":\"https:\\\/\\\/posadalosalamos.com\\\/#website\"},\"datePublished\":\"2020-08-28T02:07:36+00:00\",\"dateModified\":\"2024-08-14T16:43:42+00:00\",\"breadcrumb\":{\"@id\":\"https:\\\/\\\/posadalosalamos.com\\\/pt-br\\\/quem-somos\\\/#breadcrumb\"},\"inLanguage\":\"pt-BR\",\"potentialAction\":[{\"@type\":\"ReadAction\",\"target\":[\"https:\\\/\\\/posadalosalamos.com\\\/pt-br\\\/quem-somos\\\/\"]}]},{\"@type\":\"BreadcrumbList\",\"@id\":\"https:\\\/\\\/posadalosalamos.com\\\/pt-br\\\/quem-somos\\\/#breadcrumb\",\"itemListElement\":[{\"@type\":\"ListItem\",\"position\":1,\"name\":\"Portada\",\"item\":\"https:\\\/\\\/posadalosalamos.com\\\/pt-br\\\/\"},{\"@type\":\"ListItem\",\"position\":2,\"name\":\"Quem Somos\"}]},{\"@type\":\"WebSite\",\"@id\":\"https:\\\/\\\/posadalosalamos.com\\\/#website\",\"url\":\"https:\\\/\\\/posadalosalamos.com\\\/\",\"name\":\"Posada Los \u00c1lamos\",\"description\":\"El Calafate, Patagonia, Argentina\",\"publisher\":{\"@id\":\"https:\\\/\\\/posadalosalamos.com\\\/#organization\"},\"alternateName\":\"Los \u00c1lamos\",\"potentialAction\":[{\"@type\":\"SearchAction\",\"target\":{\"@type\":\"EntryPoint\",\"urlTemplate\":\"https:\\\/\\\/posadalosalamos.com\\\/?s={search_term_string}\"},\"query-input\":{\"@type\":\"PropertyValueSpecification\",\"valueRequired\":true,\"valueName\":\"search_term_string\"}}],\"inLanguage\":\"pt-BR\"},{\"@type\":\"Organization\",\"@id\":\"https:\\\/\\\/posadalosalamos.com\\\/#organization\",\"name\":\"Hotel Posada Los \u00c1lamos\",\"url\":\"https:\\\/\\\/posadalosalamos.com\\\/\",\"logo\":{\"@type\":\"ImageObject\",\"inLanguage\":\"pt-BR\",\"@id\":\"https:\\\/\\\/posadalosalamos.com\\\/#\\\/schema\\\/logo\\\/image\\\/\",\"url\":\"https:\\\/\\\/posadalosalamos.com\\\/wp-content\\\/uploads\\\/2023\\\/04\\\/LOS-ALAMOS-logo-min.png\",\"contentUrl\":\"https:\\\/\\\/posadalosalamos.com\\\/wp-content\\\/uploads\\\/2023\\\/04\\\/LOS-ALAMOS-logo-min.png\",\"width\":1216,\"height\":853,\"caption\":\"Hotel Posada Los \u00c1lamos\"},\"image\":{\"@id\":\"https:\\\/\\\/posadalosalamos.com\\\/#\\\/schema\\\/logo\\\/image\\\/\"}}]}<\/script>\n<!-- \/ Yoast SEO plugin. -->","yoast_head_json":{"title":"Quem Somos - Posada Los \u00c1lamos","robots":{"index":"index","follow":"follow","max-snippet":"max-snippet:-1","max-image-preview":"max-image-preview:large","max-video-preview":"max-video-preview:-1"},"canonical":"https:\/\/posadalosalamos.com\/pt-br\/quem-somos\/","og_locale":"pt_BR","og_type":"article","og_title":"Quem Somos - Posada Los \u00c1lamos","og_description":"[vc_row css=&#8221;.vc_custom_1681757524030{margin-top: -100px !important;}&#8221;][vc_column][vc_empty_space][\/vc_column][\/vc_row][vc_row full_width=&#8221;stretch_row_content&#8221; equal_height=&#8221;yes&#8221; margin_top=&#8221;-65px&#8221; type=&#8221;2&#8243; el_class=&#8221;pagina-pre&#8221;][vc_column width=&#8221;1\/6&#8243;][\/vc_column][vc_column width=&#8221;4\/6&#8243; el_class=&#8221;pagina-pre&#8221;][vc_row_inner equal_height=&#8221;yes&#8221;][vc_column_inner el_class=&#8221;pagina&#8221; width=&#8221;1\/2&#8243;][vc_empty_space height=&#8221;40px&#8221;][vc_column_text css_animation=&#8221;fadeInDown&#8221; css=&#8221;.vc_custom_1682091178087{padding-top: 30px !important;padding-right: 30px !important;padding-bottom: 30px !important;padding-left: 30px !important;background-color: #fcfcfc !important;}&#8221;] Um pouco de hist\u00f3ria Posada Los Alamos foi aberta no ano 1984, com 11 quartos. Em 1989 j\u00e1 tinha 66 quartos com 2 su\u00edtes. Foi constru\u00eddo o [&hellip;]","og_url":"https:\/\/posadalosalamos.com\/pt-br\/quem-somos\/","og_site_name":"Posada Los \u00c1lamos","article_modified_time":"2024-08-14T16:43:42+00:00","og_image":[{"width":130,"height":100,"url":"https:\/\/posadalosalamos.com\/wp-content\/uploads\/2020\/08\/logo-2.png","type":"image\/png"}],"twitter_card":"summary_large_image","twitter_misc":{"Est. tempo de leitura":"10 minutos"},"schema":{"@context":"https:\/\/schema.org","@graph":[{"@type":"WebPage","@id":"https:\/\/posadalosalamos.com\/pt-br\/quem-somos\/","url":"https:\/\/posadalosalamos.com\/pt-br\/quem-somos\/","name":"Quem Somos - Posada Los \u00c1lamos","isPartOf":{"@id":"https:\/\/posadalosalamos.com\/#website"},"datePublished":"2020-08-28T02:07:36+00:00","dateModified":"2024-08-14T16:43:42+00:00","breadcrumb":{"@id":"https:\/\/posadalosalamos.com\/pt-br\/quem-somos\/#breadcrumb"},"inLanguage":"pt-BR","potentialAction":[{"@type":"ReadAction","target":["https:\/\/posadalosalamos.com\/pt-br\/quem-somos\/"]}]},{"@type":"BreadcrumbList","@id":"https:\/\/posadalosalamos.com\/pt-br\/quem-somos\/#breadcrumb","itemListElement":[{"@type":"ListItem","position":1,"name":"Portada","item":"https:\/\/posadalosalamos.com\/pt-br\/"},{"@type":"ListItem","position":2,"name":"Quem Somos"}]},{"@type":"WebSite","@id":"https:\/\/posadalosalamos.com\/#website","url":"https:\/\/posadalosalamos.com\/","name":"Posada Los \u00c1lamos","description":"El Calafate, Patagonia, Argentina","publisher":{"@id":"https:\/\/posadalosalamos.com\/#organization"},"alternateName":"Los \u00c1lamos","potentialAction":[{"@type":"SearchAction","target":{"@type":"EntryPoint","urlTemplate":"https:\/\/posadalosalamos.com\/?s={search_term_string}"},"query-input":{"@type":"PropertyValueSpecification","valueRequired":true,"valueName":"search_term_string"}}],"inLanguage":"pt-BR"},{"@type":"Organization","@id":"https:\/\/posadalosalamos.com\/#organization","name":"Hotel Posada Los \u00c1lamos","url":"https:\/\/posadalosalamos.com\/","logo":{"@type":"ImageObject","inLanguage":"pt-BR","@id":"https:\/\/posadalosalamos.com\/#\/schema\/logo\/image\/","url":"https:\/\/posadalosalamos.com\/wp-content\/uploads\/2023\/04\/LOS-ALAMOS-logo-min.png","contentUrl":"https:\/\/posadalosalamos.com\/wp-content\/uploads\/2023\/04\/LOS-ALAMOS-logo-min.png","width":1216,"height":853,"caption":"Hotel Posada Los \u00c1lamos"},"image":{"@id":"https:\/\/posadalosalamos.com\/#\/schema\/logo\/image\/"}}]}},"_links":{"self":[{"href":"https:\/\/posadalosalamos.com\/pt-br\/wp-json\/wp\/v2\/pages\/6418","targetHints":{"allow":["GET"]}}],"collection":[{"href":"https:\/\/posadalosalamos.com\/pt-br\/wp-json\/wp\/v2\/pages"}],"about":[{"href":"https:\/\/posadalosalamos.com\/pt-br\/wp-json\/wp\/v2\/types\/page"}],"author":[{"embeddable":true,"href":"https:\/\/posadalosalamos.com\/pt-br\/wp-json\/wp\/v2\/users\/8"}],"replies":[{"embeddable":true,"href":"https:\/\/posadalosalamos.com\/pt-br\/wp-json\/wp\/v2\/comments?post=6418"}],"version-history":[{"count":13,"href":"https:\/\/posadalosalamos.com\/pt-br\/wp-json\/wp\/v2\/pages\/6418\/revisions"}],"predecessor-version":[{"id":11414,"href":"https:\/\/posadalosalamos.com\/pt-br\/wp-json\/wp\/v2\/pages\/6418\/revisions\/11414"}],"wp:attachment":[{"href":"https:\/\/posadalosalamos.com\/pt-br\/wp-json\/wp\/v2\/media?parent=6418"}],"curies":[{"name":"wp","href":"https:\/\/api.w.org\/{rel}","templated":true}]}}