{"id":6488,"date":"2020-09-28T22:55:07","date_gmt":"2020-09-29T01:55:07","guid":{"rendered":"https:\/\/posadalosalamos.com\/pt-br\/excursiones\/"},"modified":"2023-04-21T11:54:12","modified_gmt":"2023-04-21T14:54:12","slug":"passeios","status":"publish","type":"page","link":"https:\/\/posadalosalamos.com\/pt-br\/passeios\/","title":{"rendered":"Passeios"},"content":{"rendered":"<section class=\"wpb-content-wrapper\"><p>[vc_row css=&#8221;.vc_custom_1681746928632{margin-top: -100px !important;}&#8221;][vc_column]\n\t\t\t<!-- START excursiones REVOLUTION SLIDER 6.6.16 --><p class=\"rs-p-wp-fix\"><\/p>\n\t\t\t<rs-module-wrap id=\"rev_slider_56_1_wrapper\" data-source=\"gallery\" style=\"visibility:hidden;background:transparent;padding:0;margin:0px auto;margin-top:0;margin-bottom:0;\">\n\t\t\t\t<rs-module id=\"rev_slider_56_1\" style=\"\" data-version=\"6.6.16\">\n\t\t\t\t\t<rs-slides style=\"overflow: hidden; position: absolute;\">\n\t\t\t\t\t\t<rs-slide style=\"position: absolute;\" data-key=\"rs-77\" data-title=\"Slide\" data-anim=\"ms:630;r:0;\" data-in=\"o:0;\" data-out=\"a:false;\">\n\t\t\t\t\t\t\t<img decoding=\"async\" src=\"\/\/posadalosalamos.com\/wp-content\/plugins\/revslider\/public\/assets\/assets\/dummy.png\" alt=\"\" class=\"rev-slidebg tp-rs-img rs-lazyload\" data-lazyload=\"\/\/posadalosalamos.com\/wp-content\/uploads\/2020\/09\/excursiones.jpg\" data-bg=\"p:right center;\" data-panzoom=\"d:18000ms;e:power0.in;ss:120%;se:100%;\" data-no-retina>\n<!---->\t\t\t\t\t\t<\/rs-slide>\n\t\t\t\t\t<\/rs-slides>\n\t\t\t\t<\/rs-module>\n\t\t\t\t<script>\n\t\t\t\t\tsetREVStartSize({c: 'rev_slider_56_1',rl:[1240,1024,778,480],el:[600],gw:[1500],gh:[600],type:'standard',justify:'',layout:'fullwidth',mh:\"0\"});if (window.RS_MODULES!==undefined && window.RS_MODULES.modules!==undefined && window.RS_MODULES.modules[\"revslider561\"]!==undefined) {window.RS_MODULES.modules[\"revslider561\"].once = false;window.revapi56 = undefined;if (window.RS_MODULES.checkMinimal!==undefined) window.RS_MODULES.checkMinimal()}\n\t\t\t\t<\/script>\n\t\t\t<\/rs-module-wrap>\n\t\t\t<!-- END REVOLUTION SLIDER -->\n[vc_empty_space][\/vc_column][\/vc_row][vc_row full_width=&#8221;stretch_row_content&#8221; margin_top=&#8221;-65px&#8221; type=&#8221;2&#8243; el_class=&#8221;pagina-pre&#8221;][vc_column width=&#8221;1\/6&#8243;][\/vc_column][vc_column width=&#8221;4\/6&#8243; el_class=&#8221;pagina-pre&#8221;][vc_row_inner equal_height=&#8221;yes&#8221;][vc_column_inner el_class=&#8221;pagina&#8221; width=&#8221;2\/3&#8243; css=&#8221;.vc_custom_1599695027397{background-color: #ffffff !important;}&#8221;][vc_column_text css_animation=&#8221;fadeInDown&#8221; css=&#8221;.vc_custom_1682088425062{padding-top: 30px !important;padding-right: 30px !important;padding-bottom: 30px !important;padding-left: 30px !important;background-color: #ffffff !important;}&#8221;]<\/p>\n<h2><span style=\"font-weight: 400;\">GELEIRA PERITO MORENO<\/span><\/h2>\n<h6><span style=\"font-weight: 400;\">O dia inteiro<\/span><\/h6>\n<p><span style=\"font-weight: 400;\">A geleira fica a 80km da cidade. O ingresso ao parque a 48km. Ali \u00e1 esquerda come\u00e7amos ver o Bra\u00e7o Rico do Lago Argentino, \u00e1rvores nativas e alguns animais.<\/span><\/p>\n<p><span style=\"font-weight: 400;\">A geleira pode ser apreciada desde os mirantes ou &#8220;passarelas&#8221; que \u00e9 um circuito com escadas e varandas duns 5km.<\/span><\/p>\n<p><span style=\"font-weight: 400;\"><strong>Hor\u00e1rio de sa\u00edda<\/strong>: a partir das 9hs.<\/span><\/p>\n<p><span style=\"font-weight: 400;\"><strong>Hor\u00e1rio de chegada<\/strong>: 16.30 aprox.<\/span><\/p>\n<p><span style=\"font-weight: 400;\"><strong>Opcional<\/strong>: passeio de barco de 1 hora na frente da geleira.<\/span>[\/vc_column_text][vc_btn title=&#8221;CONSULTAR&#8221; color=&#8221;default&#8221; css_animation=&#8221;fadeInUp&#8221; link=&#8221;url:http%3A%2F%2Fposadalosalamos.com%2Fpt-br%2Fcontato|title:Contacto|target:%20_blank|&#8221; el_class=&#8221;boton&#8221;][vc_empty_space height=&#8221;22px&#8221;][\/vc_column_inner][vc_column_inner width=&#8221;1\/3&#8243; css=&#8221;.vc_custom_1601348350989{background-image: url(https:\/\/posadalosalamos.com\/wp-content\/uploads\/2020\/09\/glaciar-moreno.jpg?id=5841) !important;background-position: center !important;background-repeat: no-repeat !important;background-size: cover !important;}&#8221;][vc_empty_space height=&#8221;300px&#8221;][\/vc_column_inner][\/vc_row_inner][\/vc_column][vc_column width=&#8221;1\/6&#8243;][\/vc_column][\/vc_row][vc_row full_width=&#8221;stretch_row_content_no_spaces&#8221; margin_top=&#8221;30px&#8221; type=&#8221;2&#8243; el_class=&#8221;pagina-pre&#8221;][vc_column width=&#8221;1\/6&#8243;][\/vc_column][vc_column width=&#8221;4\/6&#8243; el_class=&#8221;pagina-pre&#8221;][\/vc_column][vc_column width=&#8221;1\/6&#8243;][\/vc_column][\/vc_row][vc_row][vc_column][vc_empty_space height=&#8221;50px&#8221;][\/vc_column][\/vc_row][vc_row full_width=&#8221;stretch_row_content&#8221; margin_top=&#8221;30px&#8221; type=&#8221;2&#8243; el_class=&#8221;pagina-pre&#8221;][vc_column width=&#8221;1\/6&#8243;][\/vc_column][vc_column width=&#8221;4\/6&#8243; el_class=&#8221;pagina-pre&#8221;][vc_row_inner equal_height=&#8221;yes&#8221;][vc_column_inner el_class=&#8221;pagina&#8221; width=&#8221;2\/3&#8243; css=&#8221;.vc_custom_1599695027397{background-color: #ffffff !important;}&#8221;][vc_column_text css_animation=&#8221;fadeInDown&#8221; css=&#8221;.vc_custom_1682088489258{padding-top: 30px !important;padding-right: 30px !important;padding-bottom: 30px !important;padding-left: 30px !important;background-color: #ffffff !important;}&#8221;]<\/p>\n<h2><span style=\"font-weight: 400;\">NAVEGA\u00c7\u00c3O TODO GLACIARES<\/span><\/h2>\n<h6><span style=\"font-weight: 400;\">Todos os dias<\/span><\/h6>\n<p><span style=\"font-weight: 400;\">Saindo as 7 horas para ir at\u00e9 o Porto de Punta Bandera onde pagam os ingressos ao Parque Nacional.<\/span><\/p>\n<p><span style=\"font-weight: 400;\">8.30 come\u00e7a o embarque e parte as 9hs.<\/span><\/p>\n<p><span style=\"font-weight: 400;\">Navegam pelo Bra\u00e7o Norte do Lago Argentino e Canal Upsala entre blocos gigantes que ca\u00edram da frente da Geleira Upsala.<\/span><\/p>\n<p><span style=\"font-weight: 400;\">Depois v\u00e3o ver a Geleira Seca at\u00e9 a Geleira Spegazzini onde v\u00e3o desembarcar na Base Spegazzini para fazer um pequeno trekking e visitar o ref\u00fagio para almo\u00e7ar e, finalmente empreender a volta para chegar ao porto as 16hs.<\/span><\/p>\n<p><span style=\"font-weight: 400;\">Todos os dias.<\/span><\/p>\n<p><span style=\"font-weight: 400;\"><strong>Hor\u00e1rio de sa\u00edda<\/strong>: a partir das 7hs.<\/span><\/p>\n<p><span style=\"font-weight: 400;\"><strong>Hor\u00e1rio de chegada<\/strong>: 17hs.<\/span><\/p>\n<p><span style=\"font-weight: 400;\"><strong>Opcional<\/strong>: Captain\u00b4s Club (Sal\u00e3o VIP): inclui sal\u00e3o de 30 vagas com refrigerantes e bebidas quentes (com e sem \u00e1lcool), caf\u00e9 da manh\u00e3, degusta\u00e7\u00e3o de defumados e pat\u00e9 artesanal, brinde com chocolates e espumantes ou licor de calafate.<\/span><\/p>\n<p><strong>A empresa cobra taxas por trocar a data ou cancelamento at\u00e9 10 dias antes do servi\u00e7o.<\/strong>[\/vc_column_text][vc_btn title=&#8221;CONSULTAR&#8221; color=&#8221;default&#8221; css_animation=&#8221;fadeInUp&#8221; link=&#8221;url:http%3A%2F%2Fposadalosalamos.com%2Fpt-br%2Fcontato|title:Contacto|target:%20_blank|&#8221; el_class=&#8221;boton&#8221;][vc_empty_space height=&#8221;22px&#8221;][\/vc_column_inner][vc_column_inner width=&#8221;1\/3&#8243; css=&#8221;.vc_custom_1601348908601{background-image: url(https:\/\/posadalosalamos.com\/wp-content\/uploads\/2020\/09\/navegacion.jpg?id=5844) !important;background-position: center !important;background-repeat: no-repeat !important;background-size: cover !important;}&#8221;][vc_empty_space height=&#8221;300px&#8221;][\/vc_column_inner][\/vc_row_inner][\/vc_column][vc_column width=&#8221;1\/6&#8243;][\/vc_column][\/vc_row][vc_row][vc_column][vc_empty_space height=&#8221;50px&#8221;][\/vc_column][\/vc_row][vc_row full_width=&#8221;stretch_row_content&#8221; margin_top=&#8221;30px&#8221; type=&#8221;2&#8243; el_class=&#8221;pagina-pre&#8221;][vc_column width=&#8221;1\/6&#8243;][\/vc_column][vc_column width=&#8221;4\/6&#8243; el_class=&#8221;pagina-pre&#8221;][vc_row_inner equal_height=&#8221;yes&#8221;][vc_column_inner el_class=&#8221;pagina&#8221; width=&#8221;1\/3&#8243; css=&#8221;.vc_custom_1681747100393{background: #ffffff url(https:\/\/posadalosalamos.com\/wp-content\/uploads\/2020\/09\/minitrekking.jpg?id=5845) !important;background-position: center !important;background-repeat: no-repeat !important;background-size: cover !important;}&#8221; offset=&#8221;vc_hidden-sm vc_hidden-xs&#8221;][vc_empty_space height=&#8221;300px&#8221;][\/vc_column_inner][vc_column_inner width=&#8221;2\/3&#8243; css=&#8221;.vc_custom_1601346656917{background-color: #ffffff !important;}&#8221;][vc_column_text css_animation=&#8221;fadeInDown&#8221; css=&#8221;.vc_custom_1682088539108{padding-top: 30px !important;padding-right: 30px !important;padding-bottom: 30px !important;padding-left: 30px !important;background-color: #ffffff !important;}&#8221;]<\/p>\n<h2><span style=\"font-weight: 400;\">MINITREKKING NA GELEIRA PERITO MORENO<\/span><\/h2>\n<h6><span style=\"font-weight: 400;\">Desde agosto at\u00e9 fim de maio.<\/span><\/h6>\n<p><span style=\"font-weight: 400;\">Depois de fazer um trajeto de 70km at\u00e9 o Porto Bajo Las Sombras, v\u00e3o embarcar para atravessar o Bra\u00e7o Rico do Lago Argentino. Do outro lado aguardam os guias de trekking e come\u00e7am uma caminhada de 40 minutos pela floresta at\u00e9 a base da geleira onda colocam os crampons para caminhar no gelo por quase 2 horas.<\/span><\/p>\n<p><span style=\"font-weight: 400;\">Quando voltar, tem tempo livre para almo\u00e7ar e visitar as &#8220;passarelas&#8221; ou mirantes na frente da geleira (1 hora).<\/span><\/p>\n<p><span style=\"font-weight: 400;\">Tem que levar lanche, cal\u00e7ado esportivo, roupas quentes e filtro solar.<\/span><\/p>\n<p><span style=\"font-weight: 400;\">A partir dos 8 anos at\u00e9 65.<\/span><\/p>\n<p><span style=\"font-weight: 400;\">Menores de 8 at\u00e9 15 anos pagam traslado completo e tem 20% desconto no passeio.<\/span><\/p>\n<p><strong>N\u00e3o podem faz\u00ea-lo gr\u00e1vidas, card\u00edacos e pessoas com dificuldades motoras.<\/strong>[\/vc_column_text][vc_btn title=&#8221;CONSULTAR&#8221; color=&#8221;default&#8221; css_animation=&#8221;fadeInUp&#8221; link=&#8221;url:http%3A%2F%2Fposadalosalamos.com%2Fpt-br%2Fcontato|title:Contacto|target:%20_blank|&#8221; el_class=&#8221;boton&#8221;][vc_empty_space height=&#8221;22px&#8221;][\/vc_column_inner][\/vc_row_inner][\/vc_column][vc_column width=&#8221;1\/6&#8243;][\/vc_column][\/vc_row][vc_row][vc_column][vc_empty_space height=&#8221;52px&#8221;][\/vc_column][\/vc_row][vc_row][vc_column][\/vc_column][\/vc_row]<\/p>\n<\/section>","protected":false},"excerpt":{"rendered":"<p>[vc_row css=&#8221;.vc_custom_1681746928632{margin-top: -100px !important;}&#8221;][vc_column][vc_empty_space][\/vc_column][\/vc_row][vc_row full_width=&#8221;stretch_row_content&#8221; margin_top=&#8221;-65px&#8221; type=&#8221;2&#8243; el_class=&#8221;pagina-pre&#8221;][vc_column width=&#8221;1\/6&#8243;][\/vc_column][vc_column width=&#8221;4\/6&#8243; el_class=&#8221;pagina-pre&#8221;][vc_row_inner equal_height=&#8221;yes&#8221;][vc_column_inner el_class=&#8221;pagina&#8221; width=&#8221;2\/3&#8243; css=&#8221;.vc_custom_1599695027397{background-color: #ffffff !important;}&#8221;][vc_column_text css_animation=&#8221;fadeInDown&#8221; css=&#8221;.vc_custom_1682088425062{padding-top: 30px !important;padding-right: 30px !important;padding-bottom: 30px !important;padding-left: 30px !important;background-color: #ffffff !important;}&#8221;] GELEIRA PERITO MORENO O dia inteiro A geleira fica a 80km da cidade. O ingresso ao parque a 48km. Ali \u00e1 esquerda come\u00e7amos ver o Bra\u00e7o [&hellip;]<\/p>\n","protected":false},"author":8,"featured_media":0,"parent":0,"menu_order":0,"comment_status":"closed","ping_status":"closed","template":"","meta":{"site-sidebar-layout":"no-sidebar","site-content-layout":"plain-container","ast-site-content-layout":"default","site-content-style":"default","site-sidebar-style":"default","ast-global-header-display":"","ast-banner-title-visibility":"","ast-main-header-display":"","ast-hfb-above-header-display":"","ast-hfb-below-header-display":"","ast-hfb-mobile-header-display":"","site-post-title":"disabled","ast-breadcrumbs-content":"","ast-featured-img":"disabled","footer-sml-layout":"","ast-disable-related-posts":"","theme-transparent-header-meta":"default","adv-header-id-meta":"","stick-header-meta":"default","header-above-stick-meta":"","header-main-stick-meta":"","header-below-stick-meta":"","astra-migrate-meta-layouts":"default","ast-page-background-enabled":"default","ast-page-background-meta":{"desktop":{"background-color":"var(--ast-global-color-4)","background-image":"","background-repeat":"repeat","background-position":"center center","background-size":"auto","background-attachment":"scroll","background-type":"","background-media":"","overlay-type":"","overlay-color":"","overlay-opacity":"","overlay-gradient":""},"tablet":{"background-color":"","background-image":"","background-repeat":"repeat","background-position":"center center","background-size":"auto","background-attachment":"scroll","background-type":"","background-media":"","overlay-type":"","overlay-color":"","overlay-opacity":"","overlay-gradient":""},"mobile":{"background-color":"","background-image":"","background-repeat":"repeat","background-position":"center center","background-size":"auto","background-attachment":"scroll","background-type":"","background-media":"","overlay-type":"","overlay-color":"","overlay-opacity":"","overlay-gradient":""}},"ast-content-background-meta":{"desktop":{"background-color":"var(--ast-global-color-5)","background-image":"","background-repeat":"repeat","background-position":"center center","background-size":"auto","background-attachment":"scroll","background-type":"","background-media":"","overlay-type":"","overlay-color":"","overlay-opacity":"","overlay-gradient":""},"tablet":{"background-color":"var(--ast-global-color-5)","background-image":"","background-repeat":"repeat","background-position":"center center","background-size":"auto","background-attachment":"scroll","background-type":"","background-media":"","overlay-type":"","overlay-color":"","overlay-opacity":"","overlay-gradient":""},"mobile":{"background-color":"var(--ast-global-color-5)","background-image":"","background-repeat":"repeat","background-position":"center center","background-size":"auto","background-attachment":"scroll","background-type":"","background-media":"","overlay-type":"","overlay-color":"","overlay-opacity":"","overlay-gradient":""}},"footnotes":""},"class_list":["post-6488","page","type-page","status-publish","hentry"],"yoast_head":"<!-- This site is optimized with the Yoast SEO plugin v27.3 - https:\/\/yoast.com\/product\/yoast-seo-wordpress\/ -->\n<title>Passeios - Posada Los \u00c1lamos<\/title>\n<meta name=\"robots\" content=\"index, follow, max-snippet:-1, max-image-preview:large, max-video-preview:-1\" \/>\n<link rel=\"canonical\" href=\"https:\/\/posadalosalamos.com\/pt-br\/passeios\/\" \/>\n<meta property=\"og:locale\" content=\"pt_BR\" \/>\n<meta property=\"og:type\" content=\"article\" \/>\n<meta property=\"og:title\" content=\"Passeios - Posada Los \u00c1lamos\" \/>\n<meta property=\"og:description\" content=\"[vc_row css=&#8221;.vc_custom_1681746928632{margin-top: -100px !important;}&#8221;][vc_column][vc_empty_space][\/vc_column][\/vc_row][vc_row full_width=&#8221;stretch_row_content&#8221; margin_top=&#8221;-65px&#8221; type=&#8221;2&#8243; el_class=&#8221;pagina-pre&#8221;][vc_column width=&#8221;1\/6&#8243;][\/vc_column][vc_column width=&#8221;4\/6&#8243; el_class=&#8221;pagina-pre&#8221;][vc_row_inner equal_height=&#8221;yes&#8221;][vc_column_inner el_class=&#8221;pagina&#8221; width=&#8221;2\/3&#8243; css=&#8221;.vc_custom_1599695027397{background-color: #ffffff !important;}&#8221;][vc_column_text css_animation=&#8221;fadeInDown&#8221; css=&#8221;.vc_custom_1682088425062{padding-top: 30px !important;padding-right: 30px !important;padding-bottom: 30px !important;padding-left: 30px !important;background-color: #ffffff !important;}&#8221;] GELEIRA PERITO MORENO O dia inteiro A geleira fica a 80km da cidade. O ingresso ao parque a 48km. Ali \u00e1 esquerda come\u00e7amos ver o Bra\u00e7o [&hellip;]\" \/>\n<meta property=\"og:url\" content=\"https:\/\/posadalosalamos.com\/pt-br\/passeios\/\" \/>\n<meta property=\"og:site_name\" content=\"Posada Los \u00c1lamos\" \/>\n<meta property=\"article:modified_time\" content=\"2023-04-21T14:54:12+00:00\" \/>\n<meta property=\"og:image\" content=\"https:\/\/posadalosalamos.com\/wp-content\/uploads\/2020\/08\/logo-2.png\" \/>\n\t<meta property=\"og:image:width\" content=\"130\" \/>\n\t<meta property=\"og:image:height\" content=\"100\" \/>\n\t<meta property=\"og:image:type\" content=\"image\/png\" \/>\n<meta name=\"twitter:card\" content=\"summary_large_image\" \/>\n<meta name=\"twitter:label1\" content=\"Est. tempo de leitura\" \/>\n\t<meta name=\"twitter:data1\" content=\"5 minutos\" \/>\n<script type=\"application\/ld+json\" class=\"yoast-schema-graph\">{\"@context\":\"https:\\\/\\\/schema.org\",\"@graph\":[{\"@type\":\"WebPage\",\"@id\":\"https:\\\/\\\/posadalosalamos.com\\\/pt-br\\\/passeios\\\/\",\"url\":\"https:\\\/\\\/posadalosalamos.com\\\/pt-br\\\/passeios\\\/\",\"name\":\"Passeios - Posada Los \u00c1lamos\",\"isPartOf\":{\"@id\":\"https:\\\/\\\/posadalosalamos.com\\\/#website\"},\"datePublished\":\"2020-09-29T01:55:07+00:00\",\"dateModified\":\"2023-04-21T14:54:12+00:00\",\"breadcrumb\":{\"@id\":\"https:\\\/\\\/posadalosalamos.com\\\/pt-br\\\/passeios\\\/#breadcrumb\"},\"inLanguage\":\"pt-BR\",\"potentialAction\":[{\"@type\":\"ReadAction\",\"target\":[\"https:\\\/\\\/posadalosalamos.com\\\/pt-br\\\/passeios\\\/\"]}]},{\"@type\":\"BreadcrumbList\",\"@id\":\"https:\\\/\\\/posadalosalamos.com\\\/pt-br\\\/passeios\\\/#breadcrumb\",\"itemListElement\":[{\"@type\":\"ListItem\",\"position\":1,\"name\":\"Portada\",\"item\":\"https:\\\/\\\/posadalosalamos.com\\\/pt-br\\\/\"},{\"@type\":\"ListItem\",\"position\":2,\"name\":\"Passeios\"}]},{\"@type\":\"WebSite\",\"@id\":\"https:\\\/\\\/posadalosalamos.com\\\/#website\",\"url\":\"https:\\\/\\\/posadalosalamos.com\\\/\",\"name\":\"Posada Los \u00c1lamos\",\"description\":\"El Calafate, Patagonia, Argentina\",\"publisher\":{\"@id\":\"https:\\\/\\\/posadalosalamos.com\\\/#organization\"},\"alternateName\":\"Los \u00c1lamos\",\"potentialAction\":[{\"@type\":\"SearchAction\",\"target\":{\"@type\":\"EntryPoint\",\"urlTemplate\":\"https:\\\/\\\/posadalosalamos.com\\\/?s={search_term_string}\"},\"query-input\":{\"@type\":\"PropertyValueSpecification\",\"valueRequired\":true,\"valueName\":\"search_term_string\"}}],\"inLanguage\":\"pt-BR\"},{\"@type\":\"Organization\",\"@id\":\"https:\\\/\\\/posadalosalamos.com\\\/#organization\",\"name\":\"Hotel Posada Los \u00c1lamos\",\"url\":\"https:\\\/\\\/posadalosalamos.com\\\/\",\"logo\":{\"@type\":\"ImageObject\",\"inLanguage\":\"pt-BR\",\"@id\":\"https:\\\/\\\/posadalosalamos.com\\\/#\\\/schema\\\/logo\\\/image\\\/\",\"url\":\"https:\\\/\\\/posadalosalamos.com\\\/wp-content\\\/uploads\\\/2023\\\/04\\\/LOS-ALAMOS-logo-min.png\",\"contentUrl\":\"https:\\\/\\\/posadalosalamos.com\\\/wp-content\\\/uploads\\\/2023\\\/04\\\/LOS-ALAMOS-logo-min.png\",\"width\":1216,\"height\":853,\"caption\":\"Hotel Posada Los \u00c1lamos\"},\"image\":{\"@id\":\"https:\\\/\\\/posadalosalamos.com\\\/#\\\/schema\\\/logo\\\/image\\\/\"}}]}<\/script>\n<!-- \/ Yoast SEO plugin. -->","yoast_head_json":{"title":"Passeios - Posada Los \u00c1lamos","robots":{"index":"index","follow":"follow","max-snippet":"max-snippet:-1","max-image-preview":"max-image-preview:large","max-video-preview":"max-video-preview:-1"},"canonical":"https:\/\/posadalosalamos.com\/pt-br\/passeios\/","og_locale":"pt_BR","og_type":"article","og_title":"Passeios - Posada Los \u00c1lamos","og_description":"[vc_row css=&#8221;.vc_custom_1681746928632{margin-top: -100px !important;}&#8221;][vc_column][vc_empty_space][\/vc_column][\/vc_row][vc_row full_width=&#8221;stretch_row_content&#8221; margin_top=&#8221;-65px&#8221; type=&#8221;2&#8243; el_class=&#8221;pagina-pre&#8221;][vc_column width=&#8221;1\/6&#8243;][\/vc_column][vc_column width=&#8221;4\/6&#8243; el_class=&#8221;pagina-pre&#8221;][vc_row_inner equal_height=&#8221;yes&#8221;][vc_column_inner el_class=&#8221;pagina&#8221; width=&#8221;2\/3&#8243; css=&#8221;.vc_custom_1599695027397{background-color: #ffffff !important;}&#8221;][vc_column_text css_animation=&#8221;fadeInDown&#8221; css=&#8221;.vc_custom_1682088425062{padding-top: 30px !important;padding-right: 30px !important;padding-bottom: 30px !important;padding-left: 30px !important;background-color: #ffffff !important;}&#8221;] GELEIRA PERITO MORENO O dia inteiro A geleira fica a 80km da cidade. O ingresso ao parque a 48km. Ali \u00e1 esquerda come\u00e7amos ver o Bra\u00e7o [&hellip;]","og_url":"https:\/\/posadalosalamos.com\/pt-br\/passeios\/","og_site_name":"Posada Los \u00c1lamos","article_modified_time":"2023-04-21T14:54:12+00:00","og_image":[{"width":130,"height":100,"url":"https:\/\/posadalosalamos.com\/wp-content\/uploads\/2020\/08\/logo-2.png","type":"image\/png"}],"twitter_card":"summary_large_image","twitter_misc":{"Est. tempo de leitura":"5 minutos"},"schema":{"@context":"https:\/\/schema.org","@graph":[{"@type":"WebPage","@id":"https:\/\/posadalosalamos.com\/pt-br\/passeios\/","url":"https:\/\/posadalosalamos.com\/pt-br\/passeios\/","name":"Passeios - Posada Los \u00c1lamos","isPartOf":{"@id":"https:\/\/posadalosalamos.com\/#website"},"datePublished":"2020-09-29T01:55:07+00:00","dateModified":"2023-04-21T14:54:12+00:00","breadcrumb":{"@id":"https:\/\/posadalosalamos.com\/pt-br\/passeios\/#breadcrumb"},"inLanguage":"pt-BR","potentialAction":[{"@type":"ReadAction","target":["https:\/\/posadalosalamos.com\/pt-br\/passeios\/"]}]},{"@type":"BreadcrumbList","@id":"https:\/\/posadalosalamos.com\/pt-br\/passeios\/#breadcrumb","itemListElement":[{"@type":"ListItem","position":1,"name":"Portada","item":"https:\/\/posadalosalamos.com\/pt-br\/"},{"@type":"ListItem","position":2,"name":"Passeios"}]},{"@type":"WebSite","@id":"https:\/\/posadalosalamos.com\/#website","url":"https:\/\/posadalosalamos.com\/","name":"Posada Los \u00c1lamos","description":"El Calafate, Patagonia, Argentina","publisher":{"@id":"https:\/\/posadalosalamos.com\/#organization"},"alternateName":"Los \u00c1lamos","potentialAction":[{"@type":"SearchAction","target":{"@type":"EntryPoint","urlTemplate":"https:\/\/posadalosalamos.com\/?s={search_term_string}"},"query-input":{"@type":"PropertyValueSpecification","valueRequired":true,"valueName":"search_term_string"}}],"inLanguage":"pt-BR"},{"@type":"Organization","@id":"https:\/\/posadalosalamos.com\/#organization","name":"Hotel Posada Los \u00c1lamos","url":"https:\/\/posadalosalamos.com\/","logo":{"@type":"ImageObject","inLanguage":"pt-BR","@id":"https:\/\/posadalosalamos.com\/#\/schema\/logo\/image\/","url":"https:\/\/posadalosalamos.com\/wp-content\/uploads\/2023\/04\/LOS-ALAMOS-logo-min.png","contentUrl":"https:\/\/posadalosalamos.com\/wp-content\/uploads\/2023\/04\/LOS-ALAMOS-logo-min.png","width":1216,"height":853,"caption":"Hotel Posada Los \u00c1lamos"},"image":{"@id":"https:\/\/posadalosalamos.com\/#\/schema\/logo\/image\/"}}]}},"_links":{"self":[{"href":"https:\/\/posadalosalamos.com\/pt-br\/wp-json\/wp\/v2\/pages\/6488","targetHints":{"allow":["GET"]}}],"collection":[{"href":"https:\/\/posadalosalamos.com\/pt-br\/wp-json\/wp\/v2\/pages"}],"about":[{"href":"https:\/\/posadalosalamos.com\/pt-br\/wp-json\/wp\/v2\/types\/page"}],"author":[{"embeddable":true,"href":"https:\/\/posadalosalamos.com\/pt-br\/wp-json\/wp\/v2\/users\/8"}],"replies":[{"embeddable":true,"href":"https:\/\/posadalosalamos.com\/pt-br\/wp-json\/wp\/v2\/comments?post=6488"}],"version-history":[{"count":4,"href":"https:\/\/posadalosalamos.com\/pt-br\/wp-json\/wp\/v2\/pages\/6488\/revisions"}],"predecessor-version":[{"id":6489,"href":"https:\/\/posadalosalamos.com\/pt-br\/wp-json\/wp\/v2\/pages\/6488\/revisions\/6489"}],"wp:attachment":[{"href":"https:\/\/posadalosalamos.com\/pt-br\/wp-json\/wp\/v2\/media?parent=6488"}],"curies":[{"name":"wp","href":"https:\/\/api.w.org\/{rel}","templated":true}]}}